{"id":2433,"date":"2023-11-26T02:19:59","date_gmt":"2023-11-26T01:19:59","guid":{"rendered":"https:\/\/swiss-hookah.ch\/?post_type=product&#038;p=2433"},"modified":"2025-06-18T01:59:23","modified_gmt":"2025-06-17T23:59:23","slug":"e-liquide-muscovado","status":"publish","type":"product","link":"https:\/\/swiss-hookah.ch\/de\/product\/e-liquide-muscovado\/","title":{"rendered":"E-LIQUID MUSCOVADO - FLAVOR HIT | 50ML"},"content":{"rendered":"<p>Entdecken Sie Ihre Abenteurerseele wieder mit der Fl\u00fcssigkeit Muscavado, made in France von\u00a0<strong>Flavor Hit<\/strong>. Versetzen Sie sich in die Rolle von Blackbeard, hissen Sie die schwarze Flagge, spannen Sie die Kanonen, lassen Sie uns diese Galeone pl\u00fcndern, um dann im Rausch zu schlemmen und die Freuden des Chai zu genie\u00dfen ... verzeihen Sie mir, ich \u00fcbertreibe. Kommen wir zur\u00fcck zum Thema.<\/p>\n<p>Die Fl\u00fcssigkeit Muscavado also, 50 ml, die einen Cocktail anbietet, der so explosiv wie Schie\u00dfpulver ist und nach der Karibik des 17\u1d49 Jahrhunderts riecht mit seinem <strong>Rum<\/strong> arrangiert \u00e0 la <strong>Vanille<\/strong> und sein <strong>blonder Tabak<\/strong> subtil.<\/p>\n<p>60ml-Flasche mit 50ml Fl\u00fcssigkeit in geboosteten Aromen im Inneren. Mit Nikotinboostern zu verd\u00fcnnen, um die gew\u00fcnschte Dosis zu erhalten. <strong>W\u00e4hlen Sie Ihren Nikotingehalt, um ein dampfbereites Liquid zu erhalten (bis 3mg kostenlos)!<\/strong><\/p>\n<p>PG\/VG-Verh\u00e4ltnis: 50\/50<\/p>\n<p>.<\/p>","protected":false},"excerpt":{"rendered":"<p><span class=\"value\">50 ml 50<\/span><span class=\"value\"> PG &#8211; 50 VG gourmand Le liquide Muscavado donc, 50 ml offrant un cocktail \u00a0avec son <strong>Rum<\/strong> arrangiert \u00e0 la <strong>Vanille<\/strong> und sein <strong>blonder Tabak<\/strong> subtil.<\/span><\/p>","protected":false},"featured_media":2443,"comment_status":"open","ping_status":"closed","template":"","meta":{"om_disable_all_campaigns":false,"_monsterinsights_skip_tracking":false,"_monsterinsights_sitenote_active":false,"_monsterinsights_sitenote_note":"","_monsterinsights_sitenote_category":0,"jetpack_publicize_message":"","jetpack_publicize_feature_enabled":true,"jetpack_social_post_already_shared":true,"jetpack_social_options":{"image_generator_settings":{"template":"highway","enabled":false},"version":2}},"product_brand":[],"product_cat":[59],"product_tag":[],"class_list":{"0":"post-2433","1":"product","2":"type-product","3":"status-publish","4":"has-post-thumbnail","6":"product_cat-a-liquide-gourmand","8":"first","9":"instock","10":"shipping-taxable","11":"purchasable","12":"product-type-variable"},"jetpack_publicize_connections":[],"aioseo_notices":[],"jetpack_sharing_enabled":true,"_links":{"self":[{"href":"https:\/\/swiss-hookah.ch\/de\/wp-json\/wp\/v2\/product\/2433","targetHints":{"allow":["GET"]}}],"collection":[{"href":"https:\/\/swiss-hookah.ch\/de\/wp-json\/wp\/v2\/product"}],"about":[{"href":"https:\/\/swiss-hookah.ch\/de\/wp-json\/wp\/v2\/types\/product"}],"replies":[{"embeddable":true,"href":"https:\/\/swiss-hookah.ch\/de\/wp-json\/wp\/v2\/comments?post=2433"}],"wp:featuredmedia":[{"embeddable":true,"href":"https:\/\/swiss-hookah.ch\/de\/wp-json\/wp\/v2\/media\/2443"}],"wp:attachment":[{"href":"https:\/\/swiss-hookah.ch\/de\/wp-json\/wp\/v2\/media?parent=2433"}],"wp:term":[{"taxonomy":"product_brand","embeddable":true,"href":"https:\/\/swiss-hookah.ch\/de\/wp-json\/wp\/v2\/product_brand?post=2433"},{"taxonomy":"product_cat","embeddable":true,"href":"https:\/\/swiss-hookah.ch\/de\/wp-json\/wp\/v2\/product_cat?post=2433"},{"taxonomy":"product_tag","embeddable":true,"href":"https:\/\/swiss-hookah.ch\/de\/wp-json\/wp\/v2\/product_tag?post=2433"}],"curies":[{"name":"wp","href":"https:\/\/api.w.org\/{rel}","templated":true}]}}