{"id":2422,"date":"2023-11-26T02:16:10","date_gmt":"2023-11-26T01:16:10","guid":{"rendered":"https:\/\/swiss-hookah.ch\/?post_type=product&#038;p=2422"},"modified":"2025-06-18T02:03:50","modified_gmt":"2025-06-18T00:03:50","slug":"e-liquide-solo","status":"publish","type":"product","link":"https:\/\/swiss-hookah.ch\/de\/product\/e-liquide-solo\/","title":{"rendered":"SOLO (MENTHOL BLEND) E-LIQUID - BLACK NOTE | 40 ML"},"content":{"rendered":"<p>Wenn Sie auf der Suche nach einem authentischen klassischen Dampferlebnis sind, k\u00f6nnen Sie sich auf <strong>Black Note<\/strong>. Entdecken Sie eine Reihe von Liquids mit 100 % nat\u00fcrlichen Aromen, die aus einem Mazerat aus echten Tabakbl\u00e4ttern hergestellt werden. Black Note Liquids sind frei von synthetischen Aromen und Zusatzstoffen, so dass Sie einen gesunden Dampf und einen unvergleichlich authentischen Geschmack genie\u00dfen k\u00f6nnen.<\/p>\n<p>Diese Fl\u00fcssigkeit <strong>Solo<\/strong>\u00a0zum Geschmack <strong>klassisch minzig<\/strong>wird aus einem <strong>Mazerat aus Orientalischem Tabak<\/strong> und echten Pfefferminzbl\u00e4ttern, um ein zartes Gef\u00fchl von Frische zu erzeugen. Diese Kombination sorgt f\u00fcr ein frisches und s\u00fc\u00dfes Erlebnis, das man jederzeit genie\u00dfen kann.<\/p>\n<p>60ml-Flasche mit 40ml Fl\u00fcssigkeit in geboosteten Aromen im Inneren. Mit Nikotinboostern zu verd\u00fcnnen, um die gew\u00fcnschte Dosis zu erhalten. <strong>W\u00e4hlen Sie Ihren Nikotingehalt, um ein dampfbereites Liquid zu erhalten (bis 3mg kostenlos)!<\/strong><\/p>\n<p>PG\/VG-Verh\u00e4ltnis: 50\/50<\/p>\n<p>.<\/p>","protected":false},"excerpt":{"rendered":"<p><span class=\"value\">40 ml 50<\/span><span class=\"value\"> PG &#8211; 50 VG gourmand Ce liquide <strong>Solo<\/strong>\u00a0zum Geschmack <strong>klassisch minzig<\/strong>wird aus einem <strong>Mazerat aus Orientalischem Tabak<\/strong> auquel ont \u00e9t\u00e9 ajout\u00e9es de v\u00e9ritables feuilles de menthe poivr\u00e9e<\/span><\/p>","protected":false},"featured_media":2432,"comment_status":"open","ping_status":"closed","template":"","meta":{"om_disable_all_campaigns":false,"_monsterinsights_skip_tracking":false,"_monsterinsights_sitenote_active":false,"_monsterinsights_sitenote_note":"","_monsterinsights_sitenote_category":0,"jetpack_publicize_message":"","jetpack_publicize_feature_enabled":true,"jetpack_social_post_already_shared":true,"jetpack_social_options":{"image_generator_settings":{"template":"highway","enabled":false},"version":2}},"product_brand":[],"product_cat":[59],"product_tag":[],"class_list":{"0":"post-2422","1":"product","2":"type-product","3":"status-publish","4":"has-post-thumbnail","6":"product_cat-a-liquide-gourmand","8":"first","9":"instock","10":"shipping-taxable","11":"purchasable","12":"product-type-variable"},"jetpack_publicize_connections":[],"aioseo_notices":[],"jetpack_sharing_enabled":true,"_links":{"self":[{"href":"https:\/\/swiss-hookah.ch\/de\/wp-json\/wp\/v2\/product\/2422","targetHints":{"allow":["GET"]}}],"collection":[{"href":"https:\/\/swiss-hookah.ch\/de\/wp-json\/wp\/v2\/product"}],"about":[{"href":"https:\/\/swiss-hookah.ch\/de\/wp-json\/wp\/v2\/types\/product"}],"replies":[{"embeddable":true,"href":"https:\/\/swiss-hookah.ch\/de\/wp-json\/wp\/v2\/comments?post=2422"}],"wp:featuredmedia":[{"embeddable":true,"href":"https:\/\/swiss-hookah.ch\/de\/wp-json\/wp\/v2\/media\/2432"}],"wp:attachment":[{"href":"https:\/\/swiss-hookah.ch\/de\/wp-json\/wp\/v2\/media?parent=2422"}],"wp:term":[{"taxonomy":"product_brand","embeddable":true,"href":"https:\/\/swiss-hookah.ch\/de\/wp-json\/wp\/v2\/product_brand?post=2422"},{"taxonomy":"product_cat","embeddable":true,"href":"https:\/\/swiss-hookah.ch\/de\/wp-json\/wp\/v2\/product_cat?post=2422"},{"taxonomy":"product_tag","embeddable":true,"href":"https:\/\/swiss-hookah.ch\/de\/wp-json\/wp\/v2\/product_tag?post=2422"}],"curies":[{"name":"wp","href":"https:\/\/api.w.org\/{rel}","templated":true}]}}