{"id":2411,"date":"2023-11-26T02:06:49","date_gmt":"2023-11-26T01:06:49","guid":{"rendered":"https:\/\/swiss-hookah.ch\/?post_type=product&#038;p=2411"},"modified":"2026-04-06T22:18:50","modified_gmt":"2026-04-06T20:18:50","slug":"eliquide-jackass-1","status":"publish","type":"product","link":"https:\/\/swiss-hookah.ch\/de\/product\/eliquide-jackass-1\/","title":{"rendered":"ELIQUID JACKASS 1 - GODZILLA JUICE - OP JUICE BY FCUKIN' FLAVA | 50ML"},"content":{"rendered":"<p>Entdecken Sie die Produktreihe Godzilla Juice, die von den Malaysiern von Fcukin' Flava kreiert wurde! Lassen Sie sich \u00fcberraschen von<strong> Jackfrucht<\/strong>direkt aus Asien. Im Mund ist es eine unglaubliche Fruchtexplosion, die oft auf eine Mischung aus \u00e4hnlichen Fr\u00fcchten wie Apfel, Banane, Ananas und Mango zur\u00fcckgef\u00fchrt wird. Ein wahrer Mix aus exotischen Fr\u00fcchten, die in einer einzigen Frucht kombiniert werden.<\/p>\n<p>Sein Rezept ist perfekt f\u00fcr Liebhaber fruchtiger Liquids, die den frischen Abgang lieben, den die Malaysier so gut beherrschen. The Jackass 1 wird Sie mit seinen s\u00fc\u00dfen Aromen verzaubern.<\/p>\n<p>60ml-Flasche mit 50ml Fl\u00fcssigkeit in geboosteten Aromen im Inneren. Mit Nikotinboostern zu verd\u00fcnnen, um die gew\u00fcnschte Dosis zu erhalten. <strong>W\u00e4hlen Sie Ihren Nikotingehalt, um ein dampfbereites Liquid zu erhalten (bis 3mg kostenlos)!<\/strong><\/p>\n<p>PG\/VG-Verh\u00e4ltnis: 30\/70<\/p>\n<p>.<\/p>","protected":false},"excerpt":{"rendered":"<p><span class=\"value\">50 ml 30<\/span><span class=\"value\"> PG &#8211; 70 VG D\u00e9couvrez la gamme\u00a0Godzilla Juice cr\u00e9\u00e9e par les malaisiens de chez\u00a0Fcukin&rsquo; Flava ! Laissez vous surprendre par le<strong> Jackfrucht<\/strong><\/span><\/p>","protected":false},"featured_media":2421,"comment_status":"open","ping_status":"closed","template":"","meta":{"om_disable_all_campaigns":false,"_monsterinsights_skip_tracking":false,"_monsterinsights_sitenote_active":false,"_monsterinsights_sitenote_note":"","_monsterinsights_sitenote_category":0,"jetpack_publicize_message":"","jetpack_publicize_feature_enabled":true,"jetpack_social_post_already_shared":true,"jetpack_social_options":{"image_generator_settings":{"template":"highway","enabled":false},"version":2}},"product_brand":[],"product_cat":[53],"product_tag":[],"class_list":{"0":"post-2411","1":"product","2":"type-product","3":"status-publish","4":"has-post-thumbnail","6":"product_cat-e-liquids","8":"first","9":"outofstock","10":"shipping-taxable","11":"purchasable","12":"product-type-variable"},"jetpack_publicize_connections":[],"aioseo_notices":[],"jetpack_sharing_enabled":true,"_links":{"self":[{"href":"https:\/\/swiss-hookah.ch\/de\/wp-json\/wp\/v2\/product\/2411","targetHints":{"allow":["GET"]}}],"collection":[{"href":"https:\/\/swiss-hookah.ch\/de\/wp-json\/wp\/v2\/product"}],"about":[{"href":"https:\/\/swiss-hookah.ch\/de\/wp-json\/wp\/v2\/types\/product"}],"replies":[{"embeddable":true,"href":"https:\/\/swiss-hookah.ch\/de\/wp-json\/wp\/v2\/comments?post=2411"}],"wp:featuredmedia":[{"embeddable":true,"href":"https:\/\/swiss-hookah.ch\/de\/wp-json\/wp\/v2\/media\/2421"}],"wp:attachment":[{"href":"https:\/\/swiss-hookah.ch\/de\/wp-json\/wp\/v2\/media?parent=2411"}],"wp:term":[{"taxonomy":"product_brand","embeddable":true,"href":"https:\/\/swiss-hookah.ch\/de\/wp-json\/wp\/v2\/product_brand?post=2411"},{"taxonomy":"product_cat","embeddable":true,"href":"https:\/\/swiss-hookah.ch\/de\/wp-json\/wp\/v2\/product_cat?post=2411"},{"taxonomy":"product_tag","embeddable":true,"href":"https:\/\/swiss-hookah.ch\/de\/wp-json\/wp\/v2\/product_tag?post=2411"}],"curies":[{"name":"wp","href":"https:\/\/api.w.org\/{rel}","templated":true}]}}