{"id":2400,"date":"2023-11-26T02:00:16","date_gmt":"2023-11-26T01:00:16","guid":{"rendered":"https:\/\/swiss-hookah.ch\/?post_type=product&#038;p=2400"},"modified":"2025-06-18T02:05:30","modified_gmt":"2025-06-18T00:05:30","slug":"eliquide-calamity","status":"publish","type":"product","link":"https:\/\/swiss-hookah.ch\/de\/product\/eliquide-calamity\/","title":{"rendered":"CALAMITY JANE LIQUID - DEAD OR ALIVE BY O'JLAB | 50ML"},"content":{"rendered":"<p>Machen Sie sich auf in den Wilden Westen Amerikas, inmitten von Cowboys, mit den Liquids shortfill 50 ml aus der Reihe Dead or Alive by O'Jlab. Diese Juices mit Tabakgeschmack (Classic) m\u00fcssen Sie unbedingt kennenlernen!<\/p>\n<p>Calamity Jane lie\u00df sich von der ber\u00fchmten Pionierin der Eroberung des Westens inspirieren. Was ist das Ergebnis? Ein Saft mit dem Geschmack<strong> fruchtiger Tabak<\/strong> mit <strong>Tabakaromen<\/strong> (classic) begleitet von <strong>rote Kirsche<\/strong> und <strong>Schwarzkirsche<\/strong>.<\/p>\n<p>60ml-Flasche mit 50ml Fl\u00fcssigkeit in geboosteten Aromen im Inneren. Mit Nikotinboostern zu verd\u00fcnnen, um die gew\u00fcnschte Dosis zu erhalten. <strong>W\u00e4hlen Sie Ihren Nikotingehalt, um ein dampfbereites Liquid zu erhalten (bis 3mg kostenlos)!<\/strong><\/p>\n<p>PG\/VG-Verh\u00e4ltnis: 50\/50<\/p>\n<p>.<\/p>","protected":false},"excerpt":{"rendered":"<p><span class=\"value\">50 ml 50<\/span><span class=\"value\">\u00a0PG &#8211; 50 VG gourmand ELIQUIDE CALAMITY JANE &#8211; DEAD OR ALIVE BY O&rsquo;JLAB<\/span><\/p>","protected":false},"featured_media":2410,"comment_status":"open","ping_status":"closed","template":"","meta":{"om_disable_all_campaigns":false,"_monsterinsights_skip_tracking":false,"_monsterinsights_sitenote_active":false,"_monsterinsights_sitenote_note":"","_monsterinsights_sitenote_category":0,"jetpack_publicize_message":"","jetpack_publicize_feature_enabled":true,"jetpack_social_post_already_shared":true,"jetpack_social_options":{"image_generator_settings":{"template":"highway","enabled":false},"version":2}},"product_brand":[],"product_cat":[59],"product_tag":[],"class_list":{"0":"post-2400","1":"product","2":"type-product","3":"status-publish","4":"has-post-thumbnail","6":"product_cat-a-liquide-gourmand","8":"first","9":"outofstock","10":"shipping-taxable","11":"purchasable","12":"product-type-variable"},"jetpack_publicize_connections":[],"aioseo_notices":[],"jetpack_sharing_enabled":true,"_links":{"self":[{"href":"https:\/\/swiss-hookah.ch\/de\/wp-json\/wp\/v2\/product\/2400","targetHints":{"allow":["GET"]}}],"collection":[{"href":"https:\/\/swiss-hookah.ch\/de\/wp-json\/wp\/v2\/product"}],"about":[{"href":"https:\/\/swiss-hookah.ch\/de\/wp-json\/wp\/v2\/types\/product"}],"replies":[{"embeddable":true,"href":"https:\/\/swiss-hookah.ch\/de\/wp-json\/wp\/v2\/comments?post=2400"}],"wp:featuredmedia":[{"embeddable":true,"href":"https:\/\/swiss-hookah.ch\/de\/wp-json\/wp\/v2\/media\/2410"}],"wp:attachment":[{"href":"https:\/\/swiss-hookah.ch\/de\/wp-json\/wp\/v2\/media?parent=2400"}],"wp:term":[{"taxonomy":"product_brand","embeddable":true,"href":"https:\/\/swiss-hookah.ch\/de\/wp-json\/wp\/v2\/product_brand?post=2400"},{"taxonomy":"product_cat","embeddable":true,"href":"https:\/\/swiss-hookah.ch\/de\/wp-json\/wp\/v2\/product_cat?post=2400"},{"taxonomy":"product_tag","embeddable":true,"href":"https:\/\/swiss-hookah.ch\/de\/wp-json\/wp\/v2\/product_tag?post=2400"}],"curies":[{"name":"wp","href":"https:\/\/api.w.org\/{rel}","templated":true}]}}