{"id":2354,"date":"2023-11-25T02:42:54","date_gmt":"2023-11-25T01:42:54","guid":{"rendered":"https:\/\/swiss-hookah.ch\/?post_type=product&#038;p=2354"},"modified":"2024-06-02T13:43:09","modified_gmt":"2024-06-02T11:43:09","slug":"charbon-shisko-1","status":"publish","type":"product","link":"https:\/\/swiss-hookah.ch\/de\/product\/charbon-shisko-1\/","title":{"rendered":"Naturkohle VENOOKAH 26er"},"content":{"rendered":"<p><strong>BESCHREIBUNG<\/strong><\/p>\n<p>Die Premium-Naturkohle von VENOOKAH wird aus Kokosnussschalen hergestellt.<\/p>\n<p>Aufgrund ihrer besonders langen Brenndauer (bis zu 100 Minuten) eignen sich diese Kohlew\u00fcrfel hervorragend zum R\u00e4uchern von Shishar.<\/p>\n<p>Da bei der Herstellung in Indonesien keine chemischen Zusatzstoffe verwendet werden, haben diese geruchlosen Kohlen keinen besonderen Geschmack.<\/p>\n<p><strong>DETAILS<\/strong><\/p>\n<p>Brenndauer: bis zu 100 Minuten<br \/>\nniedriger Aschegehalt<br \/>\nInhalt: 1 kg<br \/>\nKohle in W\u00fcrfeln<br \/>\nAbmessungen (Kohlew\u00fcrfel): 26 x 26 x 26 mm<\/p>\n<p><strong>LIEFERUMFANG<\/strong><\/p>\n<p>1KG<\/p>","protected":false},"excerpt":{"rendered":"<p>charbon naturel premium \u00e0 chicha \u00a0de Shisko sont fabriqu\u00e9s \u00e0 partir d&rsquo;\u00e9corces de noix de coco.<\/p>","protected":false},"featured_media":3157,"comment_status":"open","ping_status":"closed","template":"","meta":{"om_disable_all_campaigns":false,"_monsterinsights_skip_tracking":false,"_monsterinsights_sitenote_active":false,"_monsterinsights_sitenote_note":"","_monsterinsights_sitenote_category":0,"jetpack_publicize_message":"","jetpack_publicize_feature_enabled":true,"jetpack_social_post_already_shared":true,"jetpack_social_options":{"image_generator_settings":{"template":"highway","enabled":false},"version":2}},"product_brand":[],"product_cat":[61],"product_tag":[],"class_list":{"0":"post-2354","1":"product","2":"type-product","3":"status-publish","4":"has-post-thumbnail","6":"product_cat-charbon","8":"first","9":"outofstock","10":"shipping-taxable","11":"purchasable","12":"product-type-simple"},"jetpack_publicize_connections":[],"aioseo_notices":[],"jetpack_sharing_enabled":true,"_links":{"self":[{"href":"https:\/\/swiss-hookah.ch\/de\/wp-json\/wp\/v2\/product\/2354","targetHints":{"allow":["GET"]}}],"collection":[{"href":"https:\/\/swiss-hookah.ch\/de\/wp-json\/wp\/v2\/product"}],"about":[{"href":"https:\/\/swiss-hookah.ch\/de\/wp-json\/wp\/v2\/types\/product"}],"replies":[{"embeddable":true,"href":"https:\/\/swiss-hookah.ch\/de\/wp-json\/wp\/v2\/comments?post=2354"}],"wp:featuredmedia":[{"embeddable":true,"href":"https:\/\/swiss-hookah.ch\/de\/wp-json\/wp\/v2\/media\/3157"}],"wp:attachment":[{"href":"https:\/\/swiss-hookah.ch\/de\/wp-json\/wp\/v2\/media?parent=2354"}],"wp:term":[{"taxonomy":"product_brand","embeddable":true,"href":"https:\/\/swiss-hookah.ch\/de\/wp-json\/wp\/v2\/product_brand?post=2354"},{"taxonomy":"product_cat","embeddable":true,"href":"https:\/\/swiss-hookah.ch\/de\/wp-json\/wp\/v2\/product_cat?post=2354"},{"taxonomy":"product_tag","embeddable":true,"href":"https:\/\/swiss-hookah.ch\/de\/wp-json\/wp\/v2\/product_tag?post=2354"}],"curies":[{"name":"wp","href":"https:\/\/api.w.org\/{rel}","templated":true}]}}