{"id":2273,"date":"2023-11-25T01:44:02","date_gmt":"2023-11-25T00:44:02","guid":{"rendered":"https:\/\/swiss-hookah.ch\/?post_type=product&#038;p=2273"},"modified":"2024-06-12T19:07:58","modified_gmt":"2024-06-12T17:07:58","slug":"sakai-curieux-80ml","status":"publish","type":"product","link":"https:\/\/swiss-hookah.ch\/de\/product\/sakai-curieux-80ml\/","title":{"rendered":"E-LIQUID SAKAI - EDITION YUM\u00c9 BY CURIEUX | 80ML"},"content":{"rendered":"<p>Entdecken Sie die japanisch inspirierte Serie Yum\u00e9 der genialen Designer von Curieux in der Gr\u00f6\u00dfe 80ml neu!<\/p>\n<p>Saka\u00ef ist ein explosives Rezept aus<strong>Aloe Vera<\/strong> und von <strong>Minze<\/strong> <strong>frisch<\/strong>. Ein pflanzlicher Saft mit nachgewiesenen Vorteilen f\u00fcr Liebhaber frischer Vapes!<\/p>\n<p><strong>W\u00e4hlen Sie Ihr Nikotin, um ein fertiges E-Liquid zu erhalten (kostenlos bis zu 3mg\/ml)<\/strong><\/p>\n<p>60VG 40PG<\/p>\n<p>&nbsp;<\/p>\n<p><img decoding=\"async\" class=\"alignnone wp-image-2038\" src=\"http:\/\/swiss-hookah.ch\/wp-content\/uploads\/2023\/11\/curieux-300x102.jpg\" alt=\"\" width=\"221\" height=\"75\" srcset=\"https:\/\/swiss-hookah.ch\/wp-content\/uploads\/2023\/11\/curieux-300x102.jpg 300w, https:\/\/swiss-hookah.ch\/wp-content\/uploads\/2023\/11\/curieux-768x262.jpg 768w, https:\/\/swiss-hookah.ch\/wp-content\/uploads\/2023\/11\/curieux-600x205.jpg 600w, https:\/\/swiss-hookah.ch\/wp-content\/uploads\/2023\/11\/curieux.jpg 880w\" sizes=\"(max-width: 221px) 100vw, 221px\" \/><\/p>\n<p>.<\/p>","protected":false},"excerpt":{"rendered":"<p><span class=\"value\">80 ml 40<\/span><span class=\"value\"> PG &#8211; 60 VG <\/span><span class=\"value\">Frais\/<\/span><span class=\"value\">Fruit\u00e9\/ curieux <\/span>Saka\u00ef est une recette compos\u00e9e d&rsquo;<strong>Aloe Vera<\/strong> und von <strong>Minze<\/strong> <strong>frisch<\/strong>. Ein pflanzlicher Saft mit nachgewiesenen Vorteilen f\u00fcr Liebhaber frischer Vapes!<\/p>\n<p>&nbsp;<\/p>","protected":false},"featured_media":2283,"comment_status":"open","ping_status":"closed","template":"","meta":{"om_disable_all_campaigns":false,"_monsterinsights_skip_tracking":false,"_monsterinsights_sitenote_active":false,"_monsterinsights_sitenote_note":"","_monsterinsights_sitenote_category":0,"jetpack_publicize_message":"","jetpack_publicize_feature_enabled":true,"jetpack_social_post_already_shared":true,"jetpack_social_options":{"image_generator_settings":{"template":"highway","enabled":false},"version":2}},"product_brand":[],"product_cat":[53],"product_tag":[],"class_list":{"0":"post-2273","1":"product","2":"type-product","3":"status-publish","4":"has-post-thumbnail","6":"product_cat-e-liquids","8":"first","9":"outofstock","10":"shipping-taxable","11":"purchasable","12":"product-type-variable"},"jetpack_publicize_connections":[],"aioseo_notices":[],"jetpack_sharing_enabled":true,"_links":{"self":[{"href":"https:\/\/swiss-hookah.ch\/de\/wp-json\/wp\/v2\/product\/2273","targetHints":{"allow":["GET"]}}],"collection":[{"href":"https:\/\/swiss-hookah.ch\/de\/wp-json\/wp\/v2\/product"}],"about":[{"href":"https:\/\/swiss-hookah.ch\/de\/wp-json\/wp\/v2\/types\/product"}],"replies":[{"embeddable":true,"href":"https:\/\/swiss-hookah.ch\/de\/wp-json\/wp\/v2\/comments?post=2273"}],"wp:featuredmedia":[{"embeddable":true,"href":"https:\/\/swiss-hookah.ch\/de\/wp-json\/wp\/v2\/media\/2283"}],"wp:attachment":[{"href":"https:\/\/swiss-hookah.ch\/de\/wp-json\/wp\/v2\/media?parent=2273"}],"wp:term":[{"taxonomy":"product_brand","embeddable":true,"href":"https:\/\/swiss-hookah.ch\/de\/wp-json\/wp\/v2\/product_brand?post=2273"},{"taxonomy":"product_cat","embeddable":true,"href":"https:\/\/swiss-hookah.ch\/de\/wp-json\/wp\/v2\/product_cat?post=2273"},{"taxonomy":"product_tag","embeddable":true,"href":"https:\/\/swiss-hookah.ch\/de\/wp-json\/wp\/v2\/product_tag?post=2273"}],"curies":[{"name":"wp","href":"https:\/\/api.w.org\/{rel}","templated":true}]}}