{"id":2262,"date":"2023-11-25T01:41:16","date_gmt":"2023-11-25T00:41:16","guid":{"rendered":"https:\/\/swiss-hookah.ch\/?post_type=product&#038;p=2262"},"modified":"2023-11-25T01:43:32","modified_gmt":"2023-11-25T00:43:32","slug":"galatee-curieux-50ml","status":"publish","type":"product","link":"https:\/\/swiss-hookah.ch\/de\/product\/galatee-curieux-50ml\/","title":{"rendered":"E-LIQUID GALATEA - ASTRALE EDITION BY CURIEUX | 50ML"},"content":{"rendered":"<p>Das E-Liquid <strong>Galatea<\/strong> von den franz\u00f6sischen Designern Curieux ist in der Gr\u00f6\u00dfe Shortfill 50ml erh\u00e4ltlich!<\/p>\n<p>Er beh\u00e4lt sein Rezept von <strong>Litschi<\/strong> und von <strong>rote Fr\u00fcchte <\/strong>die speziell daf\u00fcr gemacht wurde, in alle Clearomizer zu passen.<\/p>\n<p>Mit einem PG\/VG-Verh\u00e4ltnis von 40\/60 ist sie mit der \u00fcberwiegenden Mehrheit der Ger\u00e4te kompatibel.<\/p>\n<p><strong>W\u00e4hlen Sie Ihr Nikotin, um ein fertiges E-Liquid zu erhalten (kostenlos bis zu 3mg\/ml)<\/strong><\/p>\n<p>60VG 40PG<\/p>\n<p>&nbsp;<\/p>\n<p><img decoding=\"async\" class=\"alignnone wp-image-2038\" src=\"http:\/\/swiss-hookah.ch\/wp-content\/uploads\/2023\/11\/curieux-300x102.jpg\" alt=\"\" width=\"221\" height=\"75\" srcset=\"https:\/\/swiss-hookah.ch\/wp-content\/uploads\/2023\/11\/curieux-300x102.jpg 300w, https:\/\/swiss-hookah.ch\/wp-content\/uploads\/2023\/11\/curieux-768x262.jpg 768w, https:\/\/swiss-hookah.ch\/wp-content\/uploads\/2023\/11\/curieux-600x205.jpg 600w, https:\/\/swiss-hookah.ch\/wp-content\/uploads\/2023\/11\/curieux.jpg 880w\" sizes=\"(max-width: 221px) 100vw, 221px\" \/><\/p>\n<p>.<\/p>","protected":false},"excerpt":{"rendered":"<p><span class=\"value\">50 ml 40<\/span><span class=\"value\"> PG &#8211; 60 VG <\/span><span class=\"value\">Frais\/<\/span><span class=\"value\">Fruit\u00e9\/ curieux galat\u00e9e\u00a0conserve sa recette de <strong>Litschi<\/strong> und von <strong>rote Fr\u00fcchte <\/strong>die speziell daf\u00fcr gemacht wurde, in alle Clearomizer zu passen. <\/span><\/p>","protected":false},"featured_media":2272,"comment_status":"open","ping_status":"closed","template":"","meta":{"om_disable_all_campaigns":false,"_monsterinsights_skip_tracking":false,"_monsterinsights_sitenote_active":false,"_monsterinsights_sitenote_note":"","_monsterinsights_sitenote_category":0,"jetpack_publicize_message":"","jetpack_publicize_feature_enabled":true,"jetpack_social_post_already_shared":true,"jetpack_social_options":{"image_generator_settings":{"template":"highway","enabled":false},"version":2}},"product_brand":[],"product_cat":[53],"product_tag":[],"class_list":{"0":"post-2262","1":"product","2":"type-product","3":"status-publish","4":"has-post-thumbnail","6":"product_cat-e-liquids","8":"first","9":"instock","10":"shipping-taxable","11":"purchasable","12":"product-type-variable"},"jetpack_publicize_connections":[],"aioseo_notices":[],"jetpack_sharing_enabled":true,"_links":{"self":[{"href":"https:\/\/swiss-hookah.ch\/de\/wp-json\/wp\/v2\/product\/2262","targetHints":{"allow":["GET"]}}],"collection":[{"href":"https:\/\/swiss-hookah.ch\/de\/wp-json\/wp\/v2\/product"}],"about":[{"href":"https:\/\/swiss-hookah.ch\/de\/wp-json\/wp\/v2\/types\/product"}],"replies":[{"embeddable":true,"href":"https:\/\/swiss-hookah.ch\/de\/wp-json\/wp\/v2\/comments?post=2262"}],"wp:featuredmedia":[{"embeddable":true,"href":"https:\/\/swiss-hookah.ch\/de\/wp-json\/wp\/v2\/media\/2272"}],"wp:attachment":[{"href":"https:\/\/swiss-hookah.ch\/de\/wp-json\/wp\/v2\/media?parent=2262"}],"wp:term":[{"taxonomy":"product_brand","embeddable":true,"href":"https:\/\/swiss-hookah.ch\/de\/wp-json\/wp\/v2\/product_brand?post=2262"},{"taxonomy":"product_cat","embeddable":true,"href":"https:\/\/swiss-hookah.ch\/de\/wp-json\/wp\/v2\/product_cat?post=2262"},{"taxonomy":"product_tag","embeddable":true,"href":"https:\/\/swiss-hookah.ch\/de\/wp-json\/wp\/v2\/product_tag?post=2262"}],"curies":[{"name":"wp","href":"https:\/\/api.w.org\/{rel}","templated":true}]}}