{"id":2162,"date":"2023-11-24T00:46:43","date_gmt":"2023-11-23T23:46:43","guid":{"rendered":"https:\/\/swiss-hookah.ch\/?post_type=product&#038;p=2162"},"modified":"2023-11-25T01:21:16","modified_gmt":"2023-11-25T00:21:16","slug":"furisosa-doom-50ml","status":"publish","type":"product","link":"https:\/\/swiss-hookah.ch\/de\/product\/furisosa-doom-50ml\/","title":{"rendered":"E-LIQUID DOOM - EGGZ BY FURIOSA | 50ML"},"content":{"rendered":"<p>Entdecken Sie den Geschmack <strong>Doom<\/strong> Furiosa Eggz (Furiosa Dracheneier)! Ein explosives Liquid, das Folgendes kombiniert <strong>Johannisbeere<\/strong>, <strong>Fr\u00e4ser<\/strong> und <strong>Zitronenfizz<\/strong>! Eine fruchtige T\u00f6tung, die keinen Drachen unber\u00fchrt l\u00e4sst.<\/p>\n<p>60ml-Flasche mit 50ml mit Aromen geboostetem Produkt zum Hinzuf\u00fcgen von Boostern. Innovative Phiole mit Verschluss zum einfachen Einf\u00fcllen des Boosters.<\/p>\n<p><strong>W\u00e4hlen Sie Ihr Nikotin, um ein fertiges E-Liquid zu erhalten (kostenlos bis zu 3mg\/ml)<\/strong><\/p>\n<p>70VG 30PG<\/p>\n<p>&nbsp;<\/p>\n<p><img decoding=\"async\" class=\"alignnone wp-image-2161\" src=\"http:\/\/swiss-hookah.ch\/wp-content\/uploads\/2023\/11\/Furiosa-logo.png\" alt=\"\" width=\"128\" height=\"44\" \/><\/p>\n<p>.<\/p>","protected":false},"excerpt":{"rendered":"<p><span class=\"value\">50 ml <\/span><span class=\"value\">30 PG &#8211; 70 VG <\/span><span class=\"value\">Frais\/<\/span><span class=\"value\">Fruit\u00e9\/ DOOM Furiosa eliquide explosif combinant <strong>Johannisbeere<\/strong>, <strong>Fr\u00e4ser<\/strong> und <strong>Zitronenfizz<\/strong>! <\/span><\/p>","protected":false},"featured_media":2172,"comment_status":"open","ping_status":"closed","template":"","meta":{"om_disable_all_campaigns":false,"_monsterinsights_skip_tracking":false,"_monsterinsights_sitenote_active":false,"_monsterinsights_sitenote_note":"","_monsterinsights_sitenote_category":0,"jetpack_publicize_message":"","jetpack_publicize_feature_enabled":true,"jetpack_social_post_already_shared":true,"jetpack_social_options":{"image_generator_settings":{"template":"highway","enabled":false},"version":2}},"product_brand":[],"product_cat":[53],"product_tag":[],"class_list":{"0":"post-2162","1":"product","2":"type-product","3":"status-publish","4":"has-post-thumbnail","6":"product_cat-e-liquids","8":"first","9":"instock","10":"shipping-taxable","11":"purchasable","12":"product-type-variable"},"jetpack_publicize_connections":[],"aioseo_notices":[],"jetpack_sharing_enabled":true,"_links":{"self":[{"href":"https:\/\/swiss-hookah.ch\/de\/wp-json\/wp\/v2\/product\/2162","targetHints":{"allow":["GET"]}}],"collection":[{"href":"https:\/\/swiss-hookah.ch\/de\/wp-json\/wp\/v2\/product"}],"about":[{"href":"https:\/\/swiss-hookah.ch\/de\/wp-json\/wp\/v2\/types\/product"}],"replies":[{"embeddable":true,"href":"https:\/\/swiss-hookah.ch\/de\/wp-json\/wp\/v2\/comments?post=2162"}],"wp:featuredmedia":[{"embeddable":true,"href":"https:\/\/swiss-hookah.ch\/de\/wp-json\/wp\/v2\/media\/2172"}],"wp:attachment":[{"href":"https:\/\/swiss-hookah.ch\/de\/wp-json\/wp\/v2\/media?parent=2162"}],"wp:term":[{"taxonomy":"product_brand","embeddable":true,"href":"https:\/\/swiss-hookah.ch\/de\/wp-json\/wp\/v2\/product_brand?post=2162"},{"taxonomy":"product_cat","embeddable":true,"href":"https:\/\/swiss-hookah.ch\/de\/wp-json\/wp\/v2\/product_cat?post=2162"},{"taxonomy":"product_tag","embeddable":true,"href":"https:\/\/swiss-hookah.ch\/de\/wp-json\/wp\/v2\/product_tag?post=2162"}],"curies":[{"name":"wp","href":"https:\/\/api.w.org\/{rel}","templated":true}]}}