{"id":2040,"date":"2023-11-20T01:09:16","date_gmt":"2023-11-20T00:09:16","guid":{"rendered":"https:\/\/swiss-hookah.ch\/?post_type=product&#038;p=2040"},"modified":"2024-12-23T21:06:25","modified_gmt":"2024-12-23T20:06:25","slug":"swisshookah-cassidra","status":"publish","type":"product","link":"https:\/\/swiss-hookah.ch\/de\/product\/swisshookah-cassidra\/","title":{"rendered":"DIY Cr\u00e9ation by Swisshookah \" CASSIDRA \" 50ml"},"content":{"rendered":"<p>Entdecken Sie<strong> unsere exklusive Kreation bei SwissHookah<\/strong> : eine einzigartige e-Liquid, die nach Ma\u00df entwickelt wurde, um ein au\u00dfergew\u00f6hnliches Dampferlebnis zu bieten. Unsere <strong>DIY<\/strong>Die von unserem Team sorgf\u00e4ltig zusammengestellte, harmonische Kombination von <strong>k\u00f6stliche Drachenfrucht<\/strong> <strong>eisgek\u00fchlt<\/strong> mit dem lebhaften Geschmack und<strong> pikant von glasierter schwarzer Johannisbeere<\/strong>.<\/p>\n<p>Lassen Sie sich von der <strong>exotische Frische<\/strong> der Drachenfrucht, bietet Noten <strong>subtil und s\u00fc\u00df<\/strong>Die schwarze Johannisbeere verleiht der Komposition eine gewagte Dimension. Jeder Atemzug enth\u00fcllt einen<strong> perfekte Balance<\/strong> zwischen diesen beiden Geschm\u00e4ckern und schafft so ein einzigartiges Dampferlebnis.<\/p>\n<p>Bei<strong> SwissHookah<\/strong>Wir sind bestrebt, Ihnen Produkte von h\u00f6chster Qualit\u00e4t anzubieten. <strong>hohe Qualit\u00e4t<\/strong> und <strong>exklusive Geschmacksrichtungen<\/strong>. Unsere DIY e-Liquids verk\u00f6rpern unsere Leidenschaft f\u00fcr<strong> Innovation<\/strong> und die <strong>Kundenzufriedenheit<\/strong>. F\u00fcr ein individuelles und erfrischendes Dampferlebnis tauchen Sie ein in die einzigartige Welt unserer e-Liquids Drachenfrucht und frische schwarze Johannisbeere, die sorgf\u00e4ltig f\u00fcr die <strong>anspruchsvolle Dampffans<\/strong>. Genie\u00dfen Sie bei jeder Inhalation einen herrlich fruchtigen und erfrischenden Dampf.<\/p>\n<p><strong>30pg\/70vg 50ml<\/strong> f\u00fcr einen viel s\u00fc\u00dferen Geschmack mit einem m\u00e4\u00dfigen Nikotingef\u00fchl (Hit) in der Kehle<\/p>","protected":false},"excerpt":{"rendered":"<p>D\u00e9couvrez notre e-liquide exclusif DIY chez SwissHookah, cr\u00e9\u00e9 sur mesure. L&rsquo;alliance unique du fruit du dragon frais et du cassis frais offre une exp\u00e9rience de vape harmonieuse et rafra\u00eechissante.<\/p>","protected":false},"featured_media":2131,"comment_status":"open","ping_status":"closed","template":"","meta":{"om_disable_all_campaigns":false,"_monsterinsights_skip_tracking":false,"_monsterinsights_sitenote_active":false,"_monsterinsights_sitenote_note":"","_monsterinsights_sitenote_category":0,"jetpack_publicize_message":"","jetpack_publicize_feature_enabled":true,"jetpack_social_post_already_shared":true,"jetpack_social_options":{"image_generator_settings":{"template":"highway","enabled":false},"version":2}},"product_brand":[],"product_cat":[60,53],"product_tag":[],"class_list":{"0":"post-2040","1":"product","2":"type-product","3":"status-publish","4":"has-post-thumbnail","6":"product_cat-diy","7":"product_cat-e-liquids","9":"first","10":"outofstock","11":"shipping-taxable","12":"purchasable","13":"product-type-variable"},"jetpack_publicize_connections":[],"aioseo_notices":[],"jetpack_sharing_enabled":true,"_links":{"self":[{"href":"https:\/\/swiss-hookah.ch\/de\/wp-json\/wp\/v2\/product\/2040","targetHints":{"allow":["GET"]}}],"collection":[{"href":"https:\/\/swiss-hookah.ch\/de\/wp-json\/wp\/v2\/product"}],"about":[{"href":"https:\/\/swiss-hookah.ch\/de\/wp-json\/wp\/v2\/types\/product"}],"replies":[{"embeddable":true,"href":"https:\/\/swiss-hookah.ch\/de\/wp-json\/wp\/v2\/comments?post=2040"}],"wp:featuredmedia":[{"embeddable":true,"href":"https:\/\/swiss-hookah.ch\/de\/wp-json\/wp\/v2\/media\/2131"}],"wp:attachment":[{"href":"https:\/\/swiss-hookah.ch\/de\/wp-json\/wp\/v2\/media?parent=2040"}],"wp:term":[{"taxonomy":"product_brand","embeddable":true,"href":"https:\/\/swiss-hookah.ch\/de\/wp-json\/wp\/v2\/product_brand?post=2040"},{"taxonomy":"product_cat","embeddable":true,"href":"https:\/\/swiss-hookah.ch\/de\/wp-json\/wp\/v2\/product_cat?post=2040"},{"taxonomy":"product_tag","embeddable":true,"href":"https:\/\/swiss-hookah.ch\/de\/wp-json\/wp\/v2\/product_tag?post=2040"}],"curies":[{"name":"wp","href":"https:\/\/api.w.org\/{rel}","templated":true}]}}