{"id":2028,"date":"2023-11-20T01:00:21","date_gmt":"2023-11-20T00:00:21","guid":{"rendered":"https:\/\/swiss-hookah.ch\/?post_type=product&#038;p=2028"},"modified":"2024-08-01T17:10:09","modified_gmt":"2024-08-01T15:10:09","slug":"curieux-baba-50ml","status":"publish","type":"product","link":"https:\/\/swiss-hookah.ch\/de\/product\/curieux-baba-50ml\/","title":{"rendered":"E-liquid Curieux Baba Au Rhum 50ml"},"content":{"rendered":"<p>Die Dessert-Edition ist inspiriert von den gro\u00dfen Gourmet-Rezepten, die die Welt der Gastronomie gepr\u00e4gt haben, und verwendet ausschlie\u00dflich reinste Zutaten, die garantiert glutenfrei und frei von Allergenen sind.<\/p>\n<p>Das E-Liquid <strong>Baba au Rhum<\/strong><b>\u00a0<\/b>aus der Dessert-Edition von Curieux ist in einem noch k\u00f6stlicheren Rezept zur\u00fcck und diesmal in der Version\u00a0<strong>100% Pflanzlich<\/strong>. Er beh\u00e4lt die ganze Gier eines\u00a0<strong>baba au rhum<\/strong>\u00a0an\u00a0<strong>Butternoten<\/strong>das Ganze bestreut mit\u00a0<strong>ger\u00f6stete N\u00fcsse<\/strong>.<\/p>\n<p>PG-Verh\u00e4ltnis Pflanzen\/VG: 40\/60. Passt sich an alle Arten von Ger\u00e4ten an.<\/p>\n<p>&nbsp;<\/p>\n<p><img decoding=\"async\" class=\"alignnone wp-image-2038\" src=\"http:\/\/swiss-hookah.ch\/wp-content\/uploads\/2023\/11\/curieux-300x102.jpg\" alt=\"\" width=\"241\" height=\"82\" srcset=\"https:\/\/swiss-hookah.ch\/wp-content\/uploads\/2023\/11\/curieux-300x102.jpg 300w, https:\/\/swiss-hookah.ch\/wp-content\/uploads\/2023\/11\/curieux-768x262.jpg 768w, https:\/\/swiss-hookah.ch\/wp-content\/uploads\/2023\/11\/curieux-600x205.jpg 600w, https:\/\/swiss-hookah.ch\/wp-content\/uploads\/2023\/11\/curieux.jpg 880w\" sizes=\"(max-width: 241px) 100vw, 241px\" \/><\/p>","protected":false},"excerpt":{"rendered":"<p>Curieux : \u00a0<strong>baba au rhum<\/strong>\u00a0an\u00a0<strong>Butternoten<\/strong>das Ganze bestreut mit\u00a0<strong>ger\u00f6stete N\u00fcsse<\/strong>.<\/p>\n<p>PG-Verh\u00e4ltnis Pflanzen\/VG: 40\/60. Passt sich an alle Arten von Ger\u00e4ten an.<\/p>","protected":false},"featured_media":2039,"comment_status":"open","ping_status":"closed","template":"","meta":{"om_disable_all_campaigns":false,"_monsterinsights_skip_tracking":false,"_monsterinsights_sitenote_active":false,"_monsterinsights_sitenote_note":"","_monsterinsights_sitenote_category":0,"jetpack_publicize_message":"","jetpack_publicize_feature_enabled":true,"jetpack_social_post_already_shared":true,"jetpack_social_options":{"image_generator_settings":{"template":"highway","enabled":false},"version":2}},"product_brand":[],"product_cat":[59],"product_tag":[],"class_list":{"0":"post-2028","1":"product","2":"type-product","3":"status-publish","4":"has-post-thumbnail","6":"product_cat-a-liquide-gourmand","8":"first","9":"outofstock","10":"shipping-taxable","11":"purchasable","12":"product-type-variable"},"jetpack_publicize_connections":[],"aioseo_notices":[],"jetpack_sharing_enabled":true,"_links":{"self":[{"href":"https:\/\/swiss-hookah.ch\/de\/wp-json\/wp\/v2\/product\/2028","targetHints":{"allow":["GET"]}}],"collection":[{"href":"https:\/\/swiss-hookah.ch\/de\/wp-json\/wp\/v2\/product"}],"about":[{"href":"https:\/\/swiss-hookah.ch\/de\/wp-json\/wp\/v2\/types\/product"}],"replies":[{"embeddable":true,"href":"https:\/\/swiss-hookah.ch\/de\/wp-json\/wp\/v2\/comments?post=2028"}],"wp:featuredmedia":[{"embeddable":true,"href":"https:\/\/swiss-hookah.ch\/de\/wp-json\/wp\/v2\/media\/2039"}],"wp:attachment":[{"href":"https:\/\/swiss-hookah.ch\/de\/wp-json\/wp\/v2\/media?parent=2028"}],"wp:term":[{"taxonomy":"product_brand","embeddable":true,"href":"https:\/\/swiss-hookah.ch\/de\/wp-json\/wp\/v2\/product_brand?post=2028"},{"taxonomy":"product_cat","embeddable":true,"href":"https:\/\/swiss-hookah.ch\/de\/wp-json\/wp\/v2\/product_cat?post=2028"},{"taxonomy":"product_tag","embeddable":true,"href":"https:\/\/swiss-hookah.ch\/de\/wp-json\/wp\/v2\/product_tag?post=2028"}],"curies":[{"name":"wp","href":"https:\/\/api.w.org\/{rel}","templated":true}]}}