{"id":1951,"date":"2023-11-16T16:12:20","date_gmt":"2023-11-16T15:12:20","guid":{"rendered":"https:\/\/swiss-hookah.ch\/?post_type=product&#038;p=1951"},"modified":"2025-06-22T14:24:07","modified_gmt":"2025-06-22T12:24:07","slug":"voopoo-cartouche-ito-2x-pack","status":"publish","type":"product","link":"https:\/\/swiss-hookah.ch\/de\/product\/voopoo-cartouche-ito-2x-pack\/","title":{"rendered":"Voopoo - ITO-Patrone - 2X pack"},"content":{"rendered":"<h3>Die ITO-Kartusche von Voopoo 1.0 Ohm<\/h3>\n<p><strong>Vape \u00a0 \u00a0<\/strong>\u00a0 \u00a0 \u00a0 \u00a0 \u00a0 \u00a0 \u00a0 \u00a0 doric 20 se, doric 20<\/p>\n<p><strong>Ohm<\/strong>\u00a0 \u00a0 \u00a0 \u00a0 \u00a0 \u00a0 \u00a0 \u00a0 \u00a0 \u00a0 \u00a0 1.0 Ohm<\/p>\n<p><strong>Wattage<\/strong> \u00a0 \u00a0 \u00a0 \u00a0 \u00a0 \u00a0 13-18w<\/p>\n<p><strong>Kapazit\u00e4t<\/strong> \u00a0 \u00a0 \u00a0 \u00a0 \u00a0 \u00a0 2ml<\/p>\n<p><strong>Widerstand<\/strong>\u00a0 \u00a0 \u00a0 \u00a0 integriert<\/p>\n<h3>Die ITO-Kartusche von Voopoo 0.7 Ohm<\/h3>\n<p><strong>Vape \u00a0 \u00a0<\/strong>\u00a0 \u00a0 \u00a0 \u00a0 \u00a0 \u00a0 \u00a0 \u00a0 doric 20 se, doric 20<\/p>\n<p><strong>Ohm<\/strong>\u00a0 \u00a0 \u00a0 \u00a0 \u00a0 \u00a0 \u00a0 \u00a0 \u00a0 \u00a0 \u00a0 0.7 Ohm<\/p>\n<p><strong>Wattage<\/strong> \u00a0 \u00a0 \u00a0 \u00a0 \u00a0 \u00a0 17-23w<\/p>\n<p><strong>Kapazit\u00e4t<\/strong> \u00a0 \u00a0 \u00a0 \u00a0 \u00a0 \u00a0 2ml<\/p>\n<p><strong>Widerstand<\/strong>\u00a0 \u00a0 \u00a0 \u00a0 integriert<\/p>\n<p>Wenn Sie sich dieses Pod-Set Doric 20 SE zulegen, k\u00f6nnen Sie sich an den <strong>ITO-Patronen<\/strong> von Voopoo erhalten Sie die Version <strong>1.0 Ohm<\/strong> bietet einen <strong>enger Zug <\/strong>schmackhaft zu machen. Eine 1,2-Ohm-Version mit noch engerem Zug und eine 0,7-Ohm-Version f\u00fcr ein luftigeres Dampfen sind ebenfalls erh\u00e4ltlich (separat erh\u00e4ltlich). Egal welche Version, das F\u00fcllen des Tanks mit <strong>2 ml<\/strong> l\u00e4sst sich leicht <strong>an der Seite<\/strong> indem Sie die Patrone aus dem Pod herausnehmen und den kleinen Silikonverschluss entfernen.<\/p>\n<p>&nbsp;<\/p>\n<p><img fetchpriority=\"high\" decoding=\"async\" class=\"wp-image-1728 aligncenter\" src=\"http:\/\/swiss-hookah.ch\/wp-content\/uploads\/2023\/11\/Capture-decran-2023-11-08-a-02.12.07-300x152.png\" alt=\"\" width=\"367\" height=\"186\" srcset=\"https:\/\/swiss-hookah.ch\/wp-content\/uploads\/2023\/11\/Capture-decran-2023-11-08-a-02.12.07-300x152.png 300w, https:\/\/swiss-hookah.ch\/wp-content\/uploads\/2023\/11\/Capture-decran-2023-11-08-a-02.12.07-1024x518.png 1024w, https:\/\/swiss-hookah.ch\/wp-content\/uploads\/2023\/11\/Capture-decran-2023-11-08-a-02.12.07-768x389.png 768w, https:\/\/swiss-hookah.ch\/wp-content\/uploads\/2023\/11\/Capture-decran-2023-11-08-a-02.12.07-1536x777.png 1536w, https:\/\/swiss-hookah.ch\/wp-content\/uploads\/2023\/11\/Capture-decran-2023-11-08-a-02.12.07-1320x668.png 1320w, https:\/\/swiss-hookah.ch\/wp-content\/uploads\/2023\/11\/Capture-decran-2023-11-08-a-02.12.07-600x304.png 600w, https:\/\/swiss-hookah.ch\/wp-content\/uploads\/2023\/11\/Capture-decran-2023-11-08-a-02.12.07.png 1660w\" sizes=\"(max-width: 367px) 100vw, 367px\" \/><\/p>\n<p>&nbsp;<\/p>\n<p>Die <strong>ITO-Patronen<\/strong> von Voopoo sind sehr benutzerfreundlich. Um Ihre Patrone auszutauschen, m\u00fcssen Sie sie nur ausclipsen und eine neue einclipsen.<\/p>\n<p>&nbsp;<\/p>\n<p><img decoding=\"async\" class=\"wp-image-1729 aligncenter\" src=\"http:\/\/swiss-hookah.ch\/wp-content\/uploads\/2023\/11\/Capture-decran-2023-11-08-a-02.17.31-300x156.png\" alt=\"\" width=\"348\" height=\"181\" srcset=\"https:\/\/swiss-hookah.ch\/wp-content\/uploads\/2023\/11\/Capture-decran-2023-11-08-a-02.17.31-300x156.png 300w, https:\/\/swiss-hookah.ch\/wp-content\/uploads\/2023\/11\/Capture-decran-2023-11-08-a-02.17.31-1024x532.png 1024w, https:\/\/swiss-hookah.ch\/wp-content\/uploads\/2023\/11\/Capture-decran-2023-11-08-a-02.17.31-768x399.png 768w, https:\/\/swiss-hookah.ch\/wp-content\/uploads\/2023\/11\/Capture-decran-2023-11-08-a-02.17.31-1536x798.png 1536w, https:\/\/swiss-hookah.ch\/wp-content\/uploads\/2023\/11\/Capture-decran-2023-11-08-a-02.17.31-1320x686.png 1320w, https:\/\/swiss-hookah.ch\/wp-content\/uploads\/2023\/11\/Capture-decran-2023-11-08-a-02.17.31-600x312.png 600w, https:\/\/swiss-hookah.ch\/wp-content\/uploads\/2023\/11\/Capture-decran-2023-11-08-a-02.17.31.png 1620w\" sizes=\"(max-width: 348px) 100vw, 348px\" \/><\/p>\n<h4><\/h4>\n<p>&nbsp;<\/p>","protected":false},"excerpt":{"rendered":"<p>Cartouche ITO pour pod Doric 20 SE, <strong>Voopoo, pour<\/strong>\u00a0d\u00e9butants de la vape qui recherchent une e-cigarette simple et efficace.<strong> <span class=\"value\">2ml, <\/span><span class=\"value\">1200mAh <\/span><span class=\"value\">Interne Batterie, <\/span><span class=\"value\">13-18W, <\/span><span class=\"value\">MTL<\/span><\/strong><\/p>","protected":false},"featured_media":1981,"comment_status":"open","ping_status":"closed","template":"","meta":{"om_disable_all_campaigns":false,"_monsterinsights_skip_tracking":false,"_monsterinsights_sitenote_active":false,"_monsterinsights_sitenote_note":"","_monsterinsights_sitenote_category":0,"jetpack_publicize_message":"","jetpack_publicize_feature_enabled":true,"jetpack_social_post_already_shared":true,"jetpack_social_options":{"image_generator_settings":{"template":"highway","enabled":false},"version":2}},"product_brand":[],"product_cat":[78],"product_tag":[],"class_list":{"0":"post-1951","1":"product","2":"type-product","3":"status-publish","4":"has-post-thumbnail","6":"product_cat-resis","8":"first","9":"instock","10":"shipping-taxable","11":"purchasable","12":"product-type-variable"},"jetpack_publicize_connections":[],"aioseo_notices":[],"jetpack_sharing_enabled":true,"_links":{"self":[{"href":"https:\/\/swiss-hookah.ch\/de\/wp-json\/wp\/v2\/product\/1951","targetHints":{"allow":["GET"]}}],"collection":[{"href":"https:\/\/swiss-hookah.ch\/de\/wp-json\/wp\/v2\/product"}],"about":[{"href":"https:\/\/swiss-hookah.ch\/de\/wp-json\/wp\/v2\/types\/product"}],"replies":[{"embeddable":true,"href":"https:\/\/swiss-hookah.ch\/de\/wp-json\/wp\/v2\/comments?post=1951"}],"wp:featuredmedia":[{"embeddable":true,"href":"https:\/\/swiss-hookah.ch\/de\/wp-json\/wp\/v2\/media\/1981"}],"wp:attachment":[{"href":"https:\/\/swiss-hookah.ch\/de\/wp-json\/wp\/v2\/media?parent=1951"}],"wp:term":[{"taxonomy":"product_brand","embeddable":true,"href":"https:\/\/swiss-hookah.ch\/de\/wp-json\/wp\/v2\/product_brand?post=1951"},{"taxonomy":"product_cat","embeddable":true,"href":"https:\/\/swiss-hookah.ch\/de\/wp-json\/wp\/v2\/product_cat?post=1951"},{"taxonomy":"product_tag","embeddable":true,"href":"https:\/\/swiss-hookah.ch\/de\/wp-json\/wp\/v2\/product_tag?post=1951"}],"curies":[{"name":"wp","href":"https:\/\/api.w.org\/{rel}","templated":true}]}}