{"id":1939,"date":"2023-11-16T02:37:01","date_gmt":"2023-11-16T01:37:01","guid":{"rendered":"https:\/\/swiss-hookah.ch\/?post_type=product&#038;p=1939"},"modified":"2025-09-04T22:07:26","modified_gmt":"2025-09-04T20:07:26","slug":"cactus-joker-200","status":"publish","type":"product","link":"https:\/\/swiss-hookah.ch\/de\/product\/cactus-joker-200\/","title":{"rendered":"Joker - Eis-Kaktus (Ice Cactus) 200g"},"content":{"rendered":"<h3>Promo: Kaufen Sie 4 Tabake der Marke joker und erhalten Sie einen Rabatt von -15% auf den Gesamtpreis!<\/h3>\n<p>Entdecken Sie<strong> subtile Eleganz<\/strong> und die<strong> raffinierter Geschmack<\/strong> unseres Tabaks <strong>mit frischem Kaktus<\/strong>eine exquisite Kreation der<strong> prestigetr\u00e4chtige<\/strong> Schweizer Marke <strong>\" Joker \"<\/strong>. Mit akribischer Aufmerksamkeit f\u00fcr jedes Detail verk\u00f6rpert dieser Tabak die Essenz des Handwerks <strong>schweiz<\/strong>.<\/p>\n<p>Unser Tabak wird konfektioniert aus<strong> Virginia-Bl\u00e4tter von h\u00f6chster Qualit\u00e4t<\/strong>die f\u00fcr ihre Textur bekannt sind <strong>seidig und ihre langsame Verbrennung<\/strong>und bietet eine Erfahrung von <strong>weicher und angenehmer Rauch<\/strong>. Die perfekte Verschmelzung von Charakter<strong> s\u00fc\u00df vom Kaktus<\/strong>\u00a0und die <strong>zarte Frische<\/strong>\u00a0schafft eine fesselnde sensorische Harmonie f\u00fcr die<strong> Liebhaber raffinierter Gen\u00fcsse<\/strong>.<\/p>\n<p>Die Marke \"Joker\" ist <strong>Synonym f\u00fcr Exzellenz<\/strong>Und jeder Zug an diesem Tabak entf\u00fchrt den Kenner in eine Welt, in der Eleganz auf Qualit\u00e4t trifft. <strong>Pr\u00e4zise in der Schweiz hergestellt<\/strong>Dieser Tabak verk\u00f6rpert das Engagement f\u00fcr traditionelle Schweizer Handwerkskunst und zeitgen\u00f6ssische Innovation.<\/p>\n<p>Egal, ob Sie ein erfahrener Tabakliebhaber sind oder nach einer neuen, anspruchsvollen Erfahrung suchen, unser Tabak mit dem Namen \"Ayurveda\" ist f\u00fcr jeden geeignet. <strong>frischer Kaktus<\/strong>\u00a0der Marke \"Joker\" verspricht Ihnen einen<strong> unvergessliche Sinnesreise<\/strong>. Definieren Sie Ihre Entspannungsmomente neu mit diesem au\u00dfergew\u00f6hnlichen Tabak, der Schweizer Qualit\u00e4t, exquisite Aromen und einen Hauch von unverwechselbarer Frische vereint.<\/p>\n<h3>Tabakblatt Virginia<\/h3>\n<p>Die unverwechselbare Qualit\u00e4t des Virginia-Blattes, bietet eine<strong> vollkommene Harmonie<\/strong> zwischen fruchtiger S\u00fc\u00dfe und reichem Tabak.<\/p>\n<p><img fetchpriority=\"high\" decoding=\"async\" class=\"size-medium wp-image-1747 aligncenter\" src=\"http:\/\/swiss-hookah.ch\/wp-content\/uploads\/2023\/11\/DreamShaper_v7_create_me_an_image_that_presents_the_high_quali_1-300x225.jpg\" alt=\"\" width=\"300\" height=\"225\" srcset=\"https:\/\/swiss-hookah.ch\/wp-content\/uploads\/2023\/11\/DreamShaper_v7_create_me_an_image_that_presents_the_high_quali_1-300x225.jpg 300w, https:\/\/swiss-hookah.ch\/wp-content\/uploads\/2023\/11\/DreamShaper_v7_create_me_an_image_that_presents_the_high_quali_1-768x576.jpg 768w, https:\/\/swiss-hookah.ch\/wp-content\/uploads\/2023\/11\/DreamShaper_v7_create_me_an_image_that_presents_the_high_quali_1-600x450.jpg 600w, https:\/\/swiss-hookah.ch\/wp-content\/uploads\/2023\/11\/DreamShaper_v7_create_me_an_image_that_presents_the_high_quali_1.jpg 1024w\" sizes=\"(max-width: 300px) 100vw, 300px\" \/><\/p>\n<p>&nbsp;<\/p>\n<h3>Genie\u00dfen Sie!<\/h3>\n<p>G\u00f6nnen Sie sich eine au\u00dfergew\u00f6hnliche Pause mit dieser einzigartigen Mischung, die<strong> wird Ihre Geschmacksknospen bei jedem Zug wecken.<\/strong><\/p>\n<p>&nbsp;<\/p>\n<p><img decoding=\"async\" class=\"size-medium wp-image-1748 aligncenter\" src=\"http:\/\/swiss-hookah.ch\/wp-content\/uploads\/2023\/11\/DreamShaper_v7_draw_me_a_man_with_a_hookah_0-300x225.jpg\" alt=\"\" width=\"300\" height=\"225\" srcset=\"https:\/\/swiss-hookah.ch\/wp-content\/uploads\/2023\/11\/DreamShaper_v7_draw_me_a_man_with_a_hookah_0-300x225.jpg 300w, https:\/\/swiss-hookah.ch\/wp-content\/uploads\/2023\/11\/DreamShaper_v7_draw_me_a_man_with_a_hookah_0-768x576.jpg 768w, https:\/\/swiss-hookah.ch\/wp-content\/uploads\/2023\/11\/DreamShaper_v7_draw_me_a_man_with_a_hookah_0-600x450.jpg 600w, https:\/\/swiss-hookah.ch\/wp-content\/uploads\/2023\/11\/DreamShaper_v7_draw_me_a_man_with_a_hookah_0.jpg 1024w\" sizes=\"(max-width: 300px) 100vw, 300px\" \/><\/p>","protected":false},"excerpt":{"rendered":"<p>Shisha-Tabak \"\u00a0<strong>Joker \"Frischer Kaktus<\/strong>. Sorgf\u00e4ltig hergestellt<strong> in der Schweiz zu niedrigen Preisen. Kaktus, s\u00fc\u00df, frisch 200g<\/strong><\/p>","protected":false},"featured_media":1940,"comment_status":"open","ping_status":"closed","template":"","meta":{"om_disable_all_campaigns":false,"_monsterinsights_skip_tracking":false,"_monsterinsights_sitenote_active":false,"_monsterinsights_sitenote_note":"","_monsterinsights_sitenote_category":0,"jetpack_publicize_message":"","jetpack_publicize_feature_enabled":true,"jetpack_social_post_already_shared":true,"jetpack_social_options":{"image_generator_settings":{"template":"highway","enabled":false},"version":2}},"product_brand":[],"product_cat":[57],"product_tag":[],"class_list":{"0":"post-1939","1":"product","2":"type-product","3":"status-publish","4":"has-post-thumbnail","6":"product_cat-joker","8":"first","9":"outofstock","10":"sale","11":"shipping-taxable","12":"purchasable","13":"product-type-simple"},"jetpack_publicize_connections":[],"aioseo_notices":[],"jetpack_sharing_enabled":true,"_links":{"self":[{"href":"https:\/\/swiss-hookah.ch\/de\/wp-json\/wp\/v2\/product\/1939","targetHints":{"allow":["GET"]}}],"collection":[{"href":"https:\/\/swiss-hookah.ch\/de\/wp-json\/wp\/v2\/product"}],"about":[{"href":"https:\/\/swiss-hookah.ch\/de\/wp-json\/wp\/v2\/types\/product"}],"replies":[{"embeddable":true,"href":"https:\/\/swiss-hookah.ch\/de\/wp-json\/wp\/v2\/comments?post=1939"}],"wp:featuredmedia":[{"embeddable":true,"href":"https:\/\/swiss-hookah.ch\/de\/wp-json\/wp\/v2\/media\/1940"}],"wp:attachment":[{"href":"https:\/\/swiss-hookah.ch\/de\/wp-json\/wp\/v2\/media?parent=1939"}],"wp:term":[{"taxonomy":"product_brand","embeddable":true,"href":"https:\/\/swiss-hookah.ch\/de\/wp-json\/wp\/v2\/product_brand?post=1939"},{"taxonomy":"product_cat","embeddable":true,"href":"https:\/\/swiss-hookah.ch\/de\/wp-json\/wp\/v2\/product_cat?post=1939"},{"taxonomy":"product_tag","embeddable":true,"href":"https:\/\/swiss-hookah.ch\/de\/wp-json\/wp\/v2\/product_tag?post=1939"}],"curies":[{"name":"wp","href":"https:\/\/api.w.org\/{rel}","templated":true}]}}