{"id":1842,"date":"2023-11-13T14:05:06","date_gmt":"2023-11-13T13:05:06","guid":{"rendered":"https:\/\/swiss-hookah.ch\/?post_type=product&#038;p=1842"},"modified":"2025-04-28T21:09:23","modified_gmt":"2025-04-28T19:09:23","slug":"cartouche-pulp","status":"publish","type":"product","link":"https:\/\/swiss-hookah.ch\/de\/product\/cartouche-pulp\/","title":{"rendered":"Ice Tea Patrone Pfirsich - der Flip Pod by Pulp"},"content":{"rendered":"<h4><b>Auswechselbare Patrone p<\/b><b>our Flip By pulp mit wiederaufladbarer Batterie!<\/b><\/h4>\n<ul>\n<li style=\"text-align: left;\"><strong>Geschm\u00e4cker \u00a0 \u00a0 \u00a0 \u00a0 \u00a0 <\/strong><em>Ice tea, Pfirsich<\/em><\/li>\n<li><strong>Menge \u00a0 \u00a0 \u00a0 \u00a0<\/strong>\u00a0<em>2ml (700-1000 Z\u00fcge)*<\/em><\/li>\n<li><strong>Nikotin<\/strong>\u00a0 \u00a0 \u00a0 \u00a0 \u00a0<em> 2% (20mg\/ml)<\/em><\/li>\n<\/ul>\n<p>* h\u00e4ngt von Verbrauch und Auflage ab<\/p>\n<p>&nbsp;<\/p>\n<p>Die <strong>Patrone<\/strong> des Pod by Pulp ist leicht<strong> austauschbar<\/strong>Sie k\u00f6nnen damit <strong>ihre Erfahrung personalisieren<\/strong> dampfen, indem Sie aus einer Vielzahl von Geschmacksrichtungen w\u00e4hlen. Jede Patrone enth\u00e4lt <strong>2 ml Fl\u00fcssigkeit<\/strong>Die Patrone hat eine Kapazit\u00e4t von 700 bis 1000 Z\u00fcgen und ist damit besonders langlebig. Die Fl\u00fcssigkeit in der Patrone hat ein ausgewogenes Verh\u00e4ltnis von 50% Propylenglykol (PG) und 50% pflanzlichem Glycerin (VG), was ein angenehmes Dampferlebnis garantiert. <strong>weich und befriedigend<\/strong>.<\/p>\n<p>Mit seinem Nikotingehalt <strong>festgelegt auf 2%<\/strong>Der nachf\u00fcllbare Puff by PULP bietet eine moderate M\u00f6glichkeit zum Dampfen, ideal f\u00fcr Nutzer, die auf der Suche nach <strong>reduzieren<\/strong> ihren Verbrauch von <strong>Nikotin<\/strong> und dabei ein angenehmes Dampferlebnis genie\u00dfen.<\/p>\n<p>&nbsp;<\/p>\n<p><img decoding=\"async\" class=\"alignnone wp-image-1810\" src=\"http:\/\/swiss-hookah.ch\/wp-content\/uploads\/2023\/11\/Unknown.jpeg\" alt=\"\" width=\"114\" height=\"114\" srcset=\"https:\/\/swiss-hookah.ch\/wp-content\/uploads\/2023\/11\/Unknown.jpeg 225w, https:\/\/swiss-hookah.ch\/wp-content\/uploads\/2023\/11\/Unknown-150x150.jpeg 150w, https:\/\/swiss-hookah.ch\/wp-content\/uploads\/2023\/11\/Unknown-100x100.jpeg 100w\" sizes=\"(max-width: 114px) 100vw, 114px\" \/><\/p>","protected":false},"excerpt":{"rendered":"<ul>\n<li style=\"text-align: left;\"><strong>Geschmacksrichtungen |<\/strong> Ice tea, Pfirsich<\/li>\n<li><strong>Menge |<\/strong> 2ml (700-1000 Z\u00fcge)<\/li>\n<li><strong>Nikotin<\/strong> | 2% (20mg\/ml)<\/li>\n<li>patrone f\u00fcr puff pulp austauschbar g\u00fcnstig Schweiz<\/li>\n<\/ul>","protected":false},"featured_media":1873,"comment_status":"open","ping_status":"closed","template":"","meta":{"om_disable_all_campaigns":false,"_monsterinsights_skip_tracking":false,"_monsterinsights_sitenote_active":false,"_monsterinsights_sitenote_note":"","_monsterinsights_sitenote_category":0,"jetpack_publicize_message":"","jetpack_publicize_feature_enabled":true,"jetpack_social_post_already_shared":true,"jetpack_social_options":{"image_generator_settings":{"template":"highway","enabled":false},"version":2}},"product_brand":[],"product_cat":[58],"product_tag":[],"class_list":{"0":"post-1842","1":"product","2":"type-product","3":"status-publish","4":"has-post-thumbnail","6":"product_cat-pulp","8":"first","9":"instock","10":"shipping-taxable","11":"purchasable","12":"product-type-variable"},"jetpack_publicize_connections":[],"aioseo_notices":[],"jetpack_sharing_enabled":true,"_links":{"self":[{"href":"https:\/\/swiss-hookah.ch\/de\/wp-json\/wp\/v2\/product\/1842","targetHints":{"allow":["GET"]}}],"collection":[{"href":"https:\/\/swiss-hookah.ch\/de\/wp-json\/wp\/v2\/product"}],"about":[{"href":"https:\/\/swiss-hookah.ch\/de\/wp-json\/wp\/v2\/types\/product"}],"replies":[{"embeddable":true,"href":"https:\/\/swiss-hookah.ch\/de\/wp-json\/wp\/v2\/comments?post=1842"}],"wp:featuredmedia":[{"embeddable":true,"href":"https:\/\/swiss-hookah.ch\/de\/wp-json\/wp\/v2\/media\/1873"}],"wp:attachment":[{"href":"https:\/\/swiss-hookah.ch\/de\/wp-json\/wp\/v2\/media?parent=1842"}],"wp:term":[{"taxonomy":"product_brand","embeddable":true,"href":"https:\/\/swiss-hookah.ch\/de\/wp-json\/wp\/v2\/product_brand?post=1842"},{"taxonomy":"product_cat","embeddable":true,"href":"https:\/\/swiss-hookah.ch\/de\/wp-json\/wp\/v2\/product_cat?post=1842"},{"taxonomy":"product_tag","embeddable":true,"href":"https:\/\/swiss-hookah.ch\/de\/wp-json\/wp\/v2\/product_tag?post=1842"}],"curies":[{"name":"wp","href":"https:\/\/api.w.org\/{rel}","templated":true}]}}