{"id":1755,"date":"2023-11-10T01:36:15","date_gmt":"2023-11-10T00:36:15","guid":{"rendered":"https:\/\/swiss-hookah.ch\/?post_type=product&#038;p=1755"},"modified":"2026-02-07T20:41:30","modified_gmt":"2026-02-07T19:41:30","slug":"joker-pear-chill-200g","status":"publish","type":"product","link":"https:\/\/swiss-hookah.ch\/de\/product\/joker-pear-chill-200g\/","title":{"rendered":"Joker - Birne Ice (Pear chill) 200g"},"content":{"rendered":"<h3>Promo: Kaufen Sie 4 Tabake der Marke joker und erhalten Sie einen Rabatt von -15% auf den Gesamtpreis!<\/h3>\n<p>Entdecken Sie <strong>die sinnliche Erfahrung<\/strong> unvergleichliche Qualit\u00e4t unseres Tabaks in der<strong> s\u00fc\u00dfe, frische Birne<\/strong>eine exquisite Kreation der renommierten Marke <strong>\" Joker \"<\/strong>stolz hergestellt<strong> in der Schweiz<\/strong>. Diese<strong> perfekte Verschmelzung<\/strong> von fesselnden Geschm\u00e4ckern und au\u00dfergew\u00f6hnlicher Qualit\u00e4t verk\u00f6rpert <strong>die ultimative Kunst des Tabaks<\/strong>.<\/p>\n<p>Jede Inhalation bringt Sie in eine Welt, in der die <strong>nat\u00fcrliche S\u00fc\u00dfe der Birne<\/strong> ist akribisch ausbalanciert mit einer f<strong>belebende Frische<\/strong>. Das hochwertige Blatt <strong>Virginia<\/strong>Die sorgf\u00e4ltig ausgew\u00e4hlten Materialien bieten eine Basis<strong> reich und robust<\/strong> f\u00fcr dieses einzigartige Geschmackserlebnis.<\/p>\n<p>Der Tabak \"Joker\" ist das Ergebnis eines<strong> au\u00dfergew\u00f6hnliches Schweizer Know-how<\/strong>wo Tradition auf Innovation trifft. Jedes Blatt wird mit handwerklicher Expertise verarbeitet, um eine<strong> langsame und gleichm\u00e4\u00dfige Verbrennung<\/strong>So k\u00f6nnen die zarten Aromen des <strong>s\u00fc\u00dfe, frische Birne<\/strong> sich mit jedem Zug vollst\u00e4ndig zu befreien.<\/p>\n<p>Lassen Sie sich von der Raffinesse dieses<strong> Einzeltabak<\/strong>Ein Buch, das f\u00fcr Kenner konzipiert wurde, die eine Erfahrung von <strong>raffinierter Rauch<\/strong>. \"Joker\" definiert die Standards von <strong>die Tabakindustrie<\/strong> indem sie ein Produkt anbieten, das Schweizer Qualit\u00e4t, exquisite Aromen und einen unnachahmlichen Hauch von Frische vereint. Genie\u00dfen Sie jeden Moment mit diesem <strong>au\u00dfergew\u00f6hnlicher tabak<\/strong>Eine wahre Feier der Kunst des Rauchens.<\/p>\n<h3>Tabakblatt Virginia<\/h3>\n<p>Die unverwechselbare Qualit\u00e4t des Virginia-Blattes, bietet eine<strong> vollkommene Harmonie<\/strong> zwischen fruchtiger S\u00fc\u00dfe und reichem Tabak.<\/p>\n<p><img fetchpriority=\"high\" decoding=\"async\" class=\"size-medium wp-image-1747 aligncenter\" src=\"http:\/\/swiss-hookah.ch\/wp-content\/uploads\/2023\/11\/DreamShaper_v7_create_me_an_image_that_presents_the_high_quali_1-300x225.jpg\" alt=\"\" width=\"300\" height=\"225\" srcset=\"https:\/\/swiss-hookah.ch\/wp-content\/uploads\/2023\/11\/DreamShaper_v7_create_me_an_image_that_presents_the_high_quali_1-300x225.jpg 300w, https:\/\/swiss-hookah.ch\/wp-content\/uploads\/2023\/11\/DreamShaper_v7_create_me_an_image_that_presents_the_high_quali_1-768x576.jpg 768w, https:\/\/swiss-hookah.ch\/wp-content\/uploads\/2023\/11\/DreamShaper_v7_create_me_an_image_that_presents_the_high_quali_1-600x450.jpg 600w, https:\/\/swiss-hookah.ch\/wp-content\/uploads\/2023\/11\/DreamShaper_v7_create_me_an_image_that_presents_the_high_quali_1.jpg 1024w\" sizes=\"(max-width: 300px) 100vw, 300px\" \/><\/p>\n<p>&nbsp;<\/p>\n<h3>Genie\u00dfen Sie!<\/h3>\n<p>G\u00f6nnen Sie sich eine au\u00dfergew\u00f6hnliche Pause mit dieser einzigartigen Mischung, die<strong> wird Ihre Geschmacksknospen bei jedem Zug wecken.<\/strong><\/p>\n<p>&nbsp;<\/p>\n<p><img decoding=\"async\" class=\"size-medium wp-image-1748 aligncenter\" src=\"http:\/\/swiss-hookah.ch\/wp-content\/uploads\/2023\/11\/DreamShaper_v7_draw_me_a_man_with_a_hookah_0-300x225.jpg\" alt=\"\" width=\"300\" height=\"225\" srcset=\"https:\/\/swiss-hookah.ch\/wp-content\/uploads\/2023\/11\/DreamShaper_v7_draw_me_a_man_with_a_hookah_0-300x225.jpg 300w, https:\/\/swiss-hookah.ch\/wp-content\/uploads\/2023\/11\/DreamShaper_v7_draw_me_a_man_with_a_hookah_0-768x576.jpg 768w, https:\/\/swiss-hookah.ch\/wp-content\/uploads\/2023\/11\/DreamShaper_v7_draw_me_a_man_with_a_hookah_0-600x450.jpg 600w, https:\/\/swiss-hookah.ch\/wp-content\/uploads\/2023\/11\/DreamShaper_v7_draw_me_a_man_with_a_hookah_0.jpg 1024w\" sizes=\"(max-width: 300px) 100vw, 300px\" \/><\/p>","protected":false},"excerpt":{"rendered":"<p>Shisha-Tabak \"\u00a0<strong>Joker\" s\u00fc\u00dfe, frische Birne<\/strong>. Sorgf\u00e4ltig hergestellt<strong> in der Schweiz zu niedrigen Preisen. Birne, s\u00fc\u00df, frisch, 200g<\/strong><\/p>","protected":false},"featured_media":6102,"comment_status":"open","ping_status":"closed","template":"","meta":{"om_disable_all_campaigns":false,"_monsterinsights_skip_tracking":false,"_monsterinsights_sitenote_active":false,"_monsterinsights_sitenote_note":"","_monsterinsights_sitenote_category":0,"jetpack_publicize_message":"","jetpack_publicize_feature_enabled":true,"jetpack_social_post_already_shared":false,"jetpack_social_options":{"image_generator_settings":{"template":"highway","enabled":false},"version":2}},"product_brand":[],"product_cat":[57],"product_tag":[],"class_list":{"0":"post-1755","1":"product","2":"type-product","3":"status-publish","4":"has-post-thumbnail","6":"product_cat-joker","8":"first","9":"outofstock","10":"sale","11":"shipping-taxable","12":"purchasable","13":"product-type-simple"},"jetpack_publicize_connections":[],"aioseo_notices":[],"jetpack_sharing_enabled":true,"_links":{"self":[{"href":"https:\/\/swiss-hookah.ch\/de\/wp-json\/wp\/v2\/product\/1755","targetHints":{"allow":["GET"]}}],"collection":[{"href":"https:\/\/swiss-hookah.ch\/de\/wp-json\/wp\/v2\/product"}],"about":[{"href":"https:\/\/swiss-hookah.ch\/de\/wp-json\/wp\/v2\/types\/product"}],"replies":[{"embeddable":true,"href":"https:\/\/swiss-hookah.ch\/de\/wp-json\/wp\/v2\/comments?post=1755"}],"wp:featuredmedia":[{"embeddable":true,"href":"https:\/\/swiss-hookah.ch\/de\/wp-json\/wp\/v2\/media\/6102"}],"wp:attachment":[{"href":"https:\/\/swiss-hookah.ch\/de\/wp-json\/wp\/v2\/media?parent=1755"}],"wp:term":[{"taxonomy":"product_brand","embeddable":true,"href":"https:\/\/swiss-hookah.ch\/de\/wp-json\/wp\/v2\/product_brand?post=1755"},{"taxonomy":"product_cat","embeddable":true,"href":"https:\/\/swiss-hookah.ch\/de\/wp-json\/wp\/v2\/product_cat?post=1755"},{"taxonomy":"product_tag","embeddable":true,"href":"https:\/\/swiss-hookah.ch\/de\/wp-json\/wp\/v2\/product_tag?post=1755"}],"curies":[{"name":"wp","href":"https:\/\/api.w.org\/{rel}","templated":true}]}}