{"id":1753,"date":"2023-11-10T01:27:38","date_gmt":"2023-11-10T00:27:38","guid":{"rendered":"https:\/\/swiss-hookah.ch\/?post_type=product&#038;p=1753"},"modified":"2024-08-12T20:58:39","modified_gmt":"2024-08-12T18:58:39","slug":"joker-love-200g","status":"publish","type":"product","link":"https:\/\/swiss-hookah.ch\/de\/product\/joker-love-200g\/","title":{"rendered":"Joker - Love (Lovely) 200g"},"content":{"rendered":"<h3>Promo: Kaufen Sie 4 Tabake der Marke joker und erhalten Sie einen Rabatt von -15% auf den Gesamtpreis!<\/h3>\n<p>Entdecken Sie <strong>die ultimative Erfahrung<\/strong> de chicha mit Tabak <strong>\" Joker \"<\/strong>eine Kreation<strong> schweiz<\/strong> von au\u00dfergew\u00f6hnlicher Qualit\u00e4t. Diese exquisite<strong> Geschmacksfusion<\/strong> nimmt Ihre Sinne mit auf eine Reise <strong>unvergessliche Aromatik<\/strong>. <strong>Die perfekte Kombination<\/strong> von <strong>saftige Melone<\/strong>von <strong>s\u00fc\u00dfe Erdbeere<\/strong> und von <strong>exotische Passionsfrucht<\/strong> schafft eine Symphonie von Geschm\u00e4ckern, die bei jedem Zug Ihre Geschmacksknospen wecken wird.<\/p>\n<p>Unser Shisha-Tabak \"Joker\" zeichnet sich durch seine<strong> hochwertiges Blatt Virginia<\/strong>Die meisten von ihnen haben eine <strong>langsame Verbrennung<\/strong> und eine optimale Freisetzung von Aromen. <strong>Die sorgf\u00e4ltige Auswahl der Zutaten<\/strong> bietet ein reichhaltiges und ausgewogenes Geschmackserlebnis, w\u00e4hrend die <strong>subtile Frische<\/strong> f\u00fcgt eine Dimension hinzu <strong>erfrischend<\/strong> bei jedem Zug, evoziert ein Gef\u00fchl <strong>belebend bei jeder Inhalation<\/strong>.<\/p>\n<p><strong>Hergestellt in der Schweiz<\/strong>Dieser Shisha-Tabak verk\u00f6rpert Exzellenz und Pr\u00e4zisionshandwerk. Jedes Gramm ist das Ergebnis eines sorgf\u00e4ltig orchestrierten Herstellungsprozesses, der bei jeder Charge eine gleichbleibende Qualit\u00e4t gew\u00e4hrleistet. G\u00f6nnen Sie sich <strong>Luxus<\/strong> einer au\u00dfergew\u00f6hnlichen Shisha-Erfahrung mit dem \"Joker\"-Tabak<strong> mit Melone, Erdbeere und Passionsfrucht<\/strong>Lassen Sie sich in eine Zeit der Entspannung und des Genusses entf\u00fchren.<\/p>\n<h3>Tabakblatt Virginia<\/h3>\n<p>Die unverwechselbare Qualit\u00e4t des Virginia-Blattes, bietet eine<strong> vollkommene Harmonie<\/strong> zwischen fruchtiger S\u00fc\u00dfe und reichem Tabak.<\/p>\n<p><img fetchpriority=\"high\" decoding=\"async\" class=\"size-medium wp-image-1747 aligncenter\" src=\"http:\/\/swiss-hookah.ch\/wp-content\/uploads\/2023\/11\/DreamShaper_v7_create_me_an_image_that_presents_the_high_quali_1-300x225.jpg\" alt=\"\" width=\"300\" height=\"225\" srcset=\"https:\/\/swiss-hookah.ch\/wp-content\/uploads\/2023\/11\/DreamShaper_v7_create_me_an_image_that_presents_the_high_quali_1-300x225.jpg 300w, https:\/\/swiss-hookah.ch\/wp-content\/uploads\/2023\/11\/DreamShaper_v7_create_me_an_image_that_presents_the_high_quali_1-768x576.jpg 768w, https:\/\/swiss-hookah.ch\/wp-content\/uploads\/2023\/11\/DreamShaper_v7_create_me_an_image_that_presents_the_high_quali_1-600x450.jpg 600w, https:\/\/swiss-hookah.ch\/wp-content\/uploads\/2023\/11\/DreamShaper_v7_create_me_an_image_that_presents_the_high_quali_1.jpg 1024w\" sizes=\"(max-width: 300px) 100vw, 300px\" \/><\/p>\n<p>&nbsp;<\/p>\n<h3>Genie\u00dfen Sie!<\/h3>\n<p>G\u00f6nnen Sie sich eine au\u00dfergew\u00f6hnliche Pause mit dieser einzigartigen Mischung, die<strong> wird Ihre Geschmacksknospen bei jedem Zug wecken.<\/strong><\/p>\n<p>&nbsp;<\/p>\n<p><img decoding=\"async\" class=\"size-medium wp-image-1748 aligncenter\" src=\"http:\/\/swiss-hookah.ch\/wp-content\/uploads\/2023\/11\/DreamShaper_v7_draw_me_a_man_with_a_hookah_0-300x225.jpg\" alt=\"\" width=\"300\" height=\"225\" srcset=\"https:\/\/swiss-hookah.ch\/wp-content\/uploads\/2023\/11\/DreamShaper_v7_draw_me_a_man_with_a_hookah_0-300x225.jpg 300w, https:\/\/swiss-hookah.ch\/wp-content\/uploads\/2023\/11\/DreamShaper_v7_draw_me_a_man_with_a_hookah_0-768x576.jpg 768w, https:\/\/swiss-hookah.ch\/wp-content\/uploads\/2023\/11\/DreamShaper_v7_draw_me_a_man_with_a_hookah_0-600x450.jpg 600w, https:\/\/swiss-hookah.ch\/wp-content\/uploads\/2023\/11\/DreamShaper_v7_draw_me_a_man_with_a_hookah_0.jpg 1024w\" sizes=\"(max-width: 300px) 100vw, 300px\" \/><\/p>","protected":false},"excerpt":{"rendered":"<p>Shisha-Tabak \"\u00a0<strong>Joker\" mit Melone, Erdbeere und Passionsfrucht<\/strong>. Sorgf\u00e4ltig hergestellt<strong> in der Schweiz zu niedrigen Preisen. Melone, Erdbeere und Passionsfrucht, 200g<\/strong><\/p>","protected":false},"featured_media":1754,"comment_status":"open","ping_status":"closed","template":"","meta":{"om_disable_all_campaigns":false,"_monsterinsights_skip_tracking":false,"_monsterinsights_sitenote_active":false,"_monsterinsights_sitenote_note":"","_monsterinsights_sitenote_category":0,"jetpack_publicize_message":"","jetpack_publicize_feature_enabled":true,"jetpack_social_post_already_shared":false,"jetpack_social_options":{"image_generator_settings":{"template":"highway","enabled":false},"version":2}},"product_brand":[],"product_cat":[57],"product_tag":[],"class_list":{"0":"post-1753","1":"product","2":"type-product","3":"status-publish","4":"has-post-thumbnail","6":"product_cat-joker","8":"first","9":"instock","10":"sale","11":"shipping-taxable","12":"purchasable","13":"product-type-simple"},"jetpack_publicize_connections":[],"aioseo_notices":[],"jetpack_sharing_enabled":true,"_links":{"self":[{"href":"https:\/\/swiss-hookah.ch\/de\/wp-json\/wp\/v2\/product\/1753","targetHints":{"allow":["GET"]}}],"collection":[{"href":"https:\/\/swiss-hookah.ch\/de\/wp-json\/wp\/v2\/product"}],"about":[{"href":"https:\/\/swiss-hookah.ch\/de\/wp-json\/wp\/v2\/types\/product"}],"replies":[{"embeddable":true,"href":"https:\/\/swiss-hookah.ch\/de\/wp-json\/wp\/v2\/comments?post=1753"}],"wp:featuredmedia":[{"embeddable":true,"href":"https:\/\/swiss-hookah.ch\/de\/wp-json\/wp\/v2\/media\/1754"}],"wp:attachment":[{"href":"https:\/\/swiss-hookah.ch\/de\/wp-json\/wp\/v2\/media?parent=1753"}],"wp:term":[{"taxonomy":"product_brand","embeddable":true,"href":"https:\/\/swiss-hookah.ch\/de\/wp-json\/wp\/v2\/product_brand?post=1753"},{"taxonomy":"product_cat","embeddable":true,"href":"https:\/\/swiss-hookah.ch\/de\/wp-json\/wp\/v2\/product_cat?post=1753"},{"taxonomy":"product_tag","embeddable":true,"href":"https:\/\/swiss-hookah.ch\/de\/wp-json\/wp\/v2\/product_tag?post=1753"}],"curies":[{"name":"wp","href":"https:\/\/api.w.org\/{rel}","templated":true}]}}