{"id":1751,"date":"2023-11-10T01:20:11","date_gmt":"2023-11-10T00:20:11","guid":{"rendered":"https:\/\/swiss-hookah.ch\/?post_type=product&#038;p=1751"},"modified":"2026-01-12T12:33:05","modified_gmt":"2026-01-12T11:33:05","slug":"joker-menthe-200g","status":"publish","type":"product","link":"https:\/\/swiss-hookah.ch\/de\/product\/joker-menthe-200g\/","title":{"rendered":"Joker - Minze (Arabic mint) 200g"},"content":{"rendered":"<h3>Promo: Kaufen Sie 4 Tabake der Marke joker und erhalten Sie einen Rabatt von -15% auf den Gesamtpreis!<\/h3>\n<p>Entdecken Sie ein Shisha-Erlebnis <strong>erfrischend und exquisit<\/strong> mit Shisha-Tabak an der <strong>Minze<\/strong> der bekannten Marke<strong> \"Joker\".<\/strong> Diese Schweizer Kreation verk\u00f6rpert Eleganz und <strong>herausragende Qualit\u00e4t<\/strong>Die Shisha-Liebhaber k\u00f6nnen sich auf eine <strong>unvergessliche Geschmacksexkursion<\/strong>.<\/p>\n<p>Die Basis dieses Shisha-Tabaks beruht auf Bl\u00e4ttern von <strong>Top-Qualit\u00e4t Virginia<\/strong>Die sorgf\u00e4ltig ausgew\u00e4hlten Materialien sorgen f\u00fcr eine langsame und gleichm\u00e4\u00dfige Verbrennung. Jeder Zug enth\u00fcllt <strong>die Reinheit des Geschmacks<\/strong>Die Geschichte wird durch eine<strong> herrlich frische Minze<\/strong> der die Geschmacksknospen kitzelt.<\/p>\n<p>Das Aroma <strong>s\u00fc\u00df<\/strong> rundet diese Sinneserfahrung ab und f\u00fcgt einen Hauch von <strong>Sanftheit<\/strong> bei jeder Inhalation. Die Aromen verbinden sich harmonisch miteinander und schaffen eine Geschmackssymphonie, die wissen wird <strong>selbst die anspruchsvollsten Shisha-Liebhaber zufriedenstellen.<\/strong><\/p>\n<p><strong>Hergestellt in der Schweiz<\/strong>Dieser Shisha-Tabak verk\u00f6rpert hochwertige Handwerkskunst und eine hervorragende Tradition. Die Marke \"Joker\" steht f\u00fcr <strong>von Innovation und Zufriedenheit<\/strong>Das Ergebnis ist ein Produkt, das die Erwartungen \u00fcbertrifft und neue Standards in der Welt der Shisha setzt.<\/p>\n<p>Lassen Sie sich von der Schweizer Eleganz und der Harmonie der Aromen mitrei\u00dfen mit dem Shisha-Tabak mit Minze der Marke \"Joker\". Eine <strong>einzigartige Erfahrung<\/strong> die jede Shisha-Sitzung zu einem Moment der <strong>und Entspannung.<\/strong><\/p>\n<h3>Tabakblatt Virginia<\/h3>\n<p>Die unverwechselbare Qualit\u00e4t des Virginia-Blattes, bietet eine<strong> vollkommene Harmonie<\/strong> zwischen fruchtiger S\u00fc\u00dfe und reichem Tabak.<\/p>\n<p><img fetchpriority=\"high\" decoding=\"async\" class=\"size-medium wp-image-1747 aligncenter\" src=\"http:\/\/swiss-hookah.ch\/wp-content\/uploads\/2023\/11\/DreamShaper_v7_create_me_an_image_that_presents_the_high_quali_1-300x225.jpg\" alt=\"\" width=\"300\" height=\"225\" srcset=\"https:\/\/swiss-hookah.ch\/wp-content\/uploads\/2023\/11\/DreamShaper_v7_create_me_an_image_that_presents_the_high_quali_1-300x225.jpg 300w, https:\/\/swiss-hookah.ch\/wp-content\/uploads\/2023\/11\/DreamShaper_v7_create_me_an_image_that_presents_the_high_quali_1-768x576.jpg 768w, https:\/\/swiss-hookah.ch\/wp-content\/uploads\/2023\/11\/DreamShaper_v7_create_me_an_image_that_presents_the_high_quali_1-600x450.jpg 600w, https:\/\/swiss-hookah.ch\/wp-content\/uploads\/2023\/11\/DreamShaper_v7_create_me_an_image_that_presents_the_high_quali_1.jpg 1024w\" sizes=\"(max-width: 300px) 100vw, 300px\" \/><\/p>\n<p>&nbsp;<\/p>\n<h3>Genie\u00dfen Sie!<\/h3>\n<p>G\u00f6nnen Sie sich eine au\u00dfergew\u00f6hnliche Pause mit dieser einzigartigen Mischung, die<strong> wird Ihre Geschmacksknospen bei jedem Zug wecken.<\/strong><\/p>\n<p>&nbsp;<\/p>\n<p><img decoding=\"async\" class=\"size-medium wp-image-1748 aligncenter\" src=\"http:\/\/swiss-hookah.ch\/wp-content\/uploads\/2023\/11\/DreamShaper_v7_draw_me_a_man_with_a_hookah_0-300x225.jpg\" alt=\"\" width=\"300\" height=\"225\" srcset=\"https:\/\/swiss-hookah.ch\/wp-content\/uploads\/2023\/11\/DreamShaper_v7_draw_me_a_man_with_a_hookah_0-300x225.jpg 300w, https:\/\/swiss-hookah.ch\/wp-content\/uploads\/2023\/11\/DreamShaper_v7_draw_me_a_man_with_a_hookah_0-768x576.jpg 768w, https:\/\/swiss-hookah.ch\/wp-content\/uploads\/2023\/11\/DreamShaper_v7_draw_me_a_man_with_a_hookah_0-600x450.jpg 600w, https:\/\/swiss-hookah.ch\/wp-content\/uploads\/2023\/11\/DreamShaper_v7_draw_me_a_man_with_a_hookah_0.jpg 1024w\" sizes=\"(max-width: 300px) 100vw, 300px\" \/><\/p>","protected":false},"excerpt":{"rendered":"<p>Shisha-Tabak \"\u00a0<strong>Joker\" an <\/strong><strong>Minze und s\u00fc\u00dfes Gelee<\/strong>. Sorgf\u00e4ltig hergestellt<strong> in der Schweiz zu einem niedrigen Preis. mint, 200g<\/strong><\/p>","protected":false},"featured_media":1752,"comment_status":"open","ping_status":"closed","template":"","meta":{"om_disable_all_campaigns":false,"_monsterinsights_skip_tracking":false,"_monsterinsights_sitenote_active":false,"_monsterinsights_sitenote_note":"","_monsterinsights_sitenote_category":0,"jetpack_publicize_message":"","jetpack_publicize_feature_enabled":true,"jetpack_social_post_already_shared":false,"jetpack_social_options":{"image_generator_settings":{"template":"highway","enabled":false},"version":2}},"product_brand":[],"product_cat":[57],"product_tag":[],"class_list":{"0":"post-1751","1":"product","2":"type-product","3":"status-publish","4":"has-post-thumbnail","6":"product_cat-joker","8":"first","9":"instock","10":"sale","11":"shipping-taxable","12":"purchasable","13":"product-type-simple"},"jetpack_publicize_connections":[],"aioseo_notices":[],"jetpack_sharing_enabled":true,"_links":{"self":[{"href":"https:\/\/swiss-hookah.ch\/de\/wp-json\/wp\/v2\/product\/1751","targetHints":{"allow":["GET"]}}],"collection":[{"href":"https:\/\/swiss-hookah.ch\/de\/wp-json\/wp\/v2\/product"}],"about":[{"href":"https:\/\/swiss-hookah.ch\/de\/wp-json\/wp\/v2\/types\/product"}],"replies":[{"embeddable":true,"href":"https:\/\/swiss-hookah.ch\/de\/wp-json\/wp\/v2\/comments?post=1751"}],"wp:featuredmedia":[{"embeddable":true,"href":"https:\/\/swiss-hookah.ch\/de\/wp-json\/wp\/v2\/media\/1752"}],"wp:attachment":[{"href":"https:\/\/swiss-hookah.ch\/de\/wp-json\/wp\/v2\/media?parent=1751"}],"wp:term":[{"taxonomy":"product_brand","embeddable":true,"href":"https:\/\/swiss-hookah.ch\/de\/wp-json\/wp\/v2\/product_brand?post=1751"},{"taxonomy":"product_cat","embeddable":true,"href":"https:\/\/swiss-hookah.ch\/de\/wp-json\/wp\/v2\/product_cat?post=1751"},{"taxonomy":"product_tag","embeddable":true,"href":"https:\/\/swiss-hookah.ch\/de\/wp-json\/wp\/v2\/product_tag?post=1751"}],"curies":[{"name":"wp","href":"https:\/\/api.w.org\/{rel}","templated":true}]}}