{"id":1749,"date":"2023-11-10T01:08:43","date_gmt":"2023-11-10T00:08:43","guid":{"rendered":"https:\/\/swiss-hookah.ch\/?post_type=product&#038;p=1749"},"modified":"2024-09-25T11:19:53","modified_gmt":"2024-09-25T09:19:53","slug":"joker-pomme-verte-200g","status":"publish","type":"product","link":"https:\/\/swiss-hookah.ch\/de\/product\/joker-pomme-verte-200g\/","title":{"rendered":"Joker - Gr\u00fcner Apfel (Perso apple) 200g"},"content":{"rendered":"<h3>Promo: Kaufen Sie 4 Tabake der Marke joker und erhalten Sie einen Rabatt von -15% auf den Gesamtpreis!<\/h3>\n<p>Tauchen Sie in ein Shisha-Erlebnis ein<strong> unvergleichlich<\/strong> mit Shisha-Tabak an der<strong> s\u00e4uerlicher gr\u00fcner Apfel<\/strong> der bekannten Marke <strong>\" Joker \"<\/strong>. Hergestellt<strong> in der Schweiz<\/strong>Dieser Tabak von <strong>hohe Qualit\u00e4t<\/strong> wurde sorgf\u00e4ltig f\u00fcr anspruchsvolle Amateure entwickelt, die auf der Suche nach einem <strong>einzigartigen und unvergesslichen Geschmack.<\/strong><\/p>\n<p>Die k\u00fchnen Nuancen von <strong>s\u00e4uerlicher gr\u00fcner Apfel<\/strong> wecken Ihre Sinne vom ersten Zug an und bieten ein Geschmackserlebnis, das auf subtile Weise verbindet <strong>die erfrischende S\u00e4ure des Apfels mit s\u00fc\u00dfer S\u00fc\u00dfe<\/strong> bet\u00f6renden Geschmack. F\u00fcr einen zus\u00e4tzlichen Genuss wird der Tabak mit einem k\u00f6stlichen Gelee getr\u00e4nkt und f\u00fcgt so eine<strong> exquisite Textur<\/strong> bei jeder Shisha-Sitzung<\/p>\n<p><strong>Das hochwertige Blatt Virginia<\/strong>Die f\u00fcr die Herstellung dieses Tabaks verwendete Substanz garantiert eine hohe Qualit\u00e4t. <strong>langsame Verbrennung<\/strong> und gleichm\u00e4\u00dfig, wodurch die exquisiten Aromen des gr\u00fcnen Apfels bei jedem Zug voll freigesetzt werden. Jeder Tabakstrang wird mit gr\u00f6\u00dfter Sorgfalt verarbeitet, um eine gleichbleibend hohe Qualit\u00e4t zu gew\u00e4hrleisten, was dieses Produkt zu einer bevorzugten Option f\u00fcr <strong>anspruchsvolle Kenner.<\/strong><\/p>\n<p>G\u00f6nnen Sie sich eine <strong>au\u00dfergew\u00f6hnliches Shisha-Erlebnis<\/strong> mit dem gr\u00fcnen Apfeltabak der Marke \"Joker\". Definieren Sie Ihren Chichesque-Genuss mit dieser perfekt ausgewogenen Kombination neu<strong> von S\u00e4ure, S\u00fc\u00dfe und Frische<\/strong>Sie ist in ein Virginia-Blatt geh\u00fcllt, das Folgendes verk\u00f6rpert<strong> Schweizer Exzellenz.<\/strong><\/p>\n<h3><\/h3>\n<h3>Tabakblatt Virginia<\/h3>\n<p>Die unverwechselbare Qualit\u00e4t des Virginia-Blattes, bietet eine<strong> vollkommene Harmonie<\/strong> zwischen fruchtiger S\u00fc\u00dfe und reichem Tabak.<\/p>\n<p><img fetchpriority=\"high\" decoding=\"async\" class=\"size-medium wp-image-1747 aligncenter\" src=\"http:\/\/swiss-hookah.ch\/wp-content\/uploads\/2023\/11\/DreamShaper_v7_create_me_an_image_that_presents_the_high_quali_1-300x225.jpg\" alt=\"\" width=\"300\" height=\"225\" srcset=\"https:\/\/swiss-hookah.ch\/wp-content\/uploads\/2023\/11\/DreamShaper_v7_create_me_an_image_that_presents_the_high_quali_1-300x225.jpg 300w, https:\/\/swiss-hookah.ch\/wp-content\/uploads\/2023\/11\/DreamShaper_v7_create_me_an_image_that_presents_the_high_quali_1-768x576.jpg 768w, https:\/\/swiss-hookah.ch\/wp-content\/uploads\/2023\/11\/DreamShaper_v7_create_me_an_image_that_presents_the_high_quali_1-600x450.jpg 600w, https:\/\/swiss-hookah.ch\/wp-content\/uploads\/2023\/11\/DreamShaper_v7_create_me_an_image_that_presents_the_high_quali_1.jpg 1024w\" sizes=\"(max-width: 300px) 100vw, 300px\" \/><\/p>\n<p>&nbsp;<\/p>\n<h3>Genie\u00dfen Sie!<\/h3>\n<p>G\u00f6nnen Sie sich eine au\u00dfergew\u00f6hnliche Pause mit dieser einzigartigen Mischung, die<strong> wird Ihre Geschmacksknospen bei jedem Zug wecken.<\/strong><\/p>\n<p>&nbsp;<\/p>\n<p><img decoding=\"async\" class=\"size-medium wp-image-1748 aligncenter\" src=\"http:\/\/swiss-hookah.ch\/wp-content\/uploads\/2023\/11\/DreamShaper_v7_draw_me_a_man_with_a_hookah_0-300x225.jpg\" alt=\"\" width=\"300\" height=\"225\" srcset=\"https:\/\/swiss-hookah.ch\/wp-content\/uploads\/2023\/11\/DreamShaper_v7_draw_me_a_man_with_a_hookah_0-300x225.jpg 300w, https:\/\/swiss-hookah.ch\/wp-content\/uploads\/2023\/11\/DreamShaper_v7_draw_me_a_man_with_a_hookah_0-768x576.jpg 768w, https:\/\/swiss-hookah.ch\/wp-content\/uploads\/2023\/11\/DreamShaper_v7_draw_me_a_man_with_a_hookah_0-600x450.jpg 600w, https:\/\/swiss-hookah.ch\/wp-content\/uploads\/2023\/11\/DreamShaper_v7_draw_me_a_man_with_a_hookah_0.jpg 1024w\" sizes=\"(max-width: 300px) 100vw, 300px\" \/><\/p>","protected":false},"excerpt":{"rendered":"<p>Shisha-Tabak \"\u00a0<strong>Joker\" mit sauren gr\u00fcnen \u00c4pfeln und s\u00fc\u00dfem Gelee<\/strong>. Sorgf\u00e4ltig hergestellt<strong> in der Schweiz zu einem niedrigen Preis. gr\u00fcner Apfel Gelee, 200g<\/strong><\/p>","protected":false},"featured_media":1750,"comment_status":"open","ping_status":"closed","template":"","meta":{"om_disable_all_campaigns":false,"_monsterinsights_skip_tracking":false,"_monsterinsights_sitenote_active":false,"_monsterinsights_sitenote_note":"","_monsterinsights_sitenote_category":0,"jetpack_publicize_message":"","jetpack_publicize_feature_enabled":true,"jetpack_social_post_already_shared":false,"jetpack_social_options":{"image_generator_settings":{"template":"highway","enabled":false},"version":2}},"product_brand":[],"product_cat":[57],"product_tag":[],"class_list":{"0":"post-1749","1":"product","2":"type-product","3":"status-publish","4":"has-post-thumbnail","6":"product_cat-joker","8":"first","9":"outofstock","10":"sale","11":"shipping-taxable","12":"purchasable","13":"product-type-simple"},"jetpack_publicize_connections":[],"aioseo_notices":[],"jetpack_sharing_enabled":true,"_links":{"self":[{"href":"https:\/\/swiss-hookah.ch\/de\/wp-json\/wp\/v2\/product\/1749","targetHints":{"allow":["GET"]}}],"collection":[{"href":"https:\/\/swiss-hookah.ch\/de\/wp-json\/wp\/v2\/product"}],"about":[{"href":"https:\/\/swiss-hookah.ch\/de\/wp-json\/wp\/v2\/types\/product"}],"replies":[{"embeddable":true,"href":"https:\/\/swiss-hookah.ch\/de\/wp-json\/wp\/v2\/comments?post=1749"}],"wp:featuredmedia":[{"embeddable":true,"href":"https:\/\/swiss-hookah.ch\/de\/wp-json\/wp\/v2\/media\/1750"}],"wp:attachment":[{"href":"https:\/\/swiss-hookah.ch\/de\/wp-json\/wp\/v2\/media?parent=1749"}],"wp:term":[{"taxonomy":"product_brand","embeddable":true,"href":"https:\/\/swiss-hookah.ch\/de\/wp-json\/wp\/v2\/product_brand?post=1749"},{"taxonomy":"product_cat","embeddable":true,"href":"https:\/\/swiss-hookah.ch\/de\/wp-json\/wp\/v2\/product_cat?post=1749"},{"taxonomy":"product_tag","embeddable":true,"href":"https:\/\/swiss-hookah.ch\/de\/wp-json\/wp\/v2\/product_tag?post=1749"}],"curies":[{"name":"wp","href":"https:\/\/api.w.org\/{rel}","templated":true}]}}