{"id":1745,"date":"2023-11-10T00:12:26","date_gmt":"2023-11-09T23:12:26","guid":{"rendered":"https:\/\/swiss-hookah.ch\/?post_type=product&#038;p=1745"},"modified":"2026-02-03T20:21:39","modified_gmt":"2026-02-03T19:21:39","slug":"joker-ananas-ice-joker-special-200g","status":"publish","type":"product","link":"https:\/\/swiss-hookah.ch\/de\/product\/joker-ananas-ice-joker-special-200g\/","title":{"rendered":"Joker - Ananas Ice (Joker special) 200g"},"content":{"rendered":"<h3>Promo: Kaufen Sie 4 Tabake der Marke joker und erhalten Sie einen Rabatt von -15% auf den Gesamtpreis!<\/h3>\n<p>Entdecken Sie eine<strong> Shisha-Erfahrung<\/strong> exquisit mit Shisha-Tabak \"\u00a0<strong>Joker\" mit s\u00fc\u00dfer, gefrorener Ananas<\/strong>. Sorgf\u00e4ltig hergestellt<strong> in der Schweiz<\/strong>Diese au\u00dfergew\u00f6hnliche Mischung marie <strong>das tropische Aroma der Ananas<\/strong> an die <strong>hohe Qualit\u00e4t des Virginia-Blattes<\/strong>. Kenner werden die zarte Textur und die <strong>langsame Verbrennung<\/strong> dieses Blattes und bietet eine<strong> leichter Rauch<\/strong> und reich an Geschmack.<\/p>\n<p>Die <strong>Tabak<\/strong> Joker\"-Shisha mit s\u00fc\u00dfer, gefrorener Ananas wird mit akribischer Sorgfalt hergestellt, um eine hohe Qualit\u00e4t zu gew\u00e4hrleisten. <strong>unvergleichliches Geschmackserlebnis<\/strong>. Die <strong>s\u00fc\u00dfe Nuancen<\/strong> der Ananas werden durch die unverwechselbare Qualit\u00e4t des Virginia-Blattes sublimiert und bieten eine<strong> vollkommene Harmonie<\/strong> zwischen fruchtiger S\u00fc\u00dfe und reichem Tabak.<\/p>\n<p>Jeder Zug versetzt Ihre Sinne in eine <strong>Tropenreise<\/strong>wo s\u00fc\u00dfe Ananas und<strong> erfrischend<\/strong> vermischt sich mit dem beruhigenden Gef\u00fchl des Rauchens. Die anspruchsvolle Verpackung und der renommierte Markenname \"Joker\" zeugen von der Verpflichtung gegen\u00fcber<strong> die hervorragende Qualit\u00e4t dieses Produkts.<\/strong><\/p>\n<p>Ob Sie ein<strong> erfahrener Amateur<\/strong> oder dass Sie <strong>entdecken Sie die Welt der Shisha<\/strong>Der Shisha-Tabak mit s\u00fc\u00dfer, gefrorener Ananas der Marke \"Joker\" verk\u00f6rpert<strong> Eleganz<\/strong>Schweizer Qualit\u00e4t und die Kunst, jeden Moment der Entspannung zu genie\u00dfen. G\u00f6nnen Sie sich eine au\u00dfergew\u00f6hnliche Auszeit mit dieser einzigartigen Mischung, die<strong> wird Ihre Geschmacksknospen bei jedem Zug wecken.<\/strong><\/p>\n<h3><\/h3>\n<h3>Tabakblatt Virginia<\/h3>\n<p>Die unverwechselbare Qualit\u00e4t des Virginia-Blattes, bietet eine<strong> vollkommene Harmonie<\/strong> zwischen fruchtiger S\u00fc\u00dfe und reichem Tabak.<\/p>\n<p><img fetchpriority=\"high\" decoding=\"async\" class=\"size-medium wp-image-1747 aligncenter\" src=\"http:\/\/swiss-hookah.ch\/wp-content\/uploads\/2023\/11\/DreamShaper_v7_create_me_an_image_that_presents_the_high_quali_1-300x225.jpg\" alt=\"\" width=\"300\" height=\"225\" srcset=\"https:\/\/swiss-hookah.ch\/wp-content\/uploads\/2023\/11\/DreamShaper_v7_create_me_an_image_that_presents_the_high_quali_1-300x225.jpg 300w, https:\/\/swiss-hookah.ch\/wp-content\/uploads\/2023\/11\/DreamShaper_v7_create_me_an_image_that_presents_the_high_quali_1-768x576.jpg 768w, https:\/\/swiss-hookah.ch\/wp-content\/uploads\/2023\/11\/DreamShaper_v7_create_me_an_image_that_presents_the_high_quali_1-600x450.jpg 600w, https:\/\/swiss-hookah.ch\/wp-content\/uploads\/2023\/11\/DreamShaper_v7_create_me_an_image_that_presents_the_high_quali_1.jpg 1024w\" sizes=\"(max-width: 300px) 100vw, 300px\" \/><\/p>\n<p>&nbsp;<\/p>\n<h3>Genie\u00dfen Sie!<\/h3>\n<p>G\u00f6nnen Sie sich eine au\u00dfergew\u00f6hnliche Pause mit dieser einzigartigen Mischung, die<strong> wird Ihre Geschmacksknospen bei jedem Zug wecken.<\/strong><\/p>\n<p>&nbsp;<\/p>\n<p><img decoding=\"async\" class=\"size-medium wp-image-1748 aligncenter\" src=\"http:\/\/swiss-hookah.ch\/wp-content\/uploads\/2023\/11\/DreamShaper_v7_draw_me_a_man_with_a_hookah_0-300x225.jpg\" alt=\"\" width=\"300\" height=\"225\" srcset=\"https:\/\/swiss-hookah.ch\/wp-content\/uploads\/2023\/11\/DreamShaper_v7_draw_me_a_man_with_a_hookah_0-300x225.jpg 300w, https:\/\/swiss-hookah.ch\/wp-content\/uploads\/2023\/11\/DreamShaper_v7_draw_me_a_man_with_a_hookah_0-768x576.jpg 768w, https:\/\/swiss-hookah.ch\/wp-content\/uploads\/2023\/11\/DreamShaper_v7_draw_me_a_man_with_a_hookah_0-600x450.jpg 600w, https:\/\/swiss-hookah.ch\/wp-content\/uploads\/2023\/11\/DreamShaper_v7_draw_me_a_man_with_a_hookah_0.jpg 1024w\" sizes=\"(max-width: 300px) 100vw, 300px\" \/><\/p>","protected":false},"excerpt":{"rendered":"<p>Shisha-Tabak \"\u00a0<strong>Joker\" mit s\u00fc\u00dfer, gefrorener Ananas<\/strong>. Sorgf\u00e4ltig hergestellt<strong> in der Schweiz zu niedrigen Preisen. Gefrorene Ananas, 200g<\/strong><\/p>","protected":false},"featured_media":6089,"comment_status":"open","ping_status":"closed","template":"","meta":{"om_disable_all_campaigns":false,"_monsterinsights_skip_tracking":false,"_monsterinsights_sitenote_active":false,"_monsterinsights_sitenote_note":"","_monsterinsights_sitenote_category":0,"jetpack_publicize_message":"","jetpack_publicize_feature_enabled":true,"jetpack_social_post_already_shared":false,"jetpack_social_options":{"image_generator_settings":{"template":"highway","enabled":false},"version":2}},"product_brand":[],"product_cat":[57],"product_tag":[],"class_list":{"0":"post-1745","1":"product","2":"type-product","3":"status-publish","4":"has-post-thumbnail","6":"product_cat-joker","8":"first","9":"outofstock","10":"sale","11":"shipping-taxable","12":"purchasable","13":"product-type-simple"},"jetpack_publicize_connections":[],"aioseo_notices":[],"jetpack_sharing_enabled":true,"_links":{"self":[{"href":"https:\/\/swiss-hookah.ch\/de\/wp-json\/wp\/v2\/product\/1745","targetHints":{"allow":["GET"]}}],"collection":[{"href":"https:\/\/swiss-hookah.ch\/de\/wp-json\/wp\/v2\/product"}],"about":[{"href":"https:\/\/swiss-hookah.ch\/de\/wp-json\/wp\/v2\/types\/product"}],"replies":[{"embeddable":true,"href":"https:\/\/swiss-hookah.ch\/de\/wp-json\/wp\/v2\/comments?post=1745"}],"wp:featuredmedia":[{"embeddable":true,"href":"https:\/\/swiss-hookah.ch\/de\/wp-json\/wp\/v2\/media\/6089"}],"wp:attachment":[{"href":"https:\/\/swiss-hookah.ch\/de\/wp-json\/wp\/v2\/media?parent=1745"}],"wp:term":[{"taxonomy":"product_brand","embeddable":true,"href":"https:\/\/swiss-hookah.ch\/de\/wp-json\/wp\/v2\/product_brand?post=1745"},{"taxonomy":"product_cat","embeddable":true,"href":"https:\/\/swiss-hookah.ch\/de\/wp-json\/wp\/v2\/product_cat?post=1745"},{"taxonomy":"product_tag","embeddable":true,"href":"https:\/\/swiss-hookah.ch\/de\/wp-json\/wp\/v2\/product_tag?post=1745"}],"curies":[{"name":"wp","href":"https:\/\/api.w.org\/{rel}","templated":true}]}}