{"id":1473,"date":"2023-10-26T03:41:58","date_gmt":"2023-10-26T01:41:58","guid":{"rendered":"https:\/\/swiss-hookah.ch\/?post_type=product&#038;p=1473"},"modified":"2024-05-25T13:14:25","modified_gmt":"2024-05-25T11:14:25","slug":"smokah-puff-watermelon-8000","status":"publish","type":"product","link":"https:\/\/swiss-hookah.ch\/de\/product\/smokah-puff-watermelon-8000\/","title":{"rendered":"Smokah puff Wassermelone 8000"},"content":{"rendered":"<p>Das Einwegdampfen<strong> wiederaufladbar<\/strong> der Marke<strong> Smokah<\/strong> ist eine echte Innovation und bietet eine beeindruckende Kapazit\u00e4t von<strong> 8000 Z\u00fcge <\/strong>und<strong> 2% Nikotin<\/strong>\u00a0f\u00fcr eine <strong>Langzeiterfahrung<\/strong>.<\/p>\n<p>Dieses Dampfen <strong>Smokah Wassermelone <\/strong>Einwegartikel ist perfekt geeignet f\u00fcr Liebhaber von <strong>erfrischende Geschmacksrichtungen<\/strong>Sie bietet eine Geschmacksexplosion von<strong> frische Wassermelone<\/strong> bei jeder Inhalation. Seine <strong>ergonomisches Design<\/strong> und kompakt macht sie <strong>leicht zu transportieren<\/strong> \u00fcberall, und seine<strong> bequeme Spitze<\/strong> erm\u00f6glicht eine m\u00fchelose Nutzung.<\/p>\n<p>Genie\u00dfen Sie<strong> das s\u00fc\u00dfe Aroma<\/strong> und <strong>belebend<\/strong> der <strong>frische Wassermelone<\/strong> mit dieser<strong> Einwegdampfen<\/strong> von h\u00f6chster Qualit\u00e4t der Marke Smokah, ein unvergleichliches Erlebnis f\u00fcr Liebhaber von<strong> fruchtige Geschmacksrichtungen<\/strong><strong>es<\/strong>.<\/p>\n<h4><strong>MESH COIL<\/strong><\/h4>\n<ol>\n<li><strong>Mehr Dampf<\/strong> : Sie produzieren eine signifikant gr\u00f6\u00dfere Menge an Dampf und schaffen so ein dichteres und immersives Dampferlebnis.<\/li>\n<li><strong>Intensiver Geschmack<\/strong> : Mesh-Coil-Widerst\u00e4nde verst\u00e4rken die Aromen Ihrer e-Liquids und bieten einen reicheren und tieferen Geschmack beim Inhalieren.<\/li>\n<li><strong>Bester Hit in der Kehle<\/strong> Sie haben einen st\u00e4rkeren Rachenhit, was Benutzer zufriedenstellen kann, die ein Gef\u00fchl suchen, das dem einer traditionellen Zigarette \u00e4hnelt.<\/li>\n<\/ol>\n<p>&nbsp;<\/p>\n<p><img fetchpriority=\"high\" decoding=\"async\" class=\"size-medium wp-image-1724 aligncenter\" src=\"http:\/\/swiss-hookah.ch\/wp-content\/uploads\/2023\/11\/DreamShaper_v7_dessine_moi_une_image_dun_mesh_coil_dune_vape_0-300x200.jpg\" alt=\"\" width=\"300\" height=\"200\" srcset=\"https:\/\/swiss-hookah.ch\/wp-content\/uploads\/2023\/11\/DreamShaper_v7_dessine_moi_une_image_dun_mesh_coil_dune_vape_0-300x200.jpg 300w, https:\/\/swiss-hookah.ch\/wp-content\/uploads\/2023\/11\/DreamShaper_v7_dessine_moi_une_image_dun_mesh_coil_dune_vape_0-1024x683.jpg 1024w, https:\/\/swiss-hookah.ch\/wp-content\/uploads\/2023\/11\/DreamShaper_v7_dessine_moi_une_image_dun_mesh_coil_dune_vape_0-768x512.jpg 768w, https:\/\/swiss-hookah.ch\/wp-content\/uploads\/2023\/11\/DreamShaper_v7_dessine_moi_une_image_dun_mesh_coil_dune_vape_0-600x400.jpg 600w, https:\/\/swiss-hookah.ch\/wp-content\/uploads\/2023\/11\/DreamShaper_v7_dessine_moi_une_image_dun_mesh_coil_dune_vape_0.jpg 1152w\" sizes=\"(max-width: 300px) 100vw, 300px\" \/><\/p>\n<p>&nbsp;<\/p>\n<h4>EIN KOMPAKTES UND ELEGANTES DESIGN<\/h4>\n<p>Werden Sie der stilvollste Puffg\u00e4nger in Ihrer Umgebung!<\/p>\n<p><img decoding=\"async\" class=\"wp-image-1725 aligncenter\" src=\"http:\/\/swiss-hookah.ch\/wp-content\/uploads\/2023\/11\/DreamShaper_v7_Draw_me_a_man_in_a_suit_sitting_in_a_futuristic_2-300x200.jpg\" alt=\"\" width=\"303\" height=\"202\" srcset=\"https:\/\/swiss-hookah.ch\/wp-content\/uploads\/2023\/11\/DreamShaper_v7_Draw_me_a_man_in_a_suit_sitting_in_a_futuristic_2-300x200.jpg 300w, https:\/\/swiss-hookah.ch\/wp-content\/uploads\/2023\/11\/DreamShaper_v7_Draw_me_a_man_in_a_suit_sitting_in_a_futuristic_2-600x400.jpg 600w, https:\/\/swiss-hookah.ch\/wp-content\/uploads\/2023\/11\/DreamShaper_v7_Draw_me_a_man_in_a_suit_sitting_in_a_futuristic_2.jpg 768w\" sizes=\"(max-width: 303px) 100vw, 303px\" \/><\/p>\n<h4>GESCHMACK UND MARKE<\/h4>\n<p><img decoding=\"async\" class=\"alignnone wp-image-1478\" src=\"http:\/\/swiss-hookah.ch\/wp-content\/uploads\/2023\/10\/Unknown-300x150.png\" alt=\"smokah\" width=\"158\" height=\"79\" srcset=\"https:\/\/swiss-hookah.ch\/wp-content\/uploads\/2023\/10\/Unknown-300x150.png 300w, https:\/\/swiss-hookah.ch\/wp-content\/uploads\/2023\/10\/Unknown.png 318w\" sizes=\"(max-width: 158px) 100vw, 158px\" \/><img loading=\"lazy\" decoding=\"async\" class=\"alignnone wp-image-1476\" title=\"Smokah\" src=\"http:\/\/swiss-hookah.ch\/wp-content\/uploads\/2023\/10\/images.jpeg\" alt=\"\" width=\"62\" height=\"62\" srcset=\"https:\/\/swiss-hookah.ch\/wp-content\/uploads\/2023\/10\/images.jpeg 225w, https:\/\/swiss-hookah.ch\/wp-content\/uploads\/2023\/10\/images-150x150.jpeg 150w, https:\/\/swiss-hookah.ch\/wp-content\/uploads\/2023\/10\/images-100x100.jpeg 100w\" sizes=\"(max-width: 62px) 100vw, 62px\" \/><img loading=\"lazy\" decoding=\"async\" class=\"alignnone wp-image-1477\" title=\"Smokah\" src=\"http:\/\/swiss-hookah.ch\/wp-content\/uploads\/2023\/10\/Unknown.jpeg\" alt=\"\" width=\"68\" height=\"68\" srcset=\"https:\/\/swiss-hookah.ch\/wp-content\/uploads\/2023\/10\/Unknown.jpeg 225w, https:\/\/swiss-hookah.ch\/wp-content\/uploads\/2023\/10\/Unknown-150x150.jpeg 150w, https:\/\/swiss-hookah.ch\/wp-content\/uploads\/2023\/10\/Unknown-100x100.jpeg 100w\" sizes=\"(max-width: 68px) 100vw, 68px\" \/><\/p>","protected":false},"excerpt":{"rendered":"<p>dampfen\/ Puff Smokah<strong> nachf\u00fcllbarer Einwegartikel von 8000\u00a0<\/strong><b>Wallungen <\/b>mit<b> 2% Nikotin,<\/b> Wassermelone\/Minze<\/p>","protected":false},"featured_media":1474,"comment_status":"open","ping_status":"closed","template":"","meta":{"om_disable_all_campaigns":false,"_monsterinsights_skip_tracking":false,"_monsterinsights_sitenote_active":false,"_monsterinsights_sitenote_note":"","_monsterinsights_sitenote_category":0,"jetpack_publicize_message":"","jetpack_publicize_feature_enabled":true,"jetpack_social_post_already_shared":false,"jetpack_social_options":{"image_generator_settings":{"template":"highway","enabled":false},"version":2}},"product_brand":[],"product_cat":[55],"product_tag":[],"class_list":{"0":"post-1473","1":"product","2":"type-product","3":"status-publish","4":"has-post-thumbnail","6":"product_cat-smokah","8":"first","9":"instock","10":"sale","11":"shipping-taxable","12":"purchasable","13":"product-type-simple"},"jetpack_publicize_connections":[],"aioseo_notices":[],"jetpack_sharing_enabled":true,"_links":{"self":[{"href":"https:\/\/swiss-hookah.ch\/de\/wp-json\/wp\/v2\/product\/1473","targetHints":{"allow":["GET"]}}],"collection":[{"href":"https:\/\/swiss-hookah.ch\/de\/wp-json\/wp\/v2\/product"}],"about":[{"href":"https:\/\/swiss-hookah.ch\/de\/wp-json\/wp\/v2\/types\/product"}],"replies":[{"embeddable":true,"href":"https:\/\/swiss-hookah.ch\/de\/wp-json\/wp\/v2\/comments?post=1473"}],"wp:featuredmedia":[{"embeddable":true,"href":"https:\/\/swiss-hookah.ch\/de\/wp-json\/wp\/v2\/media\/1474"}],"wp:attachment":[{"href":"https:\/\/swiss-hookah.ch\/de\/wp-json\/wp\/v2\/media?parent=1473"}],"wp:term":[{"taxonomy":"product_brand","embeddable":true,"href":"https:\/\/swiss-hookah.ch\/de\/wp-json\/wp\/v2\/product_brand?post=1473"},{"taxonomy":"product_cat","embeddable":true,"href":"https:\/\/swiss-hookah.ch\/de\/wp-json\/wp\/v2\/product_cat?post=1473"},{"taxonomy":"product_tag","embeddable":true,"href":"https:\/\/swiss-hookah.ch\/de\/wp-json\/wp\/v2\/product_tag?post=1473"}],"curies":[{"name":"wp","href":"https:\/\/api.w.org\/{rel}","templated":true}]}}