{"id":1461,"date":"2023-10-26T02:38:02","date_gmt":"2023-10-26T00:38:02","guid":{"rendered":"https:\/\/swiss-hookah.ch\/?post_type=product&#038;p=1461"},"modified":"2024-12-23T21:05:36","modified_gmt":"2024-12-23T20:05:36","slug":"aisu-mangopeach-50ml","status":"publish","type":"product","link":"https:\/\/swiss-hookah.ch\/de\/product\/aisu-mangopeach-50ml\/","title":{"rendered":"Aisu Mango &amp; Peach"},"content":{"rendered":"<p>Fliegen Sie nach Japan mit der neuen Aisu-Reihe, die vom Land der aufgehenden Sonne inspiriert ist.<\/p>\n<p>Eine Welle von <strong>Kanagawa schl\u00e4gt zu<\/strong> die englischen K\u00fcsten, die Liquids<strong> Aisu<\/strong> made in Manchester von <strong>Zap! Juice<\/strong> bieten uns Geschm\u00e4cker <strong>fruchtig\u00a0<\/strong>auch <strong>parf\u00fcmiert<\/strong> als Sakura-Bl\u00fcten und eine Frische, die so markant ist wie ein Schuss von Rooney in die Mitte.<\/p>\n<p>Dieses Liquid <strong>Aisu Mango &amp; Peach<\/strong>\u00a0 vereint die berauschende S\u00fc\u00dfe von<strong> saftiger Pfirsich<\/strong> an die<strong> belebende Frische der Minze<\/strong>und schafft so eine Harmonie von<strong> ausgewogener Geschmack<\/strong>. Das Aroma <strong>s\u00fc\u00df von Pfirsich<\/strong> wird subtil durch eine Note von<strong> Mango<\/strong>und bietet ein v\u00f6llig neues Geschmackserlebnis. Der <strong>Menthol<\/strong> bringt dann einen Hauch von <strong>erfrischende K\u00fchle<\/strong> die bei jedem Zug die Sinne belebt. Dieses Liquid zum Dampfen ist eine Einladung zu einer einzigartigen Sinnesreise, ideal f\u00fcr alle, die einen <strong>perfekte Balance<\/strong> zwischen <strong>fruchtige S\u00fc\u00dfe<\/strong> und<strong> Minzfrische<\/strong>.<\/p>\n<p>60ml-Flasche mit 50ml Fl\u00fcssigkeit in geboosteten Aromen im Inneren. Mit Nikotinboostern zu verd\u00fcnnen, um die gew\u00fcnschte Dosis zu erhalten. <strong>W\u00e4hlen Sie Ihren Nikotingehalt, um ein dampfbereites Liquid zu erhalten (bis 3mg kostenlos)!<\/strong><\/p>\n<p>PG\/VG-Verh\u00e4ltnis: 30\/70<\/p>\n<p>.<img decoding=\"async\" class=\"alignnone wp-image-1321\" title=\"https:\/\/www.instagram.com\/zapjuicefrance\/\" src=\"http:\/\/swiss-hookah.ch\/wp-content\/uploads\/2023\/10\/Capture-decran-2023-10-25-a-01.55.59-300x263.png\" alt=\"\" width=\"122\" height=\"107\" srcset=\"https:\/\/swiss-hookah.ch\/wp-content\/uploads\/2023\/10\/Capture-decran-2023-10-25-a-01.55.59-300x263.png 300w, https:\/\/swiss-hookah.ch\/wp-content\/uploads\/2023\/10\/Capture-decran-2023-10-25-a-01.55.59-600x526.png 600w, https:\/\/swiss-hookah.ch\/wp-content\/uploads\/2023\/10\/Capture-decran-2023-10-25-a-01.55.59.png 604w\" sizes=\"(max-width: 122px) 100vw, 122px\" \/><\/p>","protected":false},"excerpt":{"rendered":"<p><span class=\"value\">50 ml <\/span><span class=\"value\">30 PG &#8211; 70 VG <\/span><span class=\"value\">Frais\/<\/span><span class=\"value\">Fruit\u00e9\/mangue\/p\u00eache\u00a0<\/span><\/p>","protected":false},"featured_media":1471,"comment_status":"open","ping_status":"closed","template":"","meta":{"om_disable_all_campaigns":false,"_monsterinsights_skip_tracking":false,"_monsterinsights_sitenote_active":false,"_monsterinsights_sitenote_note":"","_monsterinsights_sitenote_category":0,"jetpack_publicize_message":"","jetpack_publicize_feature_enabled":true,"jetpack_social_post_already_shared":false,"jetpack_social_options":{"image_generator_settings":{"template":"highway","enabled":false},"version":2}},"product_brand":[],"product_cat":[53],"product_tag":[],"class_list":{"0":"post-1461","1":"product","2":"type-product","3":"status-publish","4":"has-post-thumbnail","6":"product_cat-e-liquids","8":"first","9":"outofstock","10":"shipping-taxable","11":"purchasable","12":"product-type-variable"},"jetpack_publicize_connections":[],"aioseo_notices":[],"jetpack_sharing_enabled":true,"_links":{"self":[{"href":"https:\/\/swiss-hookah.ch\/de\/wp-json\/wp\/v2\/product\/1461","targetHints":{"allow":["GET"]}}],"collection":[{"href":"https:\/\/swiss-hookah.ch\/de\/wp-json\/wp\/v2\/product"}],"about":[{"href":"https:\/\/swiss-hookah.ch\/de\/wp-json\/wp\/v2\/types\/product"}],"replies":[{"embeddable":true,"href":"https:\/\/swiss-hookah.ch\/de\/wp-json\/wp\/v2\/comments?post=1461"}],"wp:featuredmedia":[{"embeddable":true,"href":"https:\/\/swiss-hookah.ch\/de\/wp-json\/wp\/v2\/media\/1471"}],"wp:attachment":[{"href":"https:\/\/swiss-hookah.ch\/de\/wp-json\/wp\/v2\/media?parent=1461"}],"wp:term":[{"taxonomy":"product_brand","embeddable":true,"href":"https:\/\/swiss-hookah.ch\/de\/wp-json\/wp\/v2\/product_brand?post=1461"},{"taxonomy":"product_cat","embeddable":true,"href":"https:\/\/swiss-hookah.ch\/de\/wp-json\/wp\/v2\/product_cat?post=1461"},{"taxonomy":"product_tag","embeddable":true,"href":"https:\/\/swiss-hookah.ch\/de\/wp-json\/wp\/v2\/product_tag?post=1461"}],"curies":[{"name":"wp","href":"https:\/\/api.w.org\/{rel}","templated":true}]}}