{"id":1439,"date":"2023-10-26T02:24:48","date_gmt":"2023-10-26T00:24:48","guid":{"rendered":"https:\/\/swiss-hookah.ch\/?post_type=product&#038;p=1439"},"modified":"2026-01-13T19:14:40","modified_gmt":"2026-01-13T18:14:40","slug":"aisu-blackcurrant-50ml","status":"publish","type":"product","link":"https:\/\/swiss-hookah.ch\/de\/product\/aisu-blackcurrant-50ml\/","title":{"rendered":"Aisu Blackcurrant 50ml"},"content":{"rendered":"<p>Fliegen Sie nach Japan mit der neuen Aisu-Reihe, die vom Land der aufgehenden Sonne inspiriert ist.<\/p>\n<p>Fl\u00fcssigkeiten <strong>\u30a2\u30a4\u30b9 <\/strong>die Sie wahrscheinlich unter der Bezeichnung<strong> Aisu von Zap! Juice<\/strong> sind wieder da. Die japanischsten unserer englischen Freunde bieten uns frische und fruchtige Liquids von perfektionierter Einfachheit.<\/p>\n<p>Unter seinem undurchsichtigen Kimono verbirgt der Flakon Blackcurrant Aisu schamhaft alles, was er zu bieten hat. Erst wenn Sie ihn in Ihre Dampfe geben, wird er sein volles Potenzial entfalten.\u00a0<strong>intensiver Geschmack<\/strong> von <strong>schwarze Johannisbeere<\/strong> gepaart mit einem erhabenen Gef\u00fchl von <strong>Frische<\/strong>. Enthusiasten von Fl\u00fcssigkeiten<strong> frisch und fruchtig<\/strong>Sie k\u00f6nnen Sayonara zu Ihren anderen Fl\u00fcssigkeiten sagen, Sie haben es gefunden. <strong>ein neuer All-Day<\/strong>.<\/p>\n<p>60ml-Flasche mit 50ml Fl\u00fcssigkeit in geboosteten Aromen im Inneren. Mit Nikotinboostern zu verd\u00fcnnen, um die gew\u00fcnschte Dosis zu erhalten. <strong>W\u00e4hlen Sie Ihren Nikotingehalt, um ein dampfbereites Liquid zu erhalten (bis 3mg kostenlos)!<\/strong><\/p>\n<p>PG\/VG-Verh\u00e4ltnis: 30\/70<\/p>\n<p>.<img decoding=\"async\" class=\"alignnone wp-image-1321\" title=\"https:\/\/www.instagram.com\/zapjuicefrance\/\" src=\"http:\/\/swiss-hookah.ch\/wp-content\/uploads\/2023\/10\/Capture-decran-2023-10-25-a-01.55.59-300x263.png\" alt=\"\" width=\"122\" height=\"107\" srcset=\"https:\/\/swiss-hookah.ch\/wp-content\/uploads\/2023\/10\/Capture-decran-2023-10-25-a-01.55.59-300x263.png 300w, https:\/\/swiss-hookah.ch\/wp-content\/uploads\/2023\/10\/Capture-decran-2023-10-25-a-01.55.59-600x526.png 600w, https:\/\/swiss-hookah.ch\/wp-content\/uploads\/2023\/10\/Capture-decran-2023-10-25-a-01.55.59.png 604w\" sizes=\"(max-width: 122px) 100vw, 122px\" \/><\/p>","protected":false},"excerpt":{"rendered":"<p><span class=\"value\">50 ml <\/span><span class=\"value\">30 PG &#8211; 70 VG <\/span><span class=\"value\">Frais\/<\/span><span class=\"value\">Fruit\u00e9\/Cassis<\/span><\/p>","protected":false},"featured_media":1449,"comment_status":"open","ping_status":"closed","template":"","meta":{"om_disable_all_campaigns":false,"_monsterinsights_skip_tracking":false,"_monsterinsights_sitenote_active":false,"_monsterinsights_sitenote_note":"","_monsterinsights_sitenote_category":0,"jetpack_publicize_message":"","jetpack_publicize_feature_enabled":true,"jetpack_social_post_already_shared":false,"jetpack_social_options":{"image_generator_settings":{"template":"highway","enabled":false},"version":2}},"product_brand":[],"product_cat":[53],"product_tag":[],"class_list":{"0":"post-1439","1":"product","2":"type-product","3":"status-publish","4":"has-post-thumbnail","6":"product_cat-e-liquids","8":"first","9":"outofstock","10":"shipping-taxable","11":"purchasable","12":"product-type-variable"},"jetpack_publicize_connections":[],"aioseo_notices":[],"jetpack_sharing_enabled":true,"_links":{"self":[{"href":"https:\/\/swiss-hookah.ch\/de\/wp-json\/wp\/v2\/product\/1439","targetHints":{"allow":["GET"]}}],"collection":[{"href":"https:\/\/swiss-hookah.ch\/de\/wp-json\/wp\/v2\/product"}],"about":[{"href":"https:\/\/swiss-hookah.ch\/de\/wp-json\/wp\/v2\/types\/product"}],"replies":[{"embeddable":true,"href":"https:\/\/swiss-hookah.ch\/de\/wp-json\/wp\/v2\/comments?post=1439"}],"wp:featuredmedia":[{"embeddable":true,"href":"https:\/\/swiss-hookah.ch\/de\/wp-json\/wp\/v2\/media\/1449"}],"wp:attachment":[{"href":"https:\/\/swiss-hookah.ch\/de\/wp-json\/wp\/v2\/media?parent=1439"}],"wp:term":[{"taxonomy":"product_brand","embeddable":true,"href":"https:\/\/swiss-hookah.ch\/de\/wp-json\/wp\/v2\/product_brand?post=1439"},{"taxonomy":"product_cat","embeddable":true,"href":"https:\/\/swiss-hookah.ch\/de\/wp-json\/wp\/v2\/product_cat?post=1439"},{"taxonomy":"product_tag","embeddable":true,"href":"https:\/\/swiss-hookah.ch\/de\/wp-json\/wp\/v2\/product_tag?post=1439"}],"curies":[{"name":"wp","href":"https:\/\/api.w.org\/{rel}","templated":true}]}}