{"id":1417,"date":"2023-10-26T02:12:21","date_gmt":"2023-10-26T00:12:21","guid":{"rendered":"https:\/\/swiss-hookah.ch\/?post_type=product&#038;p=1417"},"modified":"2025-11-25T15:04:01","modified_gmt":"2025-11-25T14:04:01","slug":"aisu-watermelon-bubblegum-50ml","status":"publish","type":"product","link":"https:\/\/swiss-hookah.ch\/de\/product\/aisu-watermelon-bubblegum-50ml\/","title":{"rendered":"Aisu Watermelon Bubblegum 50ml"},"content":{"rendered":"<p>Begeben Sie sich auf eine Reise ins<strong> Japan<\/strong> von zu Hause aus durch das Dampfen der e-Liquids aus dem Sortiment <strong>Aisu Tokyo Series<\/strong> der Marke Zap! juice. <strong>Tokio<\/strong>Die Hauptstadt Japans \u00f6ffnet ihre Arme weit, um Ihre Sinne auf eine Reise zu schicken. Dieses wundersch\u00f6ne Land hat noch nicht aufgeh\u00f6rt, Ihnen seine <strong>Wunder und ihre Geheimnisse<\/strong> \u00fcber die Sortimente<strong> Aisu<\/strong> zu entdecken oder wiederzuentdecken!<\/p>\n<p>Das Liquid <strong>Watermelon Bubblegum<\/strong> ist eine Einladung zum Schlemmen mit dem Aroma von <strong>bubblegum<\/strong> zu den Noten <strong>fruchtig<\/strong>\u00a0von\u00a0<strong>Wassermelone<\/strong>. Eine leckere Mischung, um <strong>reisen Sie Ihre Sinne<\/strong>.<\/p>\n<p>60ml-Flasche mit 50ml Fl\u00fcssigkeit in geboosteten Aromen im Inneren. Mit Nikotinboostern zu verd\u00fcnnen, um die gew\u00fcnschte Dosis zu erhalten. <strong>W\u00e4hlen Sie Ihren Nikotingehalt, um ein dampfbereites Liquid zu erhalten (bis 3mg kostenlos)!<\/strong><\/p>\n<p>PG\/VG-Verh\u00e4ltnis: 30\/70<\/p>\n<p>.<img decoding=\"async\" class=\"alignnone wp-image-1321\" title=\"https:\/\/www.instagram.com\/zapjuicefrance\/\" src=\"http:\/\/swiss-hookah.ch\/wp-content\/uploads\/2023\/10\/Capture-decran-2023-10-25-a-01.55.59-300x263.png\" alt=\"\" width=\"122\" height=\"107\" srcset=\"https:\/\/swiss-hookah.ch\/wp-content\/uploads\/2023\/10\/Capture-decran-2023-10-25-a-01.55.59-300x263.png 300w, https:\/\/swiss-hookah.ch\/wp-content\/uploads\/2023\/10\/Capture-decran-2023-10-25-a-01.55.59-600x526.png 600w, https:\/\/swiss-hookah.ch\/wp-content\/uploads\/2023\/10\/Capture-decran-2023-10-25-a-01.55.59.png 604w\" sizes=\"(max-width: 122px) 100vw, 122px\" \/><\/p>","protected":false},"excerpt":{"rendered":"<p><span class=\"value\">50 ml <\/span><span class=\"value\">30 PG &#8211; 70 VG Bonbons<\/span><span class=\"value\">\/Past\u00e8que<\/span><\/p>","protected":false},"featured_media":1427,"comment_status":"open","ping_status":"closed","template":"","meta":{"om_disable_all_campaigns":false,"_monsterinsights_skip_tracking":false,"_monsterinsights_sitenote_active":false,"_monsterinsights_sitenote_note":"","_monsterinsights_sitenote_category":0,"jetpack_publicize_message":"","jetpack_publicize_feature_enabled":true,"jetpack_social_post_already_shared":false,"jetpack_social_options":{"image_generator_settings":{"template":"highway","enabled":false},"version":2}},"product_brand":[],"product_cat":[53],"product_tag":[],"class_list":{"0":"post-1417","1":"product","2":"type-product","3":"status-publish","4":"has-post-thumbnail","6":"product_cat-e-liquids","8":"first","9":"instock","10":"shipping-taxable","11":"purchasable","12":"product-type-variable"},"jetpack_publicize_connections":[],"aioseo_notices":[],"jetpack_sharing_enabled":true,"_links":{"self":[{"href":"https:\/\/swiss-hookah.ch\/de\/wp-json\/wp\/v2\/product\/1417","targetHints":{"allow":["GET"]}}],"collection":[{"href":"https:\/\/swiss-hookah.ch\/de\/wp-json\/wp\/v2\/product"}],"about":[{"href":"https:\/\/swiss-hookah.ch\/de\/wp-json\/wp\/v2\/types\/product"}],"replies":[{"embeddable":true,"href":"https:\/\/swiss-hookah.ch\/de\/wp-json\/wp\/v2\/comments?post=1417"}],"wp:featuredmedia":[{"embeddable":true,"href":"https:\/\/swiss-hookah.ch\/de\/wp-json\/wp\/v2\/media\/1427"}],"wp:attachment":[{"href":"https:\/\/swiss-hookah.ch\/de\/wp-json\/wp\/v2\/media?parent=1417"}],"wp:term":[{"taxonomy":"product_brand","embeddable":true,"href":"https:\/\/swiss-hookah.ch\/de\/wp-json\/wp\/v2\/product_brand?post=1417"},{"taxonomy":"product_cat","embeddable":true,"href":"https:\/\/swiss-hookah.ch\/de\/wp-json\/wp\/v2\/product_cat?post=1417"},{"taxonomy":"product_tag","embeddable":true,"href":"https:\/\/swiss-hookah.ch\/de\/wp-json\/wp\/v2\/product_tag?post=1417"}],"curies":[{"name":"wp","href":"https:\/\/api.w.org\/{rel}","templated":true}]}}