{"id":1375,"date":"2023-10-25T03:08:08","date_gmt":"2023-10-25T01:08:08","guid":{"rendered":"https:\/\/swiss-hookah.ch\/?post_type=product&#038;p=1375"},"modified":"2025-06-18T01:11:31","modified_gmt":"2025-06-17T23:11:31","slug":"aisu-aloevera-50ml","status":"publish","type":"product","link":"https:\/\/swiss-hookah.ch\/de\/product\/aisu-aloevera-50ml\/","title":{"rendered":"Aisu Aloe Vera 50ml"},"content":{"rendered":"<p>Fliegen Sie nach Japan mit der neuen Aisu-Reihe, die vom Land der aufgehenden Sonne inspiriert ist.<\/p>\n<p>Das E-Liquid <strong>Aloe<\/strong> <strong>Vera<\/strong>\u00a0 ist ein seltener Geschmack in der Welt des Dampfens. Sein Geschmack <strong>blumig<\/strong> und <strong>fruchtig<\/strong> wird Ihnen ein ebenso \u00fcberraschendes wie angenehmes Dampfen bieten.<\/p>\n<p>Zap! juice hat Kakig\u00f5ri, ein Dessert aus s\u00fc\u00dfem Sirup und zersto\u00dfenem Eis, im Koffer mitgebracht und daraus Kreationen mit frischen Fr\u00fcchten gemacht, zu denen sich ein Hauch von Frische gesellt.<\/p>\n<p>60ml-Flasche mit 50ml Fl\u00fcssigkeit in geboosteten Aromen im Inneren. Mit Nikotinboostern zu verd\u00fcnnen, um die gew\u00fcnschte Dosis zu erhalten. <strong>W\u00e4hlen Sie Ihren Nikotingehalt, um ein dampfbereites Liquid zu erhalten (bis 3mg kostenlos)!<\/strong><\/p>\n<p>PG\/VG-Verh\u00e4ltnis: 30\/70<\/p>\n<p>.<img decoding=\"async\" class=\"alignnone wp-image-1321\" title=\"https:\/\/www.instagram.com\/zapjuicefrance\/\" src=\"http:\/\/swiss-hookah.ch\/wp-content\/uploads\/2023\/10\/Capture-decran-2023-10-25-a-01.55.59-300x263.png\" alt=\"\" width=\"122\" height=\"107\" srcset=\"https:\/\/swiss-hookah.ch\/wp-content\/uploads\/2023\/10\/Capture-decran-2023-10-25-a-01.55.59-300x263.png 300w, https:\/\/swiss-hookah.ch\/wp-content\/uploads\/2023\/10\/Capture-decran-2023-10-25-a-01.55.59-600x526.png 600w, https:\/\/swiss-hookah.ch\/wp-content\/uploads\/2023\/10\/Capture-decran-2023-10-25-a-01.55.59.png 604w\" sizes=\"(max-width: 122px) 100vw, 122px\" \/><\/p>","protected":false},"excerpt":{"rendered":"<p><span class=\"value\">50 ml <\/span><span class=\"value\">30 PG &#8211; 70 VG <\/span><span class=\"value\">Frais\/<\/span><span class=\"value\">Fraicheur\/Aloe Vera<\/span><\/p>","protected":false},"featured_media":1384,"comment_status":"open","ping_status":"closed","template":"","meta":{"om_disable_all_campaigns":false,"_monsterinsights_skip_tracking":false,"_monsterinsights_sitenote_active":false,"_monsterinsights_sitenote_note":"","_monsterinsights_sitenote_category":0,"jetpack_publicize_message":"","jetpack_publicize_feature_enabled":true,"jetpack_social_post_already_shared":false,"jetpack_social_options":{"image_generator_settings":{"template":"highway","enabled":false},"version":2}},"product_brand":[],"product_cat":[53],"product_tag":[],"class_list":{"0":"post-1375","1":"product","2":"type-product","3":"status-publish","4":"has-post-thumbnail","6":"product_cat-e-liquids","8":"first","9":"instock","10":"shipping-taxable","11":"purchasable","12":"product-type-variable"},"jetpack_publicize_connections":[],"aioseo_notices":[],"jetpack_sharing_enabled":true,"_links":{"self":[{"href":"https:\/\/swiss-hookah.ch\/de\/wp-json\/wp\/v2\/product\/1375","targetHints":{"allow":["GET"]}}],"collection":[{"href":"https:\/\/swiss-hookah.ch\/de\/wp-json\/wp\/v2\/product"}],"about":[{"href":"https:\/\/swiss-hookah.ch\/de\/wp-json\/wp\/v2\/types\/product"}],"replies":[{"embeddable":true,"href":"https:\/\/swiss-hookah.ch\/de\/wp-json\/wp\/v2\/comments?post=1375"}],"wp:featuredmedia":[{"embeddable":true,"href":"https:\/\/swiss-hookah.ch\/de\/wp-json\/wp\/v2\/media\/1384"}],"wp:attachment":[{"href":"https:\/\/swiss-hookah.ch\/de\/wp-json\/wp\/v2\/media?parent=1375"}],"wp:term":[{"taxonomy":"product_brand","embeddable":true,"href":"https:\/\/swiss-hookah.ch\/de\/wp-json\/wp\/v2\/product_brand?post=1375"},{"taxonomy":"product_cat","embeddable":true,"href":"https:\/\/swiss-hookah.ch\/de\/wp-json\/wp\/v2\/product_cat?post=1375"},{"taxonomy":"product_tag","embeddable":true,"href":"https:\/\/swiss-hookah.ch\/de\/wp-json\/wp\/v2\/product_tag?post=1375"}],"curies":[{"name":"wp","href":"https:\/\/api.w.org\/{rel}","templated":true}]}}