{"id":1345,"date":"2023-10-25T02:47:25","date_gmt":"2023-10-25T00:47:25","guid":{"rendered":"https:\/\/swiss-hookah.ch\/?post_type=product&#038;p=1345"},"modified":"2026-01-13T19:14:40","modified_gmt":"2026-01-13T18:14:40","slug":"aisu-apple-50ml","status":"publish","type":"product","link":"https:\/\/swiss-hookah.ch\/de\/product\/aisu-apple-50ml\/","title":{"rendered":"Aisu Green Apple 50ml"},"content":{"rendered":"<p>Fliegen Sie nach Japan mit der neuen Aisu-Reihe, die vom Land der aufgehenden Sonne inspiriert ist.<\/p>\n<p>Der Green Apple eLiquid wird Ihnen Folgendes bieten<strong> einen sch\u00f6nen gr\u00fcnen, leicht s\u00e4uerlichen Apfel<\/strong>und auf einem Bett aus <strong>gepl\u00fcndertes Eis<\/strong> f\u00fcr eine <strong>frisches und fruchtiges Dampfen<\/strong> !<\/p>\n<p>Zap! juice hat Kakig\u00f5ri, ein Dessert aus s\u00fc\u00dfem Sirup und zersto\u00dfenem Eis, im Koffer mitgebracht und daraus Kreationen mit frischen Fr\u00fcchten gemacht, zu denen sich ein Hauch von Frische gesellt.<\/p>\n<p>60ml-Flasche mit 50ml Fl\u00fcssigkeit in geboosteten Aromen im Inneren. Mit Nikotinboostern zu verd\u00fcnnen, um die gew\u00fcnschte Dosis zu erhalten. <strong>W\u00e4hlen Sie Ihren Nikotingehalt, um ein dampfbereites Liquid zu erhalten!<\/strong><\/p>\n<p>PG\/VG-Verh\u00e4ltnis: 30\/70<\/p>\n<p>.<img decoding=\"async\" class=\"alignnone wp-image-1321\" title=\"https:\/\/www.instagram.com\/zapjuicefrance\/\" src=\"http:\/\/swiss-hookah.ch\/wp-content\/uploads\/2023\/10\/Capture-decran-2023-10-25-a-01.55.59-300x263.png\" alt=\"\" width=\"122\" height=\"107\" srcset=\"https:\/\/swiss-hookah.ch\/wp-content\/uploads\/2023\/10\/Capture-decran-2023-10-25-a-01.55.59-300x263.png 300w, https:\/\/swiss-hookah.ch\/wp-content\/uploads\/2023\/10\/Capture-decran-2023-10-25-a-01.55.59-600x526.png 600w, https:\/\/swiss-hookah.ch\/wp-content\/uploads\/2023\/10\/Capture-decran-2023-10-25-a-01.55.59.png 604w\" sizes=\"(max-width: 122px) 100vw, 122px\" \/><\/p>","protected":false},"excerpt":{"rendered":"<p><span class=\"value\">50 ml <\/span><span class=\"value\">30 PG &#8211; 70 VG\u00a0<\/span><span class=\"value\">Fruit\u00e9\/<\/span><span class=\"value\">Frais\/<\/span><span class=\"value\">Fraicheur\/Pomme verte<\/span><\/p>","protected":false},"featured_media":1354,"comment_status":"open","ping_status":"closed","template":"","meta":{"om_disable_all_campaigns":false,"_monsterinsights_skip_tracking":false,"_monsterinsights_sitenote_active":false,"_monsterinsights_sitenote_note":"","_monsterinsights_sitenote_category":0,"jetpack_publicize_message":"","jetpack_publicize_feature_enabled":true,"jetpack_social_post_already_shared":false,"jetpack_social_options":{"image_generator_settings":{"template":"highway","enabled":false},"version":2}},"product_brand":[],"product_cat":[74,53],"product_tag":[],"class_list":{"0":"post-1345","1":"product","2":"type-product","3":"status-publish","4":"has-post-thumbnail","6":"product_cat-best-seller","7":"product_cat-e-liquids","9":"first","10":"outofstock","11":"shipping-taxable","12":"purchasable","13":"product-type-variable"},"jetpack_publicize_connections":[],"aioseo_notices":[],"jetpack_sharing_enabled":true,"_links":{"self":[{"href":"https:\/\/swiss-hookah.ch\/de\/wp-json\/wp\/v2\/product\/1345","targetHints":{"allow":["GET"]}}],"collection":[{"href":"https:\/\/swiss-hookah.ch\/de\/wp-json\/wp\/v2\/product"}],"about":[{"href":"https:\/\/swiss-hookah.ch\/de\/wp-json\/wp\/v2\/types\/product"}],"replies":[{"embeddable":true,"href":"https:\/\/swiss-hookah.ch\/de\/wp-json\/wp\/v2\/comments?post=1345"}],"wp:featuredmedia":[{"embeddable":true,"href":"https:\/\/swiss-hookah.ch\/de\/wp-json\/wp\/v2\/media\/1354"}],"wp:attachment":[{"href":"https:\/\/swiss-hookah.ch\/de\/wp-json\/wp\/v2\/media?parent=1345"}],"wp:term":[{"taxonomy":"product_brand","embeddable":true,"href":"https:\/\/swiss-hookah.ch\/de\/wp-json\/wp\/v2\/product_brand?post=1345"},{"taxonomy":"product_cat","embeddable":true,"href":"https:\/\/swiss-hookah.ch\/de\/wp-json\/wp\/v2\/product_cat?post=1345"},{"taxonomy":"product_tag","embeddable":true,"href":"https:\/\/swiss-hookah.ch\/de\/wp-json\/wp\/v2\/product_tag?post=1345"}],"curies":[{"name":"wp","href":"https:\/\/api.w.org\/{rel}","templated":true}]}}