{"id":984,"date":"2023-10-19T01:51:29","date_gmt":"2023-10-18T23:51:29","guid":{"rendered":"https:\/\/swiss-hookah.ch\/index.php\/about\/"},"modified":"2025-09-24T16:10:15","modified_gmt":"2025-09-24T14:10:15","slug":"a-propos-de-nous","status":"publish","type":"page","link":"https:\/\/swiss-hookah.ch\/de\/a-propos-de-nous\/","title":{"rendered":"\u00fcber uns"},"content":{"rendered":"<div data-elementor-type=\"wp-page\" data-elementor-id=\"984\" class=\"elementor elementor-984\" data-elementor-post-type=\"page\">\n\t\t\t\t<div class=\"elementor-element elementor-element-5455201c e-con-full e-flex e-con e-parent\" data-id=\"5455201c\" data-element_type=\"container\">\n\t\t<div class=\"elementor-element elementor-element-5b96f6f0 e-con-full e-flex e-con e-child\" data-id=\"5b96f6f0\" data-element_type=\"container\">\n\t\t\t\t<div class=\"elementor-element elementor-element-5b91d994 elementor-invisible elementor-widget elementor-widget-image\" data-id=\"5b91d994\" data-element_type=\"widget\" data-settings=\"{&quot;motion_fx_motion_fx_scrolling&quot;:&quot;yes&quot;,&quot;motion_fx_translateY_effect&quot;:&quot;yes&quot;,&quot;motion_fx_translateY_direction&quot;:&quot;negative&quot;,&quot;motion_fx_translateY_affectedRange&quot;:{&quot;unit&quot;:&quot;%&quot;,&quot;size&quot;:&quot;&quot;,&quot;sizes&quot;:{&quot;start&quot;:50,&quot;end&quot;:100}},&quot;motion_fx_devices&quot;:[&quot;desktop&quot;,&quot;tablet&quot;],&quot;_animation&quot;:&quot;fadeInUp&quot;,&quot;motion_fx_translateY_speed&quot;:{&quot;unit&quot;:&quot;px&quot;,&quot;size&quot;:4,&quot;sizes&quot;:[]}}\" data-widget_type=\"image.default\">\n\t\t\t\t<div class=\"elementor-widget-container\">\n\t\t\t\t\t\t\t\t\t\t\t\t\t\t\t\t<a href=\"https:\/\/swiss-hookah.ch\/de\/a-propos-de-nous-dupliquer-984\/\">\n\t\t\t\t\t\t\t<img fetchpriority=\"high\" decoding=\"async\" width=\"318\" height=\"159\" src=\"https:\/\/swiss-hookah.ch\/wp-content\/uploads\/2023\/10\/Unknown.png\" class=\"attachment-full size-full wp-image-1478\" alt=\"\" srcset=\"https:\/\/swiss-hookah.ch\/wp-content\/uploads\/2023\/10\/Unknown.png 318w, https:\/\/swiss-hookah.ch\/wp-content\/uploads\/2023\/10\/Unknown-300x150.png 300w\" sizes=\"(max-width: 318px) 100vw, 318px\" \/>\t\t\t\t\t\t\t\t<\/a>\n\t\t\t\t\t\t\t\t\t\t\t\t\t\t\t<\/div>\n\t\t\t\t<\/div>\n\t\t\t\t<\/div>\n\t\t<div class=\"elementor-element elementor-element-3335bf8b e-con-full e-flex e-con e-child\" data-id=\"3335bf8b\" data-element_type=\"container\" data-settings=\"{&quot;background_background&quot;:&quot;classic&quot;}\">\n\t\t\t\t<div class=\"elementor-element elementor-element-6aea8272 animated-slow elementor-invisible elementor-widget elementor-widget-image\" data-id=\"6aea8272\" data-element_type=\"widget\" data-settings=\"{&quot;motion_fx_motion_fx_scrolling&quot;:&quot;yes&quot;,&quot;motion_fx_devices&quot;:[&quot;desktop&quot;,&quot;tablet&quot;],&quot;motion_fx_motion_fx_mouse&quot;:&quot;yes&quot;,&quot;motion_fx_mouseTrack_effect&quot;:&quot;yes&quot;,&quot;motion_fx_mouseTrack_speed&quot;:{&quot;unit&quot;:&quot;px&quot;,&quot;size&quot;:0.1,&quot;sizes&quot;:[]},&quot;_animation&quot;:&quot;fadeInLeft&quot;}\" data-widget_type=\"image.default\">\n\t\t\t\t<div class=\"elementor-widget-container\">\n\t\t\t\t\t\t\t\t\t\t\t\t\t\t\t<img decoding=\"async\" width=\"880\" height=\"300\" src=\"https:\/\/swiss-hookah.ch\/wp-content\/uploads\/2023\/11\/curieux.jpg\" class=\"attachment-full size-full wp-image-2038\" alt=\"\" srcset=\"https:\/\/swiss-hookah.ch\/wp-content\/uploads\/2023\/11\/curieux.jpg 880w, https:\/\/swiss-hookah.ch\/wp-content\/uploads\/2023\/11\/curieux-300x102.jpg 300w, https:\/\/swiss-hookah.ch\/wp-content\/uploads\/2023\/11\/curieux-768x262.jpg 768w, https:\/\/swiss-hookah.ch\/wp-content\/uploads\/2023\/11\/curieux-600x205.jpg 600w\" sizes=\"(max-width: 880px) 100vw, 880px\" \/>\t\t\t\t\t\t\t\t\t\t\t\t\t\t\t<\/div>\n\t\t\t\t<\/div>\n\t\t\t\t<div class=\"elementor-element elementor-element-41f0a26e elementor-invisible elementor-widget elementor-widget-heading\" data-id=\"41f0a26e\" data-element_type=\"widget\" data-settings=\"{&quot;_animation&quot;:&quot;slideInUp&quot;}\" data-widget_type=\"heading.default\">\n\t\t\t\t<div class=\"elementor-widget-container\">\n\t\t\t\t\t<h2 class=\"elementor-heading-title elementor-size-default\">\u00fcber uns<\/h2>\t\t\t\t<\/div>\n\t\t\t\t<\/div>\n\t\t\t\t<div class=\"elementor-element elementor-element-25d1f6a0 elementor-invisible elementor-widget elementor-widget-text-editor\" data-id=\"25d1f6a0\" data-element_type=\"widget\" data-settings=\"{&quot;_animation&quot;:&quot;zoomIn&quot;}\" data-widget_type=\"text-editor.default\">\n\t\t\t\t<div class=\"elementor-widget-container\">\n\t\t\t\t\t\t\t\t\t<p><strong>\u00dcber Swisshookah\u00a0<\/strong><\/p><p>Willkommen bei Swisshookah, Ihrem bevorzugten Zielort f\u00fcr alles, was mit Dampfen, Puffs, Shisha, Tabak und Shisha-Zubeh\u00f6r zu tun hat, mitten im Herzen von Moudon in der Schweiz.<\/p><p><strong>Unsere Geschichte<\/strong><\/p><p>Swisshookah wurde mit einer unersch\u00fctterlichen Leidenschaft f\u00fcr die Kultur der Shisha und der Vaporizer-Produkte gegr\u00fcndet und ist das Ergebnis eines Familienunternehmens, das sich seit seiner Gr\u00fcndung der Aufgabe verschrieben hat, unseren Kunden ein erstklassiges Erlebnis zu bieten. Unsere Geschichte begann mit einem einfachen Ziel: unsere Liebe zum Dampfen, zur Shisha und zum Zubeh\u00f6r mit der lokalen Gemeinschaft in Moudon und dar\u00fcber hinaus zu teilen.<\/p><p><strong>Unser Engagement<\/strong><\/p><p>Wir bei Swisshookah sind der Zufriedenheit unserer Kunden zutiefst verpflichtet. Dies \u00e4u\u00dfert sich in einer sorgf\u00e4ltig ausgew\u00e4hlten Auswahl an hochwertigen Produkten, einer pers\u00f6nlichen Expertenberatung und einem au\u00dfergew\u00f6hnlichen Service. Wir verstehen, dass jeder Kunde einzigartige Vorlieben hat. Deshalb sind wir da, um Ihnen zu helfen, genau das zu finden, was Sie brauchen, egal ob Sie ein neugieriger Neuling oder ein erfahrener Kenner sind.<\/p><p><strong>Unser Team<\/strong><\/p><p>Das Team von Swisshookah Tuhcic besteht aus leidenschaftlichen Dampfern und Shisha-Fans. Wir sind stolz darauf, unser Fachwissen mit Ihnen zu teilen, sei es, um Ihnen bei der Auswahl Ihres ersten Dampfers zu helfen oder um die exquisitesten Tabakaromen zu finden. Unser Ziel ist es, eine herzliche Gemeinschaft zu schaffen, in der sich jeder Kunde wie zu Hause f\u00fchlt.<\/p><p><strong>Kontaktieren Sie uns<\/strong><\/p><p>Wir freuen uns, Sie auf unserer Website begr\u00fc\u00dfen zu d\u00fcrfen, wo Sie unsere erstklassigen Produkte entdecken und von unserem hervorragenden Kundenservice profitieren k\u00f6nnen. Wenn Sie Fragen haben oder goldene Ratschl\u00e4ge ben\u00f6tigen, kontaktieren Sie uns bitte unter info @swiss-hookah.ch oder telefonisch unter 0766447022. Vielen Dank, dass Sie uns f\u00fcr Ihre Bed\u00fcrfnisse im Bereich Dampfen, Shisha und Zubeh\u00f6r gew\u00e4hlt haben. Bei Swisshookah Tuhcic steht Ihre Zufriedenheit an erster Stelle.<\/p><p>Danke, dass Sie Teil unserer Geschichte sind. Erleben Sie Swisshookah Tuhcic noch heute!<\/p>\t\t\t\t\t\t\t\t<\/div>\n\t\t\t\t<\/div>\n\t\t\t\t<div class=\"elementor-element elementor-element-2db112b4 animated-slow elementor-invisible elementor-widget elementor-widget-image\" data-id=\"2db112b4\" data-element_type=\"widget\" data-settings=\"{&quot;motion_fx_motion_fx_scrolling&quot;:&quot;yes&quot;,&quot;motion_fx_devices&quot;:[&quot;desktop&quot;,&quot;tablet&quot;],&quot;motion_fx_motion_fx_mouse&quot;:&quot;yes&quot;,&quot;motion_fx_mouseTrack_effect&quot;:&quot;yes&quot;,&quot;motion_fx_mouseTrack_direction&quot;:&quot;negative&quot;,&quot;motion_fx_mouseTrack_speed&quot;:{&quot;unit&quot;:&quot;px&quot;,&quot;size&quot;:0.1,&quot;sizes&quot;:[]},&quot;_animation&quot;:&quot;fadeInRight&quot;}\" data-widget_type=\"image.default\">\n\t\t\t\t<div class=\"elementor-widget-container\">\n\t\t\t\t\t\t\t\t\t\t\t\t\t\t\t<img decoding=\"async\" width=\"225\" height=\"225\" src=\"https:\/\/swiss-hookah.ch\/wp-content\/uploads\/2023\/11\/Unknown.jpeg\" class=\"attachment-full size-full wp-image-1810\" alt=\"\" srcset=\"https:\/\/swiss-hookah.ch\/wp-content\/uploads\/2023\/11\/Unknown.jpeg 225w, https:\/\/swiss-hookah.ch\/wp-content\/uploads\/2023\/11\/Unknown-150x150.jpeg 150w, https:\/\/swiss-hookah.ch\/wp-content\/uploads\/2023\/11\/Unknown-100x100.jpeg 100w\" sizes=\"(max-width: 225px) 100vw, 225px\" \/>\t\t\t\t\t\t\t\t\t\t\t\t\t\t\t<\/div>\n\t\t\t\t<\/div>\n\t\t\t\t<\/div>\n\t\t<div class=\"elementor-element elementor-element-44942b3b e-con-full e-flex e-con e-child\" data-id=\"44942b3b\" data-element_type=\"container\">\n\t\t\t\t<div class=\"elementor-element elementor-element-648663e4 elementor-invisible elementor-widget elementor-widget-image\" data-id=\"648663e4\" data-element_type=\"widget\" data-settings=\"{&quot;motion_fx_motion_fx_scrolling&quot;:&quot;yes&quot;,&quot;motion_fx_translateY_effect&quot;:&quot;yes&quot;,&quot;_animation&quot;:&quot;fadeInDown&quot;,&quot;motion_fx_translateY_speed&quot;:{&quot;unit&quot;:&quot;px&quot;,&quot;size&quot;:4,&quot;sizes&quot;:[]},&quot;motion_fx_translateY_affectedRange&quot;:{&quot;unit&quot;:&quot;%&quot;,&quot;size&quot;:&quot;&quot;,&quot;sizes&quot;:{&quot;start&quot;:0,&quot;end&quot;:100}},&quot;motion_fx_devices&quot;:[&quot;desktop&quot;,&quot;tablet&quot;,&quot;mobile&quot;]}\" data-widget_type=\"image.default\">\n\t\t\t\t<div class=\"elementor-widget-container\">\n\t\t\t\t\t\t\t\t\t\t\t\t\t\t\t<img loading=\"lazy\" decoding=\"async\" width=\"604\" height=\"530\" src=\"https:\/\/swiss-hookah.ch\/wp-content\/uploads\/2023\/10\/Capture-decran-2023-10-25-a-01.55.59.png\" class=\"attachment-full size-full wp-image-1321\" alt=\"\" srcset=\"https:\/\/swiss-hookah.ch\/wp-content\/uploads\/2023\/10\/Capture-decran-2023-10-25-a-01.55.59.png 604w, https:\/\/swiss-hookah.ch\/wp-content\/uploads\/2023\/10\/Capture-decran-2023-10-25-a-01.55.59-300x263.png 300w, https:\/\/swiss-hookah.ch\/wp-content\/uploads\/2023\/10\/Capture-decran-2023-10-25-a-01.55.59-600x526.png 600w\" sizes=\"(max-width: 604px) 100vw, 604px\" \/>\t\t\t\t\t\t\t\t\t\t\t\t\t\t\t<\/div>\n\t\t\t\t<\/div>\n\t\t\t\t<\/div>\n\t\t\t\t<\/div>\n\t\t\t\t<\/div>","protected":false},"excerpt":{"rendered":"<p>\u00fcber uns \u00dcber Swisshookah Willkommen bei Swisshookah, Ihrem bevorzugten Ziel f\u00fcr alles, was mit Dampfen, Puffs, Shisha, Tabak und Shisha-Zubeh\u00f6r zu tun hat, im Herzen von Moudon in der Schweiz. Unsere Geschichte Gegr\u00fcndet mit einer unersch\u00fctterlichen Leidenschaft f\u00fcr die Kultur der Shisha und [...].<\/p>","protected":false},"author":1,"featured_media":0,"parent":0,"menu_order":0,"comment_status":"closed","ping_status":"closed","template":"elementor_header_footer","meta":{"om_disable_all_campaigns":false,"_monsterinsights_skip_tracking":false,"_monsterinsights_sitenote_active":false,"_monsterinsights_sitenote_note":"","_monsterinsights_sitenote_category":0,"footnotes":""},"class_list":["post-984","page","type-page","status-publish","hentry"],"aioseo_notices":[],"jetpack_sharing_enabled":true,"_links":{"self":[{"href":"https:\/\/swiss-hookah.ch\/de\/wp-json\/wp\/v2\/pages\/984","targetHints":{"allow":["GET"]}}],"collection":[{"href":"https:\/\/swiss-hookah.ch\/de\/wp-json\/wp\/v2\/pages"}],"about":[{"href":"https:\/\/swiss-hookah.ch\/de\/wp-json\/wp\/v2\/types\/page"}],"author":[{"embeddable":true,"href":"https:\/\/swiss-hookah.ch\/de\/wp-json\/wp\/v2\/users\/1"}],"replies":[{"embeddable":true,"href":"https:\/\/swiss-hookah.ch\/de\/wp-json\/wp\/v2\/comments?post=984"}],"version-history":[{"count":26,"href":"https:\/\/swiss-hookah.ch\/de\/wp-json\/wp\/v2\/pages\/984\/revisions"}],"predecessor-version":[{"id":6348,"href":"https:\/\/swiss-hookah.ch\/de\/wp-json\/wp\/v2\/pages\/984\/revisions\/6348"}],"wp:attachment":[{"href":"https:\/\/swiss-hookah.ch\/de\/wp-json\/wp\/v2\/media?parent=984"}],"curies":[{"name":"wp","href":"https:\/\/api.w.org\/{rel}","templated":true}]}}