{"id":972,"date":"2023-10-19T01:51:24","date_gmt":"2023-10-18T23:51:24","guid":{"rendered":"https:\/\/swiss-hookah.ch\/index.php\/contact\/"},"modified":"2025-09-12T02:42:17","modified_gmt":"2025-09-12T00:42:17","slug":"contact","status":"publish","type":"page","link":"https:\/\/swiss-hookah.ch\/de\/contact\/","title":{"rendered":"Kontakt"},"content":{"rendered":"<div data-elementor-type=\"wp-page\" data-elementor-id=\"972\" class=\"elementor elementor-972\" data-elementor-post-type=\"page\">\n\t\t\t\t<div class=\"elementor-element elementor-element-1e44ea5 e-flex e-con-boxed e-con e-parent\" data-id=\"1e44ea5\" data-element_type=\"container\">\n\t\t\t\t\t<div class=\"e-con-inner\">\n\t\t\t\t<div class=\"elementor-element elementor-element-1be2191 elementor-widget elementor-widget-heading\" data-id=\"1be2191\" data-element_type=\"widget\" data-widget_type=\"heading.default\">\n\t\t\t\t<div class=\"elementor-widget-container\">\n\t\t\t\t\t<h2 class=\"elementor-heading-title elementor-size-default\">Kontakt<\/h2>\t\t\t\t<\/div>\n\t\t\t\t<\/div>\n\t\t\t\t\t<\/div>\n\t\t\t\t<\/div>\n\t\t<div class=\"elementor-element elementor-element-34d5054 e-flex e-con-boxed e-con e-parent\" data-id=\"34d5054\" data-element_type=\"container\">\n\t\t\t\t\t<div class=\"e-con-inner\">\n\t\t\t\t\t<\/div>\n\t\t\t\t<\/div>\n\t\t<div class=\"elementor-element elementor-element-f047ffe e-flex e-con-boxed e-con e-parent\" data-id=\"f047ffe\" data-element_type=\"container\">\n\t\t\t\t\t<div class=\"e-con-inner\">\n\t\t\t\t<div class=\"elementor-element elementor-element-383a924 elementor-widget elementor-widget-text-editor\" data-id=\"383a924\" data-element_type=\"widget\" data-widget_type=\"text-editor.default\">\n\t\t\t\t<div class=\"elementor-widget-container\">\n\t\t\t\t\t\t\t\t\t<p><strong>E-Mail:<\/strong> info@swiss-hookah.ch<\/p><p><strong>Telefon :<\/strong> <a href=\"https:\/\/wa.me\/41766447022\">+41 76 644 70 22<\/a><\/p>\t\t\t\t\t\t\t\t<\/div>\n\t\t\t\t<\/div>\n\t\t\t\t\t<\/div>\n\t\t\t\t<\/div>\n\t\t<div class=\"elementor-element elementor-element-b89407a e-flex e-con-boxed e-con e-parent\" data-id=\"b89407a\" data-element_type=\"container\">\n\t\t\t\t\t<div class=\"e-con-inner\">\n\t\t<div class=\"elementor-element elementor-element-c88dfa9 e-con-full e-transform e-flex e-con e-child\" data-id=\"c88dfa9\" data-element_type=\"container\" data-settings=\"{&quot;_transform_translateX_effect&quot;:{&quot;unit&quot;:&quot;px&quot;,&quot;size&quot;:&quot;&quot;,&quot;sizes&quot;:[]},&quot;_transform_translateX_effect_tablet&quot;:{&quot;unit&quot;:&quot;px&quot;,&quot;size&quot;:&quot;&quot;,&quot;sizes&quot;:[]},&quot;_transform_translateX_effect_mobile&quot;:{&quot;unit&quot;:&quot;px&quot;,&quot;size&quot;:&quot;&quot;,&quot;sizes&quot;:[]},&quot;_transform_translateY_effect&quot;:{&quot;unit&quot;:&quot;px&quot;,&quot;size&quot;:&quot;&quot;,&quot;sizes&quot;:[]},&quot;_transform_translateY_effect_tablet&quot;:{&quot;unit&quot;:&quot;px&quot;,&quot;size&quot;:&quot;&quot;,&quot;sizes&quot;:[]},&quot;_transform_translateY_effect_mobile&quot;:{&quot;unit&quot;:&quot;px&quot;,&quot;size&quot;:&quot;&quot;,&quot;sizes&quot;:[]}}\">\n\t\t\t\t<div class=\"elementor-element elementor-element-2bf9ed1 elementor-widget__width-initial e-transform elementor-widget elementor-widget-text-editor\" data-id=\"2bf9ed1\" data-element_type=\"widget\" data-settings=\"{&quot;_transform_scale_effect_mobile&quot;:{&quot;unit&quot;:&quot;px&quot;,&quot;size&quot;:0.9,&quot;sizes&quot;:[]},&quot;_transform_scale_effect&quot;:{&quot;unit&quot;:&quot;px&quot;,&quot;size&quot;:&quot;&quot;,&quot;sizes&quot;:[]},&quot;_transform_scale_effect_tablet&quot;:{&quot;unit&quot;:&quot;px&quot;,&quot;size&quot;:&quot;&quot;,&quot;sizes&quot;:[]}}\" data-widget_type=\"text-editor.default\">\n\t\t\t\t<div class=\"elementor-widget-container\">\n\t\t\t\t\t\t\t\t\t<p>Wir freuen uns, Sie auf unserer Website begr\u00fc\u00dfen zu d\u00fcrfen. Hier k\u00f6nnen Sie unsere erstklassigen Produkte entdecken und unseren hervorragenden Kundenservice in Anspruch nehmen. Wenn Sie Fragen haben oder Beratung ben\u00f6tigen, kontaktieren Sie uns bitte unter <strong>info@swiss-hookah.ch<\/strong> oder telefonisch unter <strong><a href=\"https:\/\/wa.me\/41766447022\">0766447022<\/a>.<\/strong> Vielen Dank, dass Sie uns f\u00fcr Ihre Bed\u00fcrfnisse im Bereich Dampfen, Shisha und Zubeh\u00f6r ausgew\u00e4hlt haben. Bei Swisshookah steht Ihre Zufriedenheit an erster Stelle.<\/p><p>Danke, dass Sie Teil unserer Geschichte sind. Erleben Sie Swisshookah noch heute!<\/p>\t\t\t\t\t\t\t\t<\/div>\n\t\t\t\t<\/div>\n\t\t\t\t<\/div>\n\t\t<div class=\"elementor-element elementor-element-35b152f e-con-full e-flex e-con e-child\" data-id=\"35b152f\" data-element_type=\"container\">\n\t\t\t\t<div class=\"elementor-element elementor-element-ba60047 elementor-widget elementor-widget-image\" data-id=\"ba60047\" data-element_type=\"widget\" data-widget_type=\"image.default\">\n\t\t\t\t<div class=\"elementor-widget-container\">\n\t\t\t\t\t\t\t\t\t\t\t\t\t\t\t<img fetchpriority=\"high\" decoding=\"async\" width=\"618\" height=\"528\" src=\"https:\/\/swiss-hookah.ch\/wp-content\/uploads\/2023\/10\/Capture-decran-2023-10-29-a-20.04.42.png\" class=\"attachment-large size-large wp-image-1558\" alt=\"\" srcset=\"https:\/\/swiss-hookah.ch\/wp-content\/uploads\/2023\/10\/Capture-decran-2023-10-29-a-20.04.42.png 618w, https:\/\/swiss-hookah.ch\/wp-content\/uploads\/2023\/10\/Capture-decran-2023-10-29-a-20.04.42-300x256.png 300w, https:\/\/swiss-hookah.ch\/wp-content\/uploads\/2023\/10\/Capture-decran-2023-10-29-a-20.04.42-600x513.png 600w\" sizes=\"(max-width: 618px) 100vw, 618px\" \/>\t\t\t\t\t\t\t\t\t\t\t\t\t\t\t<\/div>\n\t\t\t\t<\/div>\n\t\t\t\t<\/div>\n\t\t\t\t\t<\/div>\n\t\t\t\t<\/div>\n\t\t<div class=\"elementor-element elementor-element-5d600a2 e-flex e-con-boxed e-con e-parent\" data-id=\"5d600a2\" data-element_type=\"container\">\n\t\t\t\t\t<div class=\"e-con-inner\">\n\t\t\t\t<div class=\"elementor-element elementor-element-57b5a9c elementor-widget elementor-widget-text-editor\" data-id=\"57b5a9c\" data-element_type=\"widget\" data-widget_type=\"text-editor.default\">\n\t\t\t\t<div class=\"elementor-widget-container\">\n\t\t\t\t\t\t\t\t\t<p>Firma: Alpincom<\/p><p>Status: Aktives Einzelunternehmen<\/p><p>Handelsregister-Nr.: CH-550.1.214.216-4<\/p><p>CHE-235.309.031<\/p><p>Adresse: Ch. champ du gour 38 1510 Moudon<\/p>\t\t\t\t\t\t\t\t<\/div>\n\t\t\t\t<\/div>\n\t\t\t\t\t<\/div>\n\t\t\t\t<\/div>\n\t\t\t\t<\/div>","protected":false},"excerpt":{"rendered":"<p>Contact E-mail : info@swiss-hookah.ch T\u00e9l\u00e9phone : +41 76 644 70 22 Nous sommes impatients de vous accueillir sur notre site web, o\u00f9 vous pourrez d\u00e9couvrir nos produits de premi\u00e8re qualit\u00e9 et b\u00e9n\u00e9ficier de notre service client exceptionnel. Si vous avez des questions ou avez besoin de conseils, n\u2019h\u00e9sitez pas \u00e0 nous contacter \u00e0 info@swiss-hookah.ch ou [&hellip;]<\/p>","protected":false},"author":1,"featured_media":0,"parent":0,"menu_order":0,"comment_status":"closed","ping_status":"closed","template":"elementor_header_footer","meta":{"om_disable_all_campaigns":false,"_monsterinsights_skip_tracking":false,"_monsterinsights_sitenote_active":false,"_monsterinsights_sitenote_note":"","_monsterinsights_sitenote_category":0,"footnotes":""},"class_list":["post-972","page","type-page","status-publish","hentry"],"aioseo_notices":[],"jetpack_sharing_enabled":true,"_links":{"self":[{"href":"https:\/\/swiss-hookah.ch\/de\/wp-json\/wp\/v2\/pages\/972","targetHints":{"allow":["GET"]}}],"collection":[{"href":"https:\/\/swiss-hookah.ch\/de\/wp-json\/wp\/v2\/pages"}],"about":[{"href":"https:\/\/swiss-hookah.ch\/de\/wp-json\/wp\/v2\/types\/page"}],"author":[{"embeddable":true,"href":"https:\/\/swiss-hookah.ch\/de\/wp-json\/wp\/v2\/users\/1"}],"replies":[{"embeddable":true,"href":"https:\/\/swiss-hookah.ch\/de\/wp-json\/wp\/v2\/comments?post=972"}],"version-history":[{"count":40,"href":"https:\/\/swiss-hookah.ch\/de\/wp-json\/wp\/v2\/pages\/972\/revisions"}],"predecessor-version":[{"id":6145,"href":"https:\/\/swiss-hookah.ch\/de\/wp-json\/wp\/v2\/pages\/972\/revisions\/6145"}],"wp:attachment":[{"href":"https:\/\/swiss-hookah.ch\/de\/wp-json\/wp\/v2\/media?parent=972"}],"curies":[{"name":"wp","href":"https:\/\/api.w.org\/{rel}","templated":true}]}}