{"id":969,"date":"2023-10-19T01:51:24","date_gmt":"2023-10-18T23:51:24","guid":{"rendered":"https:\/\/swiss-hookah.ch\/index.php\/terms-privacy\/"},"modified":"2024-02-07T10:39:24","modified_gmt":"2024-02-07T09:39:24","slug":"conditions-generales","status":"publish","type":"page","link":"https:\/\/swiss-hookah.ch\/de\/conditions-generales\/","title":{"rendered":"allgemeine Bedingungen"},"content":{"rendered":"<div data-elementor-type=\"wp-page\" data-elementor-id=\"969\" class=\"elementor elementor-969\" data-elementor-post-type=\"page\">\n\t\t\t\t<div class=\"elementor-element elementor-element-53fc7f94 e-flex e-con-boxed e-con e-parent\" data-id=\"53fc7f94\" data-element_type=\"container\">\n\t\t\t\t\t<div class=\"e-con-inner\">\n\t\t<div class=\"elementor-element elementor-element-1ecd70e7 e-con-full e-flex e-con e-child\" data-id=\"1ecd70e7\" data-element_type=\"container\">\n\t\t\t\t<div class=\"elementor-element elementor-element-526a543a elementor-widget elementor-widget-heading\" data-id=\"526a543a\" data-element_type=\"widget\" data-widget_type=\"heading.default\">\n\t\t\t\t<div class=\"elementor-widget-container\">\n\t\t\t\t\t<h1 class=\"elementor-heading-title elementor-size-default\">Allgemeine Gesch\u00e4ftsbedingungen und Datenschutzrichtlinie <\/h1>\t\t\t\t<\/div>\n\t\t\t\t<\/div>\n\t\t\t\t<div class=\"elementor-element elementor-element-7eb0dcfc elementor-widget elementor-widget-heading\" data-id=\"7eb0dcfc\" data-element_type=\"widget\" data-widget_type=\"heading.default\">\n\t\t\t\t<div class=\"elementor-widget-container\">\n\t\t\t\t\t<h2 class=\"elementor-heading-title elementor-size-default\">Allgemeine Bedingungen<\/h2>\t\t\t\t<\/div>\n\t\t\t\t<\/div>\n\t\t\t\t<div class=\"elementor-element elementor-element-62acb85 elementor-widget elementor-widget-text-editor\" data-id=\"62acb85\" data-element_type=\"widget\" data-widget_type=\"text-editor.default\">\n\t\t\t\t<div class=\"elementor-widget-container\">\n\t\t\t\t\t\t\t\t\t<ul><li><strong>Allgemeine Bedingungen<\/strong><\/li><\/ul><p>Willkommen auf der Website von Swisshookah. Bitte lesen Sie diese Allgemeinen Gesch\u00e4ftsbedingungen sorgf\u00e4ltig durch, bevor Sie unsere Website nutzen. Durch den Zugriff auf diese Website erkl\u00e4ren Sie sich damit einverstanden, diese Allgemeinen Gesch\u00e4ftsbedingungen zu befolgen. Wenn Sie mit diesen Bedingungen nicht einverstanden sind, nutzen Sie unsere Website bitte nicht.<\/p><ul><li><strong>Versandkosten<\/strong><\/li><\/ul><p>Die Versandkosten f\u00fcr jede Bestellung betragen 8.50 CHF. Die Versandkosten werden jedoch f\u00fcr jede Bestellung, deren Gesamtwert 49 CHF oder mehr betr\u00e4gt, kostenlos angeboten.<\/p><ul><li><strong>R\u00fcckgaberichtlinie<\/strong><\/li><\/ul><p><strong>1<\/strong>. <span style=\"text-decoration: underline;\">Durch die Lieferung besch\u00e4digte Produkte:<\/span> Wenn ein von Ihnen bestelltes Produkt bei der Lieferung besch\u00e4digt wird, kontaktieren Sie uns bitte innerhalb von 7 Tagen nach Erhalt des Produkts. Wir werden die Kosten f\u00fcr die R\u00fccksendung \u00fcbernehmen und je nach Wunsch eine R\u00fcckerstattung oder einen Ersatz f\u00fcr das Produkt organisieren.<\/p><p><strong>2. <\/strong><span style=\"text-decoration: underline;\">Fehlerhafte Produkte:<\/span> Defekte Produkte, die auf Herstellungsfehler zur\u00fcckzuf\u00fchren sind, fallen unter unsere Garantiebestimmungen (au\u00dfer bei Puffs, im Falle eines Defaults kann ein Rabatt auf Ihre n\u00e4chste Bestellung angewendet werden).\u00a0<\/p><p><strong>3. <\/strong><span style=\"text-decoration: underline;\">Allgemeiner R\u00fccklauf:<\/span> Keine R\u00fcckkehr.<\/p><ul><li><strong>Geistiges Eigentum<\/strong><\/li><\/ul><p>Der Inhalt dieser Website, einschlie\u00dflich Texten, Bildern, Logos und anderen Elementen, ist Eigentum von Swisshookah und durch Urheberrechte und Gesetze zum Schutz des geistigen Eigentums gesch\u00fctzt. Sie d\u00fcrfen diese Inhalte ohne unsere schriftliche Genehmigung nicht vervielf\u00e4ltigen, verbreiten oder ver\u00e4ndern.<\/p><ul><li><strong>Datenschutz<\/strong><\/li><\/ul><p>Bitte lesen Sie unsere Datenschutzrichtlinie, um zu verstehen, wie wir Ihre pers\u00f6nlichen Daten sammeln, verwenden und sch\u00fctzen.<\/p><ul><li><strong>Verantwortung<\/strong><\/li><\/ul><p>Swisshookah haftet nicht f\u00fcr direkte, indirekte, spezielle, Folge- oder sonstige Sch\u00e4den, die sich aus der Nutzung unserer Website oder der von uns verkauften Produkte ergeben.<\/p><ul><li><strong>\u00c4nderungen der Allgemeinen Gesch\u00e4ftsbedingungen<\/strong><\/li><\/ul><p>Swisshookah beh\u00e4lt sich das Recht vor, diese Allgemeinen Gesch\u00e4ftsbedingungen jederzeit zu \u00e4ndern. Alle \u00c4nderungen werden auf unserer Website ver\u00f6ffentlicht und treten sofort in Kraft. Es liegt in Ihrer Verantwortung, diese Bedingungen regelm\u00e4\u00dfig auf Aktualisierungen zu \u00fcberpr\u00fcfen.<\/p><ul><li><strong>Kontakt<\/strong><\/li><\/ul><p>Wenn Sie Fragen oder Bedenken zu diesen Nutzungsbedingungen haben, kontaktieren Sie uns bitte unter der folgenden Adresse:<\/p><p>info@swiss-hookah.ch<\/p>\t\t\t\t\t\t\t\t<\/div>\n\t\t\t\t<\/div>\n\t\t\t\t<div class=\"elementor-element elementor-element-2c996e17 elementor-widget elementor-widget-heading\" data-id=\"2c996e17\" data-element_type=\"widget\" id=\"Privacy&amp;Cookies\" data-widget_type=\"heading.default\">\n\t\t\t\t<div class=\"elementor-widget-container\">\n\t\t\t\t\t<h2 class=\"elementor-heading-title elementor-size-default\">Datenschutzrichtlinie <\/h2>\t\t\t\t<\/div>\n\t\t\t\t<\/div>\n\t\t\t\t<div class=\"elementor-element elementor-element-29bf5cf2 elementor-widget elementor-widget-text-editor\" data-id=\"29bf5cf2\" data-element_type=\"widget\" data-widget_type=\"text-editor.default\">\n\t\t\t\t<div class=\"elementor-widget-container\">\n\t\t\t\t\t\t\t\t\t<ul><li><strong>Datenschutzrichtlinie<\/strong><\/li><\/ul><p>Letzte Aktualisierung: 2. November 2023<\/p><ul><li><strong>Einf\u00fchrung<\/strong><\/li><\/ul><p>Willkommen auf Swiss-hookah.ch. Wir verpflichten uns, Ihre Privatsph\u00e4re und Ihre pers\u00f6nlichen Daten zu sch\u00fctzen. Diese Datenschutzrichtlinie erl\u00e4utert, wie wir Ihre Daten sammeln, verwenden, weitergeben und sch\u00fctzen, wenn Sie unsere Website besuchen oder auf unserer Plattform einkaufen.<\/p><p>Durch die Nutzung unserer Website erkl\u00e4ren Sie sich mit den in dieser Datenschutzrichtlinie beschriebenen Praktiken einverstanden. Wenn Sie mit diesen Praktiken nicht einverstanden sind, nutzen Sie unsere Seite bitte nicht.<\/p><ul><li><strong>Pers\u00f6nliche Informationen<\/strong><\/li><\/ul><p>Gesammelt<\/p><ul><li><strong>Freiwillig bereitgestellte Informationen<\/strong><\/li><\/ul><p>Wenn Sie unsere Website besuchen oder einen Kauf t\u00e4tigen, k\u00f6nnen wir pers\u00f6nliche Informationen sammeln, wie z. B. :<\/p><p>- Name<br \/>- E-Mail-Adresse<br \/>- Lieferadresse<br \/>- Telefonnummer<br \/>- Zahlungsinformationen<\/p><ul><li><strong>Automatisch gesammelte Informationen<\/strong><\/li><\/ul><p>Wir k\u00f6nnen automatisch nicht-personenbezogene Informationen wie z. B. Daten \u00fcber die Nutzung der Website, Cookies, Browserinformationen, IP-Adresse usw. sammeln, um die Nutzererfahrung zu verbessern und unsere Website zu personalisieren.<\/p><ul><li><strong>Verwendung von Informationen<\/strong><\/li><\/ul><p>Wir verwenden Ihre personenbezogenen Daten zu folgenden Zwecken:<\/p><p>- Bearbeitung von Bestellungen<br \/>- Lieferung der Produkte<br \/>- Beantwortung Ihrer Fragen und Antr\u00e4ge<br \/>- Verbesserung unserer Website und unserer Dienstleistungen<br \/>- Marketing und Werbekommunikation (mit Ihrer vorherigen Zustimmung)<\/p><ul><li><strong>Teilen von Informationen<\/strong><\/li><\/ul><p>Wir verkaufen oder vermieten Ihre personenbezogenen Daten nicht an Dritte. Wir k\u00f6nnen Ihre Informationen jedoch zu den in dieser Datenschutzrichtlinie beschriebenen Zwecken an dritte Dienstleister (z. B. Spediteure f\u00fcr die Lieferung) weitergeben. Wir verlangen von diesen Drittanbietern, dass sie angemessene Datenschutzstandards einhalten.<\/p><ul><li><strong>Cookies und \u00e4hnliche Technologien<\/strong><\/li><\/ul><p>Wir verwenden Cookies und andere Technologien, um Ihre Erfahrung auf unserer Website zu verbessern. Sie k\u00f6nnen die Cookie-Einstellungen \u00fcber die Einstellungen Ihres Browsers verwalten.<\/p><ul><li><strong>Sicherheit<\/strong><\/li><\/ul><p>Wir setzen Sicherheitsma\u00dfnahmen ein, um Ihre pers\u00f6nlichen Daten vor unbefugtem Zugriff, Offenlegung, Verwendung, \u00c4nderung oder Vernichtung zu sch\u00fctzen.<\/p><ul><li><strong>Ihre Rechte<\/strong><\/li><\/ul><p>Gem\u00e4\u00df der Schweizer Datenschutzgesetzgebung haben Sie das Recht, auf Ihre pers\u00f6nlichen Daten zuzugreifen, sie zu berichtigen, zu l\u00f6schen und sich ihrer Verarbeitung zu widersetzen. Um diese Rechte auszu\u00fcben oder Fragen zu unserer Datenschutzrichtlinie zu stellen, kontaktieren Sie uns bitte unter info@swiss-hookah.ch.<\/p><ul><li><strong>\u00c4nderungen der Datenschutzrichtlinie<\/strong><\/li><\/ul><p>Wir behalten uns das Recht vor, diese Datenschutzrichtlinie jederzeit zu \u00e4ndern. \u00c4nderungen werden auf dieser Seite mit dem Datum der letzten Aktualisierung ver\u00f6ffentlicht.<\/p>\t\t\t\t\t\t\t\t<\/div>\n\t\t\t\t<\/div>\n\t\t\t\t<\/div>\n\t\t\t\t\t<\/div>\n\t\t\t\t<\/div>\n\t\t\t\t<\/div>","protected":false},"excerpt":{"rendered":"<p>Conditions G\u00e9n\u00e9rales et politique de confidentialit\u00e9 Conditions g\u00e9n\u00e9rales Conditions G\u00e9n\u00e9rales Bienvenue sur le site Web de Swisshookah. Veuillez lire attentivement ces Conditions G\u00e9n\u00e9rales avant d&rsquo;utiliser notre site. En acc\u00e9dant \u00e0 ce site, vous acceptez de vous conformer \u00e0 ces Conditions G\u00e9n\u00e9rales. Si vous n&rsquo;acceptez pas ces conditions, veuillez ne pas utiliser notre site. Frais d&rsquo;Exp\u00e9dition [&hellip;]<\/p>","protected":false},"author":1,"featured_media":0,"parent":0,"menu_order":0,"comment_status":"closed","ping_status":"closed","template":"elementor_header_footer","meta":{"om_disable_all_campaigns":false,"_monsterinsights_skip_tracking":false,"_monsterinsights_sitenote_active":false,"_monsterinsights_sitenote_note":"","_monsterinsights_sitenote_category":0,"footnotes":""},"class_list":["post-969","page","type-page","status-publish","hentry"],"aioseo_notices":[],"jetpack_sharing_enabled":true,"_links":{"self":[{"href":"https:\/\/swiss-hookah.ch\/de\/wp-json\/wp\/v2\/pages\/969","targetHints":{"allow":["GET"]}}],"collection":[{"href":"https:\/\/swiss-hookah.ch\/de\/wp-json\/wp\/v2\/pages"}],"about":[{"href":"https:\/\/swiss-hookah.ch\/de\/wp-json\/wp\/v2\/types\/page"}],"author":[{"embeddable":true,"href":"https:\/\/swiss-hookah.ch\/de\/wp-json\/wp\/v2\/users\/1"}],"replies":[{"embeddable":true,"href":"https:\/\/swiss-hookah.ch\/de\/wp-json\/wp\/v2\/comments?post=969"}],"version-history":[{"count":14,"href":"https:\/\/swiss-hookah.ch\/de\/wp-json\/wp\/v2\/pages\/969\/revisions"}],"predecessor-version":[{"id":3075,"href":"https:\/\/swiss-hookah.ch\/de\/wp-json\/wp\/v2\/pages\/969\/revisions\/3075"}],"wp:attachment":[{"href":"https:\/\/swiss-hookah.ch\/de\/wp-json\/wp\/v2\/media?parent=969"}],"curies":[{"name":"wp","href":"https:\/\/api.w.org\/{rel}","templated":true}]}}