{"id":5688,"date":"2025-06-22T15:13:02","date_gmt":"2025-06-22T13:13:02","guid":{"rendered":"https:\/\/swiss-hookah.ch\/?page_id=5688"},"modified":"2025-06-22T15:15:04","modified_gmt":"2025-06-22T13:15:04","slug":"vape-dupliquer-1996","status":"publish","type":"page","link":"https:\/\/swiss-hookah.ch\/de\/vape-dupliquer-1996\/","title":{"rendered":"Widerstand"},"content":{"rendered":"<div data-elementor-type=\"wp-page\" data-elementor-id=\"5688\" class=\"elementor elementor-5688\" data-elementor-post-type=\"page\">\n\t\t\t\t<div class=\"elementor-element elementor-element-65f4fe0 e-flex e-con-boxed e-con e-parent\" data-id=\"65f4fe0\" data-element_type=\"container\">\n\t\t\t\t\t<div class=\"e-con-inner\">\n\t\t\t\t<div class=\"elementor-element elementor-element-b588b46 elementor-widget elementor-widget-heading\" data-id=\"b588b46\" data-element_type=\"widget\" data-widget_type=\"heading.default\">\n\t\t\t\t<div class=\"elementor-widget-container\">\n\t\t\t\t\t<h2 class=\"elementor-heading-title elementor-size-default\">Widerstand<\/h2>\t\t\t\t<\/div>\n\t\t\t\t<\/div>\n\t\t\t\t\t<\/div>\n\t\t\t\t<\/div>\n\t\t<div class=\"elementor-element elementor-element-2bee7a1 e-flex e-con-boxed e-con e-parent\" data-id=\"2bee7a1\" data-element_type=\"container\">\n\t\t\t\t\t<div class=\"e-con-inner\">\n\t\t\t\t<div class=\"elementor-element elementor-element-e674709 e-transform elementor-widget elementor-widget-text-editor\" data-id=\"e674709\" data-element_type=\"widget\" data-settings=\"{&quot;_transform_scale_effect_mobile&quot;:{&quot;unit&quot;:&quot;px&quot;,&quot;size&quot;:0.9,&quot;sizes&quot;:[]},&quot;_transform_scale_effect&quot;:{&quot;unit&quot;:&quot;px&quot;,&quot;size&quot;:&quot;&quot;,&quot;sizes&quot;:[]},&quot;_transform_scale_effect_tablet&quot;:{&quot;unit&quot;:&quot;px&quot;,&quot;size&quot;:&quot;&quot;,&quot;sizes&quot;:[]}}\" data-widget_type=\"text-editor.default\">\n\t\t\t\t<div class=\"elementor-widget-container\">\n\t\t\t\t\t\t\t\t\t<p>Auf unserer SwissHookah-Webseite bieten wir ausschlie\u00dflich unsere Bestseller unter den Vapes an. Wenn Sie jedoch spezielle W\u00fcnsche haben oder nach einem bestimmten Dampf und einer bestimmten Komponente suchen, die nicht zu unseren Bestsellern geh\u00f6ren, z\u00f6gern Sie bitte nicht, uns zu kontaktieren. Wir haben Zugang zum gesamten Markt f\u00fcr Dampfen und helfen Ihnen gerne weiter. Bitte erreichen Sie uns per <strong><a href=\"https:\/\/swiss-hookah.ch\/index.php\/contact\/\">Telefon<\/a> <\/strong>oder durch <strong><a href=\"https:\/\/swiss-hookah.ch\/index.php\/contact\/\">e-mai<\/a><a href=\"https:\/\/swiss-hookah.ch\/index.php\/contact\/\">l<\/a><\/strong> f\u00fcr jede besondere Anfrage.<\/p>\t\t\t\t\t\t\t\t<\/div>\n\t\t\t\t<\/div>\n\t\t\t\t\t<\/div>\n\t\t\t\t<\/div>\n\t\t<div class=\"elementor-element elementor-element-80c4abf e-flex e-con-boxed e-con e-parent\" data-id=\"80c4abf\" data-element_type=\"container\">\n\t\t\t\t\t<div class=\"e-con-inner\">\n\t\t\t\t<div class=\"elementor-element elementor-element-6e87be4 elementor-grid-3 elementor-grid-tablet-3 elementor-grid-mobile-2 elementor-products-grid elementor-wc-products elementor-widget elementor-widget-woocommerce-products\" data-id=\"6e87be4\" data-element_type=\"widget\" data-widget_type=\"woocommerce-products.default\">\n\t\t\t\t<div class=\"elementor-widget-container\">\n\t\t\t\t\t<div class=\"woocommerce columns-3\"><ul class=\"products elementor-grid columns-3\">\n<li class=\"product type-product post-5653 status-publish first instock product_cat-resis has-post-thumbnail shipping-taxable purchasable product-type-variable\">\n\t<a href=\"https:\/\/swiss-hookah.ch\/de\/product\/lost-vape-kit-pod-ursa-nano-cartouche-2\/\" class=\"woocommerce-LoopProduct-link woocommerce-loop-product__link\"><img fetchpriority=\"high\" decoding=\"async\" width=\"300\" height=\"300\" src=\"https:\/\/swiss-hookah.ch\/wp-content\/uploads\/2023\/11\/img_8571-300x300.jpeg\" class=\"attachment-woocommerce_thumbnail size-woocommerce_thumbnail\" alt=\"Cartouche dotmod switch R - 2X\" srcset=\"https:\/\/swiss-hookah.ch\/wp-content\/uploads\/2023\/11\/img_8571-300x300.jpeg 300w, https:\/\/swiss-hookah.ch\/wp-content\/uploads\/2023\/11\/img_8571-1024x1024.jpeg 1024w, https:\/\/swiss-hookah.ch\/wp-content\/uploads\/2023\/11\/img_8571-150x150.jpeg 150w, https:\/\/swiss-hookah.ch\/wp-content\/uploads\/2023\/11\/img_8571-768x768.jpeg 768w, https:\/\/swiss-hookah.ch\/wp-content\/uploads\/2023\/11\/img_8571-1536x1536.jpeg 1536w, https:\/\/swiss-hookah.ch\/wp-content\/uploads\/2023\/11\/img_8571-1320x1320.jpeg 1320w, https:\/\/swiss-hookah.ch\/wp-content\/uploads\/2023\/11\/img_8571-100x100.jpeg 100w, https:\/\/swiss-hookah.ch\/wp-content\/uploads\/2023\/11\/img_8571-200x200.jpeg 200w, https:\/\/swiss-hookah.ch\/wp-content\/uploads\/2023\/11\/img_8571-400x400.jpeg 400w, https:\/\/swiss-hookah.ch\/wp-content\/uploads\/2023\/11\/img_8571-500x500.jpeg 500w, https:\/\/swiss-hookah.ch\/wp-content\/uploads\/2023\/11\/img_8571-600x600.jpeg 600w, https:\/\/swiss-hookah.ch\/wp-content\/uploads\/2023\/11\/img_8571.jpeg 1700w\" sizes=\"(max-width: 300px) 100vw, 300px\" \/><h2 class=\"woocommerce-loop-product__title\">dotmod switch R - 2X Patrone<\/h2>\n\t<span class=\"price\"><span class=\"woocommerce-Price-amount amount\"><bdi><span class=\"woocommerce-Price-currencySymbol\">&#67;&#72;&#70;<\/span>&nbsp;7.90<\/bdi><\/span><\/span>\n<\/a><a href=\"https:\/\/swiss-hookah.ch\/de\/product\/lost-vape-kit-pod-ursa-nano-cartouche-2\/\" aria-describedby=\"woocommerce_loop_add_to_cart_link_describedby_5653\" data-quantity=\"1\" class=\"button product_type_variable add_to_cart_button\" data-product_id=\"5653\" data-product_sku=\"\" aria-label=\"W\u00e4hlen Sie die Optionen f\u00fcr &quot;Cartouche dotmod switch R - 2X&quot;.\" rel=\"nofollow\" data-no-translation=\"\" data-trp-gettext=\"\" data-no-translation-aria-label=\"\">Optionen ausw\u00e4hlen<\/a>\t<span id=\"woocommerce_loop_add_to_cart_link_describedby_5653\" class=\"screen-reader-text\">\n\t\tDieses Produkt hat mehrere Varianten. Die Optionen k\u00f6nnen auf der Produktseite ausgew\u00e4hlt werden\t<\/span>\n<\/li>\n<li class=\"product type-product post-4413 status-publish instock product_cat-resis has-post-thumbnail shipping-taxable purchasable product-type-variable\">\n\t<a href=\"https:\/\/swiss-hookah.ch\/de\/product\/innokin\/\" class=\"woocommerce-LoopProduct-link woocommerce-loop-product__link\"><img decoding=\"async\" width=\"300\" height=\"300\" src=\"https:\/\/swiss-hookah.ch\/wp-content\/uploads\/2024\/09\/cartouches-klypse-innokin-pack-x3-300x300.webp\" class=\"attachment-woocommerce_thumbnail size-woocommerce_thumbnail\" alt=\"CARTOUCHES KLYPSE - INNOKIN | PACK X3\" srcset=\"https:\/\/swiss-hookah.ch\/wp-content\/uploads\/2024\/09\/cartouches-klypse-innokin-pack-x3-300x300.webp 300w, https:\/\/swiss-hookah.ch\/wp-content\/uploads\/2024\/09\/cartouches-klypse-innokin-pack-x3-150x150.webp 150w, https:\/\/swiss-hookah.ch\/wp-content\/uploads\/2024\/09\/cartouches-klypse-innokin-pack-x3-100x100.webp 100w, https:\/\/swiss-hookah.ch\/wp-content\/uploads\/2024\/09\/cartouches-klypse-innokin-pack-x3.webp 540w\" sizes=\"(max-width: 300px) 100vw, 300px\" \/><h2 class=\"woocommerce-loop-product__title\">KLYPSE PATRONEN - INNOKIN | 3ER PACK<\/h2>\n\t<span class=\"price\"><span class=\"woocommerce-Price-amount amount\"><bdi><span class=\"woocommerce-Price-currencySymbol\">&#67;&#72;&#70;<\/span>&nbsp;10.50<\/bdi><\/span><\/span>\n<\/a><a href=\"https:\/\/swiss-hookah.ch\/de\/product\/innokin\/\" aria-describedby=\"woocommerce_loop_add_to_cart_link_describedby_4413\" data-quantity=\"1\" class=\"button product_type_variable add_to_cart_button\" data-product_id=\"4413\" data-product_sku=\"\" aria-label=\"W\u00e4hlen Sie die Optionen f\u00fcr &quot;CARTOUCHES KLYPSE - INNOKIN | PACK X3&quot;.\" rel=\"nofollow\" data-no-translation=\"\" data-trp-gettext=\"\" data-no-translation-aria-label=\"\">Optionen ausw\u00e4hlen<\/a>\t<span id=\"woocommerce_loop_add_to_cart_link_describedby_4413\" class=\"screen-reader-text\">\n\t\tDieses Produkt hat mehrere Varianten. Die Optionen k\u00f6nnen auf der Produktseite ausgew\u00e4hlt werden\t<\/span>\n<\/li>\n<li class=\"product type-product post-4405 status-publish last instock product_cat-resis has-post-thumbnail shipping-taxable purchasable product-type-variable\">\n\t<a href=\"https:\/\/swiss-hookah.ch\/de\/product\/cargalaxy\/\" class=\"woocommerce-LoopProduct-link woocommerce-loop-product__link\"><img decoding=\"async\" width=\"300\" height=\"300\" src=\"https:\/\/swiss-hookah.ch\/wp-content\/uploads\/2024\/09\/IMG_2512-300x300.webp\" class=\"attachment-woocommerce_thumbnail size-woocommerce_thumbnail\" alt=\"CARTOUCHES DORIC GALAXY - VOOPOO | PACK X2\" srcset=\"https:\/\/swiss-hookah.ch\/wp-content\/uploads\/2024\/09\/IMG_2512-300x300.webp 300w, https:\/\/swiss-hookah.ch\/wp-content\/uploads\/2024\/09\/IMG_2512-150x150.webp 150w, https:\/\/swiss-hookah.ch\/wp-content\/uploads\/2024\/09\/IMG_2512-100x100.webp 100w, https:\/\/swiss-hookah.ch\/wp-content\/uploads\/2024\/09\/IMG_2512.webp 540w\" sizes=\"(max-width: 300px) 100vw, 300px\" \/><h2 class=\"woocommerce-loop-product__title\">DORIC GALAXY PATRONEN - VOOPOO | X2 PACK<\/h2>\n\t<span class=\"price\"><span class=\"woocommerce-Price-amount amount\"><bdi><span class=\"woocommerce-Price-currencySymbol\">&#67;&#72;&#70;<\/span>&nbsp;7.90<\/bdi><\/span><\/span>\n<\/a><a href=\"https:\/\/swiss-hookah.ch\/de\/product\/cargalaxy\/\" aria-describedby=\"woocommerce_loop_add_to_cart_link_describedby_4405\" data-quantity=\"1\" class=\"button product_type_variable add_to_cart_button\" data-product_id=\"4405\" data-product_sku=\"\" aria-label=\"W\u00e4hlen Sie die Optionen f\u00fcr &quot;CARTOUCHES DORIC GALAXY - VOOPOO | PACK X2&quot;.\" rel=\"nofollow\" data-no-translation=\"\" data-trp-gettext=\"\" data-no-translation-aria-label=\"\">Optionen ausw\u00e4hlen<\/a>\t<span id=\"woocommerce_loop_add_to_cart_link_describedby_4405\" class=\"screen-reader-text\">\n\t\tDieses Produkt hat mehrere Varianten. Die Optionen k\u00f6nnen auf der Produktseite ausgew\u00e4hlt werden\t<\/span>\n<\/li>\n<li class=\"product type-product post-4394 status-publish first instock product_cat-resis has-post-thumbnail shipping-taxable purchasable product-type-variable\">\n\t<a href=\"https:\/\/swiss-hookah.ch\/de\/product\/nano2-2\/\" class=\"woocommerce-LoopProduct-link woocommerce-loop-product__link\"><img loading=\"lazy\" decoding=\"async\" width=\"300\" height=\"300\" src=\"https:\/\/swiss-hookah.ch\/wp-content\/uploads\/2024\/09\/IMG_2510-300x300.jpg\" class=\"attachment-woocommerce_thumbnail size-woocommerce_thumbnail\" alt=\"CARTOUCHES N (NANO) SERIES - GEEKVAPE | PACK X2\" srcset=\"https:\/\/swiss-hookah.ch\/wp-content\/uploads\/2024\/09\/IMG_2510-300x300.jpg 300w, https:\/\/swiss-hookah.ch\/wp-content\/uploads\/2024\/09\/IMG_2510-150x150.jpg 150w, https:\/\/swiss-hookah.ch\/wp-content\/uploads\/2024\/09\/IMG_2510-768x768.jpg 768w, https:\/\/swiss-hookah.ch\/wp-content\/uploads\/2024\/09\/IMG_2510-600x600.jpg 600w, https:\/\/swiss-hookah.ch\/wp-content\/uploads\/2024\/09\/IMG_2510-100x100.jpg 100w, https:\/\/swiss-hookah.ch\/wp-content\/uploads\/2024\/09\/IMG_2510.jpg 800w\" sizes=\"(max-width: 300px) 100vw, 300px\" \/><h2 class=\"woocommerce-loop-product__title\">N (NANO) SERIES PATRONEN - GEEKVAPE | X2 PACK<\/h2>\n\t<span class=\"price\"><span class=\"woocommerce-Price-amount amount\"><bdi><span class=\"woocommerce-Price-currencySymbol\">&#67;&#72;&#70;<\/span>&nbsp;7.90<\/bdi><\/span><\/span>\n<\/a><a href=\"https:\/\/swiss-hookah.ch\/de\/product\/nano2-2\/\" aria-describedby=\"woocommerce_loop_add_to_cart_link_describedby_4394\" data-quantity=\"1\" class=\"button product_type_variable add_to_cart_button\" data-product_id=\"4394\" data-product_sku=\"ursa-1-1-1\" aria-label=\"W\u00e4hlen Sie die Optionen f\u00fcr &quot;CARTOUCHES N (NANO) SERIES - GEEKVAPE | PACK X2&quot;.\" rel=\"nofollow\" data-no-translation=\"\" data-trp-gettext=\"\" data-no-translation-aria-label=\"\">Optionen ausw\u00e4hlen<\/a>\t<span id=\"woocommerce_loop_add_to_cart_link_describedby_4394\" class=\"screen-reader-text\">\n\t\tDieses Produkt hat mehrere Varianten. Die Optionen k\u00f6nnen auf der Produktseite ausgew\u00e4hlt werden\t<\/span>\n<\/li>\n<li class=\"product type-product post-4382 status-publish instock product_cat-resis has-post-thumbnail shipping-taxable purchasable product-type-variable\">\n\t<a href=\"https:\/\/swiss-hookah.ch\/de\/product\/e40cartouche\/\" class=\"woocommerce-LoopProduct-link woocommerce-loop-product__link\"><img loading=\"lazy\" decoding=\"async\" width=\"300\" height=\"300\" src=\"https:\/\/swiss-hookah.ch\/wp-content\/uploads\/2024\/09\/IMG_2508-300x300.webp\" class=\"attachment-woocommerce_thumbnail size-woocommerce_thumbnail\" alt=\"CARTOUCHES ARGUS E40 - VOOPOO | PACK X2\" srcset=\"https:\/\/swiss-hookah.ch\/wp-content\/uploads\/2024\/09\/IMG_2508-300x300.webp 300w, https:\/\/swiss-hookah.ch\/wp-content\/uploads\/2024\/09\/IMG_2508-150x150.webp 150w, https:\/\/swiss-hookah.ch\/wp-content\/uploads\/2024\/09\/IMG_2508-100x100.webp 100w, https:\/\/swiss-hookah.ch\/wp-content\/uploads\/2024\/09\/IMG_2508.webp 540w\" sizes=\"(max-width: 300px) 100vw, 300px\" \/><h2 class=\"woocommerce-loop-product__title\">ARGUS E40 PATRONEN - VOOPOO | PACK X2<\/h2>\n\t<span class=\"price\"><span class=\"woocommerce-Price-amount amount\"><bdi><span class=\"woocommerce-Price-currencySymbol\">&#67;&#72;&#70;<\/span>&nbsp;7.90<\/bdi><\/span><\/span>\n<\/a><a href=\"https:\/\/swiss-hookah.ch\/de\/product\/e40cartouche\/\" aria-describedby=\"woocommerce_loop_add_to_cart_link_describedby_4382\" data-quantity=\"1\" class=\"button product_type_variable add_to_cart_button\" data-product_id=\"4382\" data-product_sku=\"ursa-1-1\" aria-label=\"W\u00e4hlen Sie die Optionen f\u00fcr &quot;CARTOUCHES ARGUS E40 - VOOPOO | PACK X2&quot;.\" rel=\"nofollow\" data-no-translation=\"\" data-trp-gettext=\"\" data-no-translation-aria-label=\"\">Optionen ausw\u00e4hlen<\/a>\t<span id=\"woocommerce_loop_add_to_cart_link_describedby_4382\" class=\"screen-reader-text\">\n\t\tDieses Produkt hat mehrere Varianten. Die Optionen k\u00f6nnen auf der Produktseite ausgew\u00e4hlt werden\t<\/span>\n<\/li>\n<li class=\"product type-product post-3654 status-publish last instock product_cat-nouveau-vape product_cat-resis has-post-thumbnail shipping-taxable purchasable product-type-variable\">\n\t<a href=\"https:\/\/swiss-hookah.ch\/de\/product\/geevape-3\/\" class=\"woocommerce-LoopProduct-link woocommerce-loop-product__link\"><img loading=\"lazy\" decoding=\"async\" width=\"300\" height=\"300\" src=\"https:\/\/swiss-hookah.ch\/wp-content\/uploads\/2024\/06\/img_8567-300x300.jpeg\" class=\"attachment-woocommerce_thumbnail size-woocommerce_thumbnail\" alt=\"CARTOUCHES VECO GO - VAPORESSO | PACK X2\" srcset=\"https:\/\/swiss-hookah.ch\/wp-content\/uploads\/2024\/06\/img_8567-300x300.jpeg 300w, https:\/\/swiss-hookah.ch\/wp-content\/uploads\/2024\/06\/img_8567-150x150.jpeg 150w, https:\/\/swiss-hookah.ch\/wp-content\/uploads\/2024\/06\/img_8567-768x768.jpeg 768w, https:\/\/swiss-hookah.ch\/wp-content\/uploads\/2024\/06\/img_8567-100x100.jpeg 100w, https:\/\/swiss-hookah.ch\/wp-content\/uploads\/2024\/06\/img_8567-200x200.jpeg 200w, https:\/\/swiss-hookah.ch\/wp-content\/uploads\/2024\/06\/img_8567-400x400.jpeg 400w, https:\/\/swiss-hookah.ch\/wp-content\/uploads\/2024\/06\/img_8567-500x500.jpeg 500w, https:\/\/swiss-hookah.ch\/wp-content\/uploads\/2024\/06\/img_8567-600x600.jpeg 600w, https:\/\/swiss-hookah.ch\/wp-content\/uploads\/2024\/06\/img_8567.jpeg 800w\" sizes=\"(max-width: 300px) 100vw, 300px\" \/><h2 class=\"woocommerce-loop-product__title\">VECO GO - VAPORESSO | PACK X2<\/h2>\n\t<span class=\"price\"><span class=\"woocommerce-Price-amount amount\"><bdi><span class=\"woocommerce-Price-currencySymbol\">&#67;&#72;&#70;<\/span>&nbsp;7.90<\/bdi><\/span><\/span>\n<\/a><a href=\"https:\/\/swiss-hookah.ch\/de\/product\/geevape-3\/\" aria-describedby=\"woocommerce_loop_add_to_cart_link_describedby_3654\" data-quantity=\"1\" class=\"button product_type_variable add_to_cart_button\" data-product_id=\"3654\" data-product_sku=\"ursa-1\" aria-label=\"W\u00e4hlen Sie die Optionen f\u00fcr &quot;CARTOUCHES VECO GO - VAPORESSO | PACK X2&quot;.\" rel=\"nofollow\" data-no-translation=\"\" data-trp-gettext=\"\" data-no-translation-aria-label=\"\">Optionen ausw\u00e4hlen<\/a>\t<span id=\"woocommerce_loop_add_to_cart_link_describedby_3654\" class=\"screen-reader-text\">\n\t\tDieses Produkt hat mehrere Varianten. Die Optionen k\u00f6nnen auf der Produktseite ausgew\u00e4hlt werden\t<\/span>\n<\/li>\n<li class=\"product type-product post-1988 status-publish first instock product_cat-resis has-post-thumbnail shipping-taxable purchasable product-type-variable\">\n\t<a href=\"https:\/\/swiss-hookah.ch\/de\/product\/lost-vape-kit-pod-ursa-nano-cartouche\/\" class=\"woocommerce-LoopProduct-link woocommerce-loop-product__link\"><img loading=\"lazy\" decoding=\"async\" width=\"300\" height=\"300\" src=\"https:\/\/swiss-hookah.ch\/wp-content\/uploads\/2023\/11\/img_8571-300x300.jpeg\" class=\"attachment-woocommerce_thumbnail size-woocommerce_thumbnail\" alt=\"Lost vape - Cartouche Ursa Nano - 3X Pack\" srcset=\"https:\/\/swiss-hookah.ch\/wp-content\/uploads\/2023\/11\/img_8571-300x300.jpeg 300w, https:\/\/swiss-hookah.ch\/wp-content\/uploads\/2023\/11\/img_8571-1024x1024.jpeg 1024w, https:\/\/swiss-hookah.ch\/wp-content\/uploads\/2023\/11\/img_8571-150x150.jpeg 150w, https:\/\/swiss-hookah.ch\/wp-content\/uploads\/2023\/11\/img_8571-768x768.jpeg 768w, https:\/\/swiss-hookah.ch\/wp-content\/uploads\/2023\/11\/img_8571-1536x1536.jpeg 1536w, https:\/\/swiss-hookah.ch\/wp-content\/uploads\/2023\/11\/img_8571-1320x1320.jpeg 1320w, https:\/\/swiss-hookah.ch\/wp-content\/uploads\/2023\/11\/img_8571-100x100.jpeg 100w, https:\/\/swiss-hookah.ch\/wp-content\/uploads\/2023\/11\/img_8571-200x200.jpeg 200w, https:\/\/swiss-hookah.ch\/wp-content\/uploads\/2023\/11\/img_8571-400x400.jpeg 400w, https:\/\/swiss-hookah.ch\/wp-content\/uploads\/2023\/11\/img_8571-500x500.jpeg 500w, https:\/\/swiss-hookah.ch\/wp-content\/uploads\/2023\/11\/img_8571-600x600.jpeg 600w, https:\/\/swiss-hookah.ch\/wp-content\/uploads\/2023\/11\/img_8571.jpeg 1700w\" sizes=\"(max-width: 300px) 100vw, 300px\" \/><h2 class=\"woocommerce-loop-product__title\">Lost vape - Ursa Nano Patrone - 3X Pack<\/h2>\n\t<span class=\"price\"><span class=\"woocommerce-Price-amount amount\"><bdi><span class=\"woocommerce-Price-currencySymbol\">&#67;&#72;&#70;<\/span>&nbsp;8.90<\/bdi><\/span><\/span>\n<\/a><a href=\"https:\/\/swiss-hookah.ch\/de\/product\/lost-vape-kit-pod-ursa-nano-cartouche\/\" aria-describedby=\"woocommerce_loop_add_to_cart_link_describedby_1988\" data-quantity=\"1\" class=\"button product_type_variable add_to_cart_button\" data-product_id=\"1988\" data-product_sku=\"ursa\" aria-label=\"W\u00e4hlen Sie die Optionen f\u00fcr &quot;Lost vape - Cartouche Ursa Nano - 3X Pack&quot;.\" rel=\"nofollow\" data-no-translation=\"\" data-trp-gettext=\"\" data-no-translation-aria-label=\"\">Optionen ausw\u00e4hlen<\/a>\t<span id=\"woocommerce_loop_add_to_cart_link_describedby_1988\" class=\"screen-reader-text\">\n\t\tDieses Produkt hat mehrere Varianten. Die Optionen k\u00f6nnen auf der Produktseite ausgew\u00e4hlt werden\t<\/span>\n<\/li>\n<li class=\"product type-product post-1983 status-publish instock product_cat-resis has-post-thumbnail shipping-taxable purchasable product-type-variable\">\n\t<a href=\"https:\/\/swiss-hookah.ch\/de\/product\/gotek-cartouche\/\" class=\"woocommerce-LoopProduct-link woocommerce-loop-product__link\"><img loading=\"lazy\" decoding=\"async\" width=\"300\" height=\"300\" src=\"https:\/\/swiss-hookah.ch\/wp-content\/uploads\/2023\/11\/IMG_5690-300x300.jpg\" class=\"attachment-woocommerce_thumbnail size-woocommerce_thumbnail\" alt=\"Cartouche Gotek - Aspire - 2X pack\" srcset=\"https:\/\/swiss-hookah.ch\/wp-content\/uploads\/2023\/11\/IMG_5690-300x300.jpg 300w, https:\/\/swiss-hookah.ch\/wp-content\/uploads\/2023\/11\/IMG_5690-150x150.jpg 150w, https:\/\/swiss-hookah.ch\/wp-content\/uploads\/2023\/11\/IMG_5690-100x100.jpg 100w\" sizes=\"(max-width: 300px) 100vw, 300px\" \/><h2 class=\"woocommerce-loop-product__title\">Gotek Patrone - Aspire - 2X pack<\/h2>\n\t<span class=\"price\"><span class=\"woocommerce-Price-amount amount\"><bdi><span class=\"woocommerce-Price-currencySymbol\">&#67;&#72;&#70;<\/span>&nbsp;5.90<\/bdi><\/span><\/span>\n<\/a><a href=\"https:\/\/swiss-hookah.ch\/de\/product\/gotek-cartouche\/\" aria-describedby=\"woocommerce_loop_add_to_cart_link_describedby_1983\" data-quantity=\"1\" class=\"button product_type_variable add_to_cart_button\" data-product_id=\"1983\" data-product_sku=\"gotek-1\" aria-label=\"W\u00e4hlen Sie die Optionen f\u00fcr &quot;Cartouche Gotek - Aspire - 2X pack&quot;.\" rel=\"nofollow\" data-no-translation=\"\" data-trp-gettext=\"\" data-no-translation-aria-label=\"\">Optionen ausw\u00e4hlen<\/a>\t<span id=\"woocommerce_loop_add_to_cart_link_describedby_1983\" class=\"screen-reader-text\">\n\t\tDieses Produkt hat mehrere Varianten. Die Optionen k\u00f6nnen auf der Produktseite ausgew\u00e4hlt werden\t<\/span>\n<\/li>\n<li class=\"product type-product post-1951 status-publish last instock product_cat-resis has-post-thumbnail shipping-taxable purchasable product-type-variable\">\n\t<a href=\"https:\/\/swiss-hookah.ch\/de\/product\/voopoo-cartouche-ito-2x-pack\/\" class=\"woocommerce-LoopProduct-link woocommerce-loop-product__link\"><img loading=\"lazy\" decoding=\"async\" width=\"300\" height=\"300\" src=\"https:\/\/swiss-hookah.ch\/wp-content\/uploads\/2023\/11\/IMG_5688-300x300.jpg\" class=\"attachment-woocommerce_thumbnail size-woocommerce_thumbnail\" alt=\"Voopoo - cartouche ITO - 2X pack\" srcset=\"https:\/\/swiss-hookah.ch\/wp-content\/uploads\/2023\/11\/IMG_5688-300x300.jpg 300w, https:\/\/swiss-hookah.ch\/wp-content\/uploads\/2023\/11\/IMG_5688-150x150.jpg 150w, https:\/\/swiss-hookah.ch\/wp-content\/uploads\/2023\/11\/IMG_5688-100x100.jpg 100w\" sizes=\"(max-width: 300px) 100vw, 300px\" \/><h2 class=\"woocommerce-loop-product__title\">Voopoo - ITO-Patrone - 2X pack<\/h2>\n\t<span class=\"price\"><span class=\"woocommerce-Price-amount amount\"><bdi><span class=\"woocommerce-Price-currencySymbol\">&#67;&#72;&#70;<\/span>&nbsp;8.90<\/bdi><\/span><\/span>\n<\/a><a href=\"https:\/\/swiss-hookah.ch\/de\/product\/voopoo-cartouche-ito-2x-pack\/\" aria-describedby=\"woocommerce_loop_add_to_cart_link_describedby_1951\" data-quantity=\"1\" class=\"button product_type_variable add_to_cart_button\" data-product_id=\"1951\" data-product_sku=\"ITO\" aria-label=\"W\u00e4hlen Sie die Optionen f\u00fcr &quot;Voopoo - cartouche ITO - 2X pack&quot;.\" rel=\"nofollow\" data-no-translation=\"\" data-trp-gettext=\"\" data-no-translation-aria-label=\"\">Optionen ausw\u00e4hlen<\/a>\t<span id=\"woocommerce_loop_add_to_cart_link_describedby_1951\" class=\"screen-reader-text\">\n\t\tDieses Produkt hat mehrere Varianten. Die Optionen k\u00f6nnen auf der Produktseite ausgew\u00e4hlt werden\t<\/span>\n<\/li>\n<\/ul>\n<\/div>\t\t\t\t<\/div>\n\t\t\t\t<\/div>\n\t\t\t\t\t<\/div>\n\t\t\t\t<\/div>\n\t\t\t\t<\/div>","protected":false},"excerpt":{"rendered":"<p>r\u00e9sistance Sur notre site web SwissHookah, nous proposons exclusivement nos bestsellers parmi les vapes. Cependant, si vous avez des demandes sp\u00e9cifiques ou si vous recherchez une vape et composant particulier qui ne figure pas parmi nos bestsellers, n&rsquo;h\u00e9sitez pas \u00e0 nous contacter. Nous avons acc\u00e8s \u00e0 l&rsquo;ensemble du march\u00e9 des vapes, et nous serions ravis [&hellip;]<\/p>","protected":false},"author":1,"featured_media":0,"parent":0,"menu_order":0,"comment_status":"closed","ping_status":"closed","template":"elementor_header_footer","meta":{"om_disable_all_campaigns":false,"_monsterinsights_skip_tracking":false,"_monsterinsights_sitenote_active":false,"_monsterinsights_sitenote_note":"","_monsterinsights_sitenote_category":0,"footnotes":""},"class_list":["post-5688","page","type-page","status-publish","hentry"],"aioseo_notices":[],"jetpack_sharing_enabled":true,"_links":{"self":[{"href":"https:\/\/swiss-hookah.ch\/de\/wp-json\/wp\/v2\/pages\/5688","targetHints":{"allow":["GET"]}}],"collection":[{"href":"https:\/\/swiss-hookah.ch\/de\/wp-json\/wp\/v2\/pages"}],"about":[{"href":"https:\/\/swiss-hookah.ch\/de\/wp-json\/wp\/v2\/types\/page"}],"author":[{"embeddable":true,"href":"https:\/\/swiss-hookah.ch\/de\/wp-json\/wp\/v2\/users\/1"}],"replies":[{"embeddable":true,"href":"https:\/\/swiss-hookah.ch\/de\/wp-json\/wp\/v2\/comments?post=5688"}],"version-history":[{"count":4,"href":"https:\/\/swiss-hookah.ch\/de\/wp-json\/wp\/v2\/pages\/5688\/revisions"}],"predecessor-version":[{"id":5692,"href":"https:\/\/swiss-hookah.ch\/de\/wp-json\/wp\/v2\/pages\/5688\/revisions\/5692"}],"wp:attachment":[{"href":"https:\/\/swiss-hookah.ch\/de\/wp-json\/wp\/v2\/media?parent=5688"}],"curies":[{"name":"wp","href":"https:\/\/api.w.org\/{rel}","templated":true}]}}