{"id":5412,"date":"2025-05-16T10:59:40","date_gmt":"2025-05-16T08:59:40","guid":{"rendered":"https:\/\/swiss-hookah.ch\/?page_id=5412"},"modified":"2025-05-19T01:15:26","modified_gmt":"2025-05-18T23:15:26","slug":"puff-smokah-10000-new-dupliquer-5400","status":"publish","type":"page","link":"https:\/\/swiss-hookah.ch\/de\/puff-smokah-10000-new-dupliquer-5400\/","title":{"rendered":"LAST ONE IN STOCK"},"content":{"rendered":"<div data-elementor-type=\"wp-page\" data-elementor-id=\"5412\" class=\"elementor elementor-5412\" data-elementor-post-type=\"page\">\n\t\t\t\t<div class=\"elementor-element elementor-element-2b1339c e-flex e-con-boxed e-con e-parent\" data-id=\"2b1339c\" data-element_type=\"container\">\n\t\t\t\t\t<div class=\"e-con-inner\">\n\t\t\t\t<div class=\"elementor-element elementor-element-eabe1ca elementor-widget elementor-widget-text-editor\" data-id=\"eabe1ca\" data-element_type=\"widget\" data-widget_type=\"text-editor.default\">\n\t\t\t\t<div class=\"elementor-widget-container\">\n\t\t\t\t\t\t\t\t\t<p>Achtung!!! Alle Puffs, die ohne die Option 0% Nikotin erh\u00e4ltlich sind, enthalten durchweg 2% Nikotin.<\/p>\t\t\t\t\t\t\t\t<\/div>\n\t\t\t\t<\/div>\n\t\t\t\t\t<\/div>\n\t\t\t\t<\/div>\n\t\t<div class=\"elementor-element elementor-element-f06e0d0 e-flex e-con-boxed e-con e-parent\" data-id=\"f06e0d0\" data-element_type=\"container\">\n\t\t\t\t\t<div class=\"e-con-inner\">\n\t\t\t\t<div class=\"elementor-element elementor-element-9d4d75f elementor-widget elementor-widget-heading\" data-id=\"9d4d75f\" data-element_type=\"widget\" data-widget_type=\"heading.default\">\n\t\t\t\t<div class=\"elementor-widget-container\">\n\t\t\t\t\t<h2 class=\"elementor-heading-title elementor-size-default\">LAST ONE<\/h2>\t\t\t\t<\/div>\n\t\t\t\t<\/div>\n\t\t\t\t\t<\/div>\n\t\t\t\t<\/div>\n\t\t<div class=\"elementor-element elementor-element-65cbef5 e-flex e-con-boxed e-con e-parent\" data-id=\"65cbef5\" data-element_type=\"container\">\n\t\t\t\t\t<div class=\"e-con-inner\">\n\t\t\t\t<div class=\"elementor-element elementor-element-6e8e6e6 elementor-widget elementor-widget-woolentor-curvy-product\" data-id=\"6e8e6e6\" data-element_type=\"widget\" data-widget_type=\"woolentor-curvy-product.default\">\n\t\t\t\t<div class=\"elementor-widget-container\">\n\t\t\t\t\t     \n        <div class=\"ht-row ht-products woocommerce product\">\n\n                \n                    <!--Product Start-->\n            <div class=\"ht-product ht-col-lg-3 ht-col-md-6 ht-col-sm-6 ht-col-xs-12\">\n                <div class=\"wl_single-product-item\">\n                    <a href=\"https:\/\/swiss-hookah.ch\/de\/product\/18000\/\" class=\"product-thumbnail\">\n                        <div class=\"images\">\n                            <img fetchpriority=\"high\" decoding=\"async\" width=\"300\" height=\"300\" src=\"https:\/\/swiss-hookah.ch\/wp-content\/uploads\/2024\/06\/IMG_0659-300x300.jpg\" class=\"attachment-woocommerce_thumbnail size-woocommerce_thumbnail\" alt=\"VAPME - HOOKAH - 18000 - RAISIN ICE\" srcset=\"https:\/\/swiss-hookah.ch\/wp-content\/uploads\/2024\/06\/IMG_0659-300x300.jpg 300w, https:\/\/swiss-hookah.ch\/wp-content\/uploads\/2024\/06\/IMG_0659-150x150.jpg 150w, https:\/\/swiss-hookah.ch\/wp-content\/uploads\/2024\/06\/IMG_0659-100x100.jpg 100w\" sizes=\"(max-width: 300px) 100vw, 300px\" \/>                        <\/div>\n                    <\/a>\n                    <div class=\"product-content\">\n                        <div class=\"product-content-top\">\n                                                            <h6 class=\"title\"><a href=\"https:\/\/swiss-hookah.ch\/de\/product\/18000\/\">VAPME - HOOKAH - 18000 - TRAUBENEIS<\/a><\/h6>\n                                                        <div class=\"product-price\">\n                                                                    <span class=\"new-price\">\n\t<span class=\"price\"><del aria-hidden=\"true\"><span class=\"woocommerce-Price-amount amount\"><bdi><span class=\"woocommerce-Price-currencySymbol\">&#67;&#72;&#70;<\/span>&nbsp;34.90<\/bdi><\/span><\/del> <span class=\"screen-reader-text\" data-no-translation=\"\" data-trp-gettext=\"\">Der urspr\u00fcngliche Preis war: &#067;&#072;&#070;&nbsp;34.90.<\/span><ins aria-hidden=\"true\"><span class=\"woocommerce-Price-amount amount\"><bdi><span class=\"woocommerce-Price-currencySymbol\">&#67;&#72;&#70;<\/span>&nbsp;27.90<\/bdi><\/span><\/ins><span class=\"screen-reader-text\" data-no-translation=\"\" data-trp-gettext=\"\">Der aktuelle Preis ist: &#067;&#072;&#070;&nbsp;27.90.<\/span><\/span>\n<\/span>\n                                                            <\/div>\n                                                                                                                    <div class=\"reading\">\n                                                                    <\/div>\n                                                    <\/div>\n                        <ul class=\"action\">\n                            <li class=\"wl_cart\">\n                                <a href=\"https:\/\/swiss-hookah.ch\/de\/product\/18000\/\" data-quantity=\"1\" class=\"action-item\" data-product_id=\"3689\"><i aria-hidden=\"true\" class=\"fa fa-shopping-cart\"><\/i><\/a>\n                            <\/li>\n                                                                \n                                                    <\/ul>\n                    <\/div>\n                <\/div>             \n            <\/div>\n            <!--Product End-->\n            \n                    <!--Product Start-->\n            <div class=\"ht-product ht-col-lg-3 ht-col-md-6 ht-col-sm-6 ht-col-xs-12\">\n                <div class=\"wl_single-product-item\">\n                    <a href=\"https:\/\/swiss-hookah.ch\/de\/product\/puff-bimo-crystal-12000-4\/\" class=\"product-thumbnail\">\n                        <div class=\"images\">\n                            <img decoding=\"async\" width=\"300\" height=\"300\" src=\"https:\/\/swiss-hookah.ch\/wp-content\/uploads\/2024\/01\/IMG_4787-300x300.jpg\" class=\"attachment-woocommerce_thumbnail size-woocommerce_thumbnail\" alt=\"PUFF - BIMO CRYSTAL - 12000 - Cola Ice\" srcset=\"https:\/\/swiss-hookah.ch\/wp-content\/uploads\/2024\/01\/IMG_4787-300x300.jpg 300w, https:\/\/swiss-hookah.ch\/wp-content\/uploads\/2024\/01\/IMG_4787-150x150.jpg 150w, https:\/\/swiss-hookah.ch\/wp-content\/uploads\/2024\/01\/IMG_4787-100x100.jpg 100w\" sizes=\"(max-width: 300px) 100vw, 300px\" \/>                        <\/div>\n                    <\/a>\n                    <div class=\"product-content\">\n                        <div class=\"product-content-top\">\n                                                            <h6 class=\"title\"><a href=\"https:\/\/swiss-hookah.ch\/de\/product\/puff-bimo-crystal-12000-4\/\">PUFF - BIMO CRYSTAL - 12000 - Cola Ice<\/a><\/h6>\n                                                        <div class=\"product-price\">\n                                                                    <span class=\"new-price\">\n\t<span class=\"price\"><del aria-hidden=\"true\"><span class=\"woocommerce-Price-amount amount\"><bdi><span class=\"woocommerce-Price-currencySymbol\">&#67;&#72;&#70;<\/span>&nbsp;29.90<\/bdi><\/span><\/del> <span class=\"screen-reader-text\" data-no-translation=\"\" data-trp-gettext=\"\">Der urspr\u00fcngliche Preis war: &#067;&#072;&#070;&nbsp;29.90.<\/span><ins aria-hidden=\"true\"><span class=\"woocommerce-Price-amount amount\"><bdi><span class=\"woocommerce-Price-currencySymbol\">&#67;&#72;&#70;<\/span>&nbsp;24.90<\/bdi><\/span><\/ins><span class=\"screen-reader-text\" data-no-translation=\"\" data-trp-gettext=\"\">Der aktuelle Preis ist: &#067;&#072;&#070;&nbsp;24.90.<\/span><\/span>\n<\/span>\n                                                            <\/div>\n                                                                                                                    <div class=\"reading\">\n                                                                    <\/div>\n                                                    <\/div>\n                        <ul class=\"action\">\n                            <li class=\"wl_cart\">\n                                <a href=\"\/de\/wp-json\/wp\/v2\/pages\/5412?add-to-cart=2911\" data-quantity=\"1\" class=\"action-item  add_to_cart_button ajax_add_to_cart\" data-product_id=\"2911\"><i aria-hidden=\"true\" class=\"fa fa-shopping-cart\"><\/i><\/a>\n                            <\/li>\n                                                                \n                                                    <\/ul>\n                    <\/div>\n                <\/div>             \n            <\/div>\n            <!--Product End-->\n            \n                    <!--Product Start-->\n            <div class=\"ht-product ht-col-lg-3 ht-col-md-6 ht-col-sm-6 ht-col-xs-12\">\n                <div class=\"wl_single-product-item\">\n                    <a href=\"https:\/\/swiss-hookah.ch\/de\/product\/puff-bimo-crystal-12000-2\/\" class=\"product-thumbnail\">\n                        <div class=\"images\">\n                            <img decoding=\"async\" width=\"300\" height=\"300\" src=\"https:\/\/swiss-hookah.ch\/wp-content\/uploads\/2024\/01\/877e7133-9bf1-49e1-88a4-25111ce2ee71-300x300.jpg\" class=\"attachment-woocommerce_thumbnail size-woocommerce_thumbnail\" alt=\"PUFF - BIMO CRYSTAL - 12000 - Red Bull\" srcset=\"https:\/\/swiss-hookah.ch\/wp-content\/uploads\/2024\/01\/877e7133-9bf1-49e1-88a4-25111ce2ee71-300x300.jpg 300w, https:\/\/swiss-hookah.ch\/wp-content\/uploads\/2024\/01\/877e7133-9bf1-49e1-88a4-25111ce2ee71-150x150.jpg 150w, https:\/\/swiss-hookah.ch\/wp-content\/uploads\/2024\/01\/877e7133-9bf1-49e1-88a4-25111ce2ee71-100x100.jpg 100w\" sizes=\"(max-width: 300px) 100vw, 300px\" \/>                        <\/div>\n                    <\/a>\n                    <div class=\"product-content\">\n                        <div class=\"product-content-top\">\n                                                            <h6 class=\"title\"><a href=\"https:\/\/swiss-hookah.ch\/de\/product\/puff-bimo-crystal-12000-2\/\">PUFF - BIMO CRYSTAL - 12000 - Red Bull<\/a><\/h6>\n                                                        <div class=\"product-price\">\n                                                                    <span class=\"new-price\">\n\t<span class=\"price\"><del aria-hidden=\"true\"><span class=\"woocommerce-Price-amount amount\"><bdi><span class=\"woocommerce-Price-currencySymbol\">&#67;&#72;&#70;<\/span>&nbsp;29.90<\/bdi><\/span><\/del> <span class=\"screen-reader-text\" data-no-translation=\"\" data-trp-gettext=\"\">Der urspr\u00fcngliche Preis war: &#067;&#072;&#070;&nbsp;29.90.<\/span><ins aria-hidden=\"true\"><span class=\"woocommerce-Price-amount amount\"><bdi><span class=\"woocommerce-Price-currencySymbol\">&#67;&#72;&#70;<\/span>&nbsp;24.90<\/bdi><\/span><\/ins><span class=\"screen-reader-text\" data-no-translation=\"\" data-trp-gettext=\"\">Der aktuelle Preis ist: &#067;&#072;&#070;&nbsp;24.90.<\/span><\/span>\n<\/span>\n                                                            <\/div>\n                                                                                                                    <div class=\"reading\">\n                                                                    <\/div>\n                                                    <\/div>\n                        <ul class=\"action\">\n                            <li class=\"wl_cart\">\n                                <a href=\"https:\/\/swiss-hookah.ch\/de\/product\/puff-bimo-crystal-12000-2\/\" data-quantity=\"1\" class=\"action-item\" data-product_id=\"2907\"><i aria-hidden=\"true\" class=\"fa fa-shopping-cart\"><\/i><\/a>\n                            <\/li>\n                                                                \n                                                    <\/ul>\n                    <\/div>\n                <\/div>             \n            <\/div>\n            <!--Product End-->\n            \n                    <!--Product Start-->\n            <div class=\"ht-product ht-col-lg-3 ht-col-md-6 ht-col-sm-6 ht-col-xs-12\">\n                <div class=\"wl_single-product-item\">\n                    <a href=\"https:\/\/swiss-hookah.ch\/de\/product\/vapme-hookah-15000-4\/\" class=\"product-thumbnail\">\n                        <div class=\"images\">\n                            <img loading=\"lazy\" decoding=\"async\" width=\"300\" height=\"300\" src=\"https:\/\/swiss-hookah.ch\/wp-content\/uploads\/2024\/01\/c3d3abed-c301-4193-b860-a5a73091baf6-300x300.jpg\" class=\"attachment-woocommerce_thumbnail size-woocommerce_thumbnail\" alt=\"VAPME - HOOKAH - 15000 - Blue Razz Lemonade\" srcset=\"https:\/\/swiss-hookah.ch\/wp-content\/uploads\/2024\/01\/c3d3abed-c301-4193-b860-a5a73091baf6-300x300.jpg 300w, https:\/\/swiss-hookah.ch\/wp-content\/uploads\/2024\/01\/c3d3abed-c301-4193-b860-a5a73091baf6-1024x1024.jpg 1024w, https:\/\/swiss-hookah.ch\/wp-content\/uploads\/2024\/01\/c3d3abed-c301-4193-b860-a5a73091baf6-150x150.jpg 150w, https:\/\/swiss-hookah.ch\/wp-content\/uploads\/2024\/01\/c3d3abed-c301-4193-b860-a5a73091baf6-768x768.jpg 768w, https:\/\/swiss-hookah.ch\/wp-content\/uploads\/2024\/01\/c3d3abed-c301-4193-b860-a5a73091baf6-1536x1536.jpg 1536w, https:\/\/swiss-hookah.ch\/wp-content\/uploads\/2024\/01\/c3d3abed-c301-4193-b860-a5a73091baf6-1320x1320.jpg 1320w, https:\/\/swiss-hookah.ch\/wp-content\/uploads\/2024\/01\/c3d3abed-c301-4193-b860-a5a73091baf6-600x600.jpg 600w, https:\/\/swiss-hookah.ch\/wp-content\/uploads\/2024\/01\/c3d3abed-c301-4193-b860-a5a73091baf6-100x100.jpg 100w, https:\/\/swiss-hookah.ch\/wp-content\/uploads\/2024\/01\/c3d3abed-c301-4193-b860-a5a73091baf6.jpg 1600w\" sizes=\"(max-width: 300px) 100vw, 300px\" \/>                        <\/div>\n                    <\/a>\n                    <div class=\"product-content\">\n                        <div class=\"product-content-top\">\n                                                            <h6 class=\"title\"><a href=\"https:\/\/swiss-hookah.ch\/de\/product\/vapme-hookah-15000-4\/\">VAPME - HOOKAH - 15000 - Blue Razz Lemonade<\/a><\/h6>\n                                                        <div class=\"product-price\">\n                                                                    <span class=\"new-price\">\n\t<span class=\"price\"><span class=\"woocommerce-Price-amount amount\" aria-hidden=\"true\"><bdi><span class=\"woocommerce-Price-currencySymbol\">&#67;&#72;&#70;<\/span>&nbsp;25.90<\/bdi><\/span> <span aria-hidden=\"true\">-<\/span> <span class=\"woocommerce-Price-amount amount\" aria-hidden=\"true\"><bdi><span class=\"woocommerce-Price-currencySymbol\">&#67;&#72;&#70;<\/span>&nbsp;29.90<\/bdi><\/span><span class=\"screen-reader-text\" data-no-translation=\"\" data-trp-gettext=\"\">Preisspanne: &#67;&#72;&#70;&nbsp;25.90 bis &#67;&#72;&#70;&nbsp;29.90<\/span><\/span>\n<\/span>\n                                                            <\/div>\n                                                                                                                    <div class=\"reading\">\n                                                                    <\/div>\n                                                    <\/div>\n                        <ul class=\"action\">\n                            <li class=\"wl_cart\">\n                                <a href=\"https:\/\/swiss-hookah.ch\/de\/product\/vapme-hookah-15000-4\/\" data-quantity=\"1\" class=\"action-item  add_to_cart_button\" data-product_id=\"2878\"><i aria-hidden=\"true\" class=\"fa fa-shopping-cart\"><\/i><\/a>\n                            <\/li>\n                                                                \n                                                    <\/ul>\n                    <\/div>\n                <\/div>             \n            <\/div>\n            <!--Product End-->\n                    <\/div>\n               \n        \t\t\t\t<\/div>\n\t\t\t\t<\/div>\n\t\t\t\t\t<\/div>\n\t\t\t\t<\/div>\n\t\t\t\t<\/div>","protected":false},"excerpt":{"rendered":"<p>Achtung!!! Alle Puffs, die ohne die Option 0% Nikotin erh\u00e4ltlich sind, enthalten durchweg 2% Nikotin. LAST ONE HECIG - BANG BEACH - 22000 - 36ml - Cocktail rote Fr\u00fcchte (VIMTO) CHF 37.90Der urspr\u00fcngliche Preis war: CHF 37.90.CHF 29.90Der aktuelle Preis ist: CHF 29.90. HECIG - BANG BEACH - 22000 - 36ml - saurer Apfel CHF 37.90 Der Preis [...].<\/p>","protected":false},"author":1,"featured_media":0,"parent":0,"menu_order":0,"comment_status":"closed","ping_status":"closed","template":"elementor_header_footer","meta":{"om_disable_all_campaigns":false,"_monsterinsights_skip_tracking":false,"_monsterinsights_sitenote_active":false,"_monsterinsights_sitenote_note":"","_monsterinsights_sitenote_category":0,"footnotes":""},"class_list":["post-5412","page","type-page","status-publish","hentry"],"aioseo_notices":[],"jetpack_sharing_enabled":true,"_links":{"self":[{"href":"https:\/\/swiss-hookah.ch\/de\/wp-json\/wp\/v2\/pages\/5412","targetHints":{"allow":["GET"]}}],"collection":[{"href":"https:\/\/swiss-hookah.ch\/de\/wp-json\/wp\/v2\/pages"}],"about":[{"href":"https:\/\/swiss-hookah.ch\/de\/wp-json\/wp\/v2\/types\/page"}],"author":[{"embeddable":true,"href":"https:\/\/swiss-hookah.ch\/de\/wp-json\/wp\/v2\/users\/1"}],"replies":[{"embeddable":true,"href":"https:\/\/swiss-hookah.ch\/de\/wp-json\/wp\/v2\/comments?post=5412"}],"version-history":[{"count":10,"href":"https:\/\/swiss-hookah.ch\/de\/wp-json\/wp\/v2\/pages\/5412\/revisions"}],"predecessor-version":[{"id":5469,"href":"https:\/\/swiss-hookah.ch\/de\/wp-json\/wp\/v2\/pages\/5412\/revisions\/5469"}],"wp:attachment":[{"href":"https:\/\/swiss-hookah.ch\/de\/wp-json\/wp\/v2\/media?parent=5412"}],"curies":[{"name":"wp","href":"https:\/\/api.w.org\/{rel}","templated":true}]}}