{"id":3187,"date":"2024-03-28T15:03:15","date_gmt":"2024-03-28T14:03:15","guid":{"rendered":"https:\/\/swiss-hookah.ch\/?page_id=3187"},"modified":"2024-11-11T16:07:39","modified_gmt":"2024-11-11T15:07:39","slug":"a-propos-de-nous-dupliquer-984","status":"publish","type":"page","link":"https:\/\/swiss-hookah.ch\/de\/a-propos-de-nous-dupliquer-984\/","title":{"rendered":"cadeau"},"content":{"rendered":"<div data-elementor-type=\"wp-page\" data-elementor-id=\"3187\" class=\"elementor elementor-3187\" data-elementor-post-type=\"page\">\n\t\t\t\t<div class=\"elementor-element elementor-element-e12ea8b e-flex e-con-boxed e-con e-parent\" data-id=\"e12ea8b\" data-element_type=\"container\">\n\t\t\t\t\t<div class=\"e-con-inner\">\n\t\t\t\t<div class=\"elementor-element elementor-element-d63a1a0 elementor-widget elementor-widget-heading\" data-id=\"d63a1a0\" data-element_type=\"widget\" data-widget_type=\"heading.default\">\n\t\t\t\t<div class=\"elementor-widget-container\">\n\t\t\t\t\t<h2 class=\"elementor-heading-title elementor-size-default\">BRAVO! Du hast einen der drei Rabatte gewonnen!\n\n<\/h2>\t\t\t\t<\/div>\n\t\t\t\t<\/div>\n\t\t\t\t\t<\/div>\n\t\t\t\t<\/div>\n\t\t<div class=\"elementor-element elementor-element-46939e7 e-flex e-con-boxed e-con e-parent\" data-id=\"46939e7\" data-element_type=\"container\">\n\t\t\t\t\t<div class=\"e-con-inner\">\n\t\t\t\t<div class=\"elementor-element elementor-element-4f8838c elementor-widget elementor-widget-text-editor\" data-id=\"4f8838c\" data-element_type=\"widget\" data-widget_type=\"text-editor.default\">\n\t\t\t\t<div class=\"elementor-widget-container\">\n\t\t\t\t\t\t\t\t\t<p>Finden Sie den versteckten K\u00fcrbis auf unserer Seite und gewinnen Sie :<\/p>\n<ul>\n<li>\ud83e\udd47 <strong>1.<\/strong> \u00e0 la finden: Ein Artikel nach Wahl in <strong>-99%<\/strong> !*<\/li>\n<li>\ud83e\udd48 <strong>2e<\/strong> \u00e0 la finden: Ein Artikel nach Wahl in <strong>-50%<\/strong> !*<\/li>\n<li>\ud83c\udf81 <strong>Alle anderen Teilnehmer<\/strong> : -10% Rabatt auf der gesamten Website!<\/li>\n<\/ul>\n<p><em>(Jede Person kann nur eine Erm\u00e4\u00dfigung in Anspruch nehmen)<\/em><\/p>\n<p>\ud83d\udc49 <strong>Um Ihr Geschenk zu erhalten<\/strong>&nbsp;: Schicken Sie uns eine WhatsApp-Nachricht an <strong>076 644 70 22<\/strong> oder per E-Mail an <strong><a rel=\"noopener\">info@swiss-hookah.ch<\/a><\/strong><\/p>\n<p><strong><a rel=\"noopener\">* au\u00dfer Shishas<\/a><\/strong><\/p>\t\t\t\t\t\t\t\t<\/div>\n\t\t\t\t<\/div>\n\t\t\t\t\t<\/div>\n\t\t\t\t<\/div>\n\t\t<div class=\"elementor-element elementor-element-dd7ae09 e-flex e-con-boxed e-con e-parent\" data-id=\"dd7ae09\" data-element_type=\"container\">\n\t\t\t\t\t<div class=\"e-con-inner\">\n\t\t\t\t<div class=\"elementor-element elementor-element-9397b70 elementor-widget elementor-widget-image\" data-id=\"9397b70\" data-element_type=\"widget\" data-widget_type=\"image.default\">\n\t\t\t\t<div class=\"elementor-widget-container\">\n\t\t\t\t\t\t\t\t\t\t\t\t\t\t\t<img fetchpriority=\"high\" decoding=\"async\" width=\"750\" height=\"750\" src=\"https:\/\/swiss-hookah.ch\/wp-content\/uploads\/2024\/11\/DALL\u00b7E-2024-11-11-15.56.25-A-cartoon-style-pumpkin-with-a-happy-relaxed-expression-smoking-a-hookah.-The-pumpkin-has-a-traditional-carved-face-with-a-friendly-smile-eyes-half.webp\" class=\"attachment-large size-large wp-image-4666\" alt=\"\" srcset=\"https:\/\/swiss-hookah.ch\/wp-content\/uploads\/2024\/11\/DALL\u00b7E-2024-11-11-15.56.25-A-cartoon-style-pumpkin-with-a-happy-relaxed-expression-smoking-a-hookah.-The-pumpkin-has-a-traditional-carved-face-with-a-friendly-smile-eyes-half.webp 1024w, https:\/\/swiss-hookah.ch\/wp-content\/uploads\/2024\/11\/DALL\u00b7E-2024-11-11-15.56.25-A-cartoon-style-pumpkin-with-a-happy-relaxed-expression-smoking-a-hookah.-The-pumpkin-has-a-traditional-carved-face-with-a-friendly-smile-eyes-half-300x300.webp 300w, https:\/\/swiss-hookah.ch\/wp-content\/uploads\/2024\/11\/DALL\u00b7E-2024-11-11-15.56.25-A-cartoon-style-pumpkin-with-a-happy-relaxed-expression-smoking-a-hookah.-The-pumpkin-has-a-traditional-carved-face-with-a-friendly-smile-eyes-half-150x150.webp 150w, https:\/\/swiss-hookah.ch\/wp-content\/uploads\/2024\/11\/DALL\u00b7E-2024-11-11-15.56.25-A-cartoon-style-pumpkin-with-a-happy-relaxed-expression-smoking-a-hookah.-The-pumpkin-has-a-traditional-carved-face-with-a-friendly-smile-eyes-half-768x768.webp 768w, https:\/\/swiss-hookah.ch\/wp-content\/uploads\/2024\/11\/DALL\u00b7E-2024-11-11-15.56.25-A-cartoon-style-pumpkin-with-a-happy-relaxed-expression-smoking-a-hookah.-The-pumpkin-has-a-traditional-carved-face-with-a-friendly-smile-eyes-half-600x600.webp 600w, https:\/\/swiss-hookah.ch\/wp-content\/uploads\/2024\/11\/DALL\u00b7E-2024-11-11-15.56.25-A-cartoon-style-pumpkin-with-a-happy-relaxed-expression-smoking-a-hookah.-The-pumpkin-has-a-traditional-carved-face-with-a-friendly-smile-eyes-half-100x100.webp 100w\" sizes=\"(max-width: 750px) 100vw, 750px\" \/>\t\t\t\t\t\t\t\t\t\t\t\t\t\t\t<\/div>\n\t\t\t\t<\/div>\n\t\t\t\t\t<\/div>\n\t\t\t\t<\/div>\n\t\t\t\t<\/div>","protected":false},"excerpt":{"rendered":"<p>BRAVO ! tu as gagn\u00e9 une des 3 r\u00e9duction ! Trouvez la citrouille cach\u00e9e sur notre site et gagnez : \ud83e\udd47 1er \u00e0 la trouver : Un article au choix \u00e0 -99% !* \ud83e\udd48 2e \u00e0 la trouver : Un article au choix \u00e0 -50% !* \ud83c\udf81 Tous les autres participants : -10% de r\u00e9duction [&hellip;]<\/p>","protected":false},"author":1,"featured_media":0,"parent":0,"menu_order":0,"comment_status":"closed","ping_status":"closed","template":"elementor_header_footer","meta":{"om_disable_all_campaigns":false,"_monsterinsights_skip_tracking":false,"_monsterinsights_sitenote_active":false,"_monsterinsights_sitenote_note":"","_monsterinsights_sitenote_category":0,"footnotes":""},"class_list":["post-3187","page","type-page","status-publish","hentry"],"aioseo_notices":[],"jetpack_sharing_enabled":true,"_links":{"self":[{"href":"https:\/\/swiss-hookah.ch\/de\/wp-json\/wp\/v2\/pages\/3187","targetHints":{"allow":["GET"]}}],"collection":[{"href":"https:\/\/swiss-hookah.ch\/de\/wp-json\/wp\/v2\/pages"}],"about":[{"href":"https:\/\/swiss-hookah.ch\/de\/wp-json\/wp\/v2\/types\/page"}],"author":[{"embeddable":true,"href":"https:\/\/swiss-hookah.ch\/de\/wp-json\/wp\/v2\/users\/1"}],"replies":[{"embeddable":true,"href":"https:\/\/swiss-hookah.ch\/de\/wp-json\/wp\/v2\/comments?post=3187"}],"version-history":[{"count":16,"href":"https:\/\/swiss-hookah.ch\/de\/wp-json\/wp\/v2\/pages\/3187\/revisions"}],"predecessor-version":[{"id":4679,"href":"https:\/\/swiss-hookah.ch\/de\/wp-json\/wp\/v2\/pages\/3187\/revisions\/4679"}],"wp:attachment":[{"href":"https:\/\/swiss-hookah.ch\/de\/wp-json\/wp\/v2\/media?parent=3187"}],"curies":[{"name":"wp","href":"https:\/\/api.w.org\/{rel}","templated":true}]}}