{"id":2374,"date":"2023-11-25T04:00:16","date_gmt":"2023-11-25T03:00:16","guid":{"rendered":"https:\/\/swiss-hookah.ch\/?page_id=2374"},"modified":"2023-11-26T01:58:37","modified_gmt":"2023-11-26T00:58:37","slug":"chicha-2","status":"publish","type":"page","link":"https:\/\/swiss-hookah.ch\/de\/chicha-2\/","title":{"rendered":"Shisha"},"content":{"rendered":"<div data-elementor-type=\"wp-page\" data-elementor-id=\"2374\" class=\"elementor elementor-2374\" data-elementor-post-type=\"page\">\n\t\t\t\t<div class=\"elementor-element elementor-element-5074465 e-flex e-con-boxed e-con e-parent\" data-id=\"5074465\" data-element_type=\"container\">\n\t\t\t\t\t<div class=\"e-con-inner\">\n\t\t\t\t<div class=\"elementor-element elementor-element-3f37b73 elementor-skin-carousel elementor-arrows-yes elementor-pagination-type-bullets elementor-pagination-position-outside elementor-widget elementor-widget-media-carousel\" data-id=\"3f37b73\" data-element_type=\"widget\" data-settings=\"{&quot;skin&quot;:&quot;carousel&quot;,&quot;effect&quot;:&quot;slide&quot;,&quot;show_arrows&quot;:&quot;yes&quot;,&quot;pagination&quot;:&quot;bullets&quot;,&quot;speed&quot;:500,&quot;autoplay&quot;:&quot;yes&quot;,&quot;autoplay_speed&quot;:5000,&quot;loop&quot;:&quot;yes&quot;,&quot;pause_on_hover&quot;:&quot;yes&quot;,&quot;pause_on_interaction&quot;:&quot;yes&quot;,&quot;space_between&quot;:{&quot;unit&quot;:&quot;px&quot;,&quot;size&quot;:10,&quot;sizes&quot;:[]},&quot;space_between_tablet&quot;:{&quot;unit&quot;:&quot;px&quot;,&quot;size&quot;:10,&quot;sizes&quot;:[]},&quot;space_between_mobile&quot;:{&quot;unit&quot;:&quot;px&quot;,&quot;size&quot;:10,&quot;sizes&quot;:[]}}\" data-widget_type=\"media-carousel.default\">\n\t\t\t\t<div class=\"elementor-widget-container\">\n\t\t\t\t\t\t\t\t\t<div class=\"elementor-swiper\">\n\t\t\t\t\t<div class=\"elementor-main-swiper swiper\" role=\"region\" aria-roledescription=\"carousel\" aria-label=\"Slider\">\n\t\t\t\t<div class=\"swiper-wrapper\">\n\t\t\t\t\t\t\t\t\t\t\t<div class=\"swiper-slide\" role=\"group\" aria-roledescription=\"slide\">\n\t\t\t\t\t\t\t\t\t<div class=\"elementor-carousel-image\" role=\"img\" aria-label=\"DALL-E 2023-11-25 02.21.12 - Ein lebhaftes und farbenfrohes Banner f\u00fcr eine Hookah (Wasserpfeife) Verkaufswebsite, das ein kosmisches Thema enth\u00e4lt. Das Banner enth\u00e4lt eine Vielzahl von Hookahs, die in einer Reihe angeordnet sind.\" style=\"background-image: url(&#039;https:\/\/swiss-hookah.ch\/wp-content\/uploads\/2023\/11\/DALL\u00b7E-2023-11-25-02.21.12-A-vibrant-and-colorful-banner-for-a-hookah-narguile-sales-website-featuring-a-cosmic-theme.-The-banner-includes-a-variety-of-hookahs-displayed-agai-e1700880408903.png&#039;)\">\n\n\t\t\t\n\t\t\t\t\t<\/div>\n\t\t\t\t\t\t\t\t<\/div>\n\t\t\t\t\t\t\t\t\t<\/div>\n\t\t\t\t\t\t\t<\/div>\n\t\t\t\t<\/div>\n\t\t\t\t\t\t\t\t<\/div>\n\t\t\t\t<\/div>\n\t\t\t\t\t<\/div>\n\t\t\t\t<\/div>\n\t\t<div class=\"elementor-element elementor-element-1f13faa e-flex e-con-boxed e-con e-parent\" data-id=\"1f13faa\" data-element_type=\"container\">\n\t\t\t\t\t<div class=\"e-con-inner\">\n\t\t\t\t<div class=\"elementor-element elementor-element-6b15576 e-transform elementor-widget elementor-widget-text-editor\" data-id=\"6b15576\" data-element_type=\"widget\" data-settings=\"{&quot;_transform_scale_effect&quot;:{&quot;unit&quot;:&quot;px&quot;,&quot;size&quot;:0.9,&quot;sizes&quot;:[]},&quot;_transform_scale_effect_tablet&quot;:{&quot;unit&quot;:&quot;px&quot;,&quot;size&quot;:&quot;&quot;,&quot;sizes&quot;:[]},&quot;_transform_scale_effect_mobile&quot;:{&quot;unit&quot;:&quot;px&quot;,&quot;size&quot;:&quot;&quot;,&quot;sizes&quot;:[]}}\" data-widget_type=\"text-editor.default\">\n\t\t\t\t<div class=\"elementor-widget-container\">\n\t\t\t\t\t\t\t\t\t<p>Hallo und willkommen bei SwissHookah, wo Ihre pers\u00f6nliche Erfahrung unsere oberste Priorit\u00e4t ist. Da wir wissen, dass jeder Shisha-Liebhaber einen einzigartigen Geschmack und einzigartige Bed\u00fcrfnisse hat, haben wir uns dazu entschieden, unsere Produkte nicht online anzubieten. Stattdessen bevorzugen wir den direkten Austausch, um Ihnen einen ma\u00dfgeschneiderten Service zu bieten: Ein offenes Ohr f\u00fcr Ihre W\u00fcnsche und Vorlieben, gepaart mit fachkundiger Beratung, um die Shisha zu finden, die am besten zu Ihnen passt, mit dem besten Preis-Leistungs-Verh\u00e4ltnis, das auf Ihr Budget zugeschnitten ist. <strong><a href=\"https:\/\/wa.me\/41766447022\">Kontaktieren Sie uns<\/a><\/strong> um einen Ansatz zu entdecken, der ganz auf Sie zugeschnitten ist.\u00a0<\/p>\t\t\t\t\t\t\t\t<\/div>\n\t\t\t\t<\/div>\n\t\t\t\t\t<\/div>\n\t\t\t\t<\/div>\n\t\t<div class=\"elementor-element elementor-element-f06e0d0 e-flex e-con-boxed e-con e-parent\" data-id=\"f06e0d0\" data-element_type=\"container\">\n\t\t\t\t\t<div class=\"e-con-inner\">\n\t\t\t\t<div class=\"elementor-element elementor-element-9d4d75f elementor-widget elementor-widget-heading\" data-id=\"9d4d75f\" data-element_type=\"widget\" data-widget_type=\"heading.default\">\n\t\t\t\t<div class=\"elementor-widget-container\">\n\t\t\t\t\t<h2 class=\"elementor-heading-title elementor-size-default\">unsere verf\u00fcgbaren Marken <\/h2>\t\t\t\t<\/div>\n\t\t\t\t<\/div>\n\t\t\t\t\t<\/div>\n\t\t\t\t<\/div>\n\t\t<div class=\"elementor-element elementor-element-8307771 e-flex e-con-boxed e-con e-parent\" data-id=\"8307771\" data-element_type=\"container\">\n\t\t\t\t\t<div class=\"e-con-inner\">\n\t\t\t\t<div class=\"elementor-element elementor-element-113b310 e-transform elementor-widget elementor-widget-text-editor\" data-id=\"113b310\" data-element_type=\"widget\" data-settings=\"{&quot;_transform_scale_effect&quot;:{&quot;unit&quot;:&quot;px&quot;,&quot;size&quot;:0.9,&quot;sizes&quot;:[]},&quot;_transform_scale_effect_tablet&quot;:{&quot;unit&quot;:&quot;px&quot;,&quot;size&quot;:&quot;&quot;,&quot;sizes&quot;:[]},&quot;_transform_scale_effect_mobile&quot;:{&quot;unit&quot;:&quot;px&quot;,&quot;size&quot;:&quot;&quot;,&quot;sizes&quot;:[]}}\" data-widget_type=\"text-editor.default\">\n\t\t\t\t<div class=\"elementor-widget-container\">\n\t\t\t\t\t\t\t\t\t<div class=\"ais-refinement-list--item\"><div><div class=\"ais-refinement-list--label\">Azlan<span class=\"ais-refinement-list--count\">70<\/span><\/div><\/div><\/div><div class=\"ais-refinement-list--item\"><div><div class=\"ais-refinement-list--label\">Amy Deluxe<\/div><\/div><\/div><div class=\"ais-refinement-list--item\"><div><div class=\"ais-refinement-list--label\">Steamulation<\/div><div>Smokah<\/div><\/div><\/div><div class=\"ais-refinement-list--item\"><div><div class=\"ais-refinement-list--label\">AEON<span class=\"ais-refinement-list--count\">31<\/span><\/div><\/div><\/div><div class=\"ais-refinement-list--item\"><div><div class=\"ais-refinement-list--label\">Vyro by Aeon<\/div><\/div><\/div><div class=\"ais-refinement-list--item\"><div><div class=\"ais-refinement-list--label\">Aladin<\/div><\/div><\/div><div class=\"ais-refinement-list--item\"><div><div class=\"ais-refinement-list--label\">Mata Leon<\/div><\/div><\/div><div class=\"ais-refinement-list--item\"><div><div class=\"ais-refinement-list--label\">Moze<\/div><\/div><\/div><div class=\"ais-refinement-list--item\"><div><div class=\"ais-refinement-list--label\">Alpha Hookah<\/div><\/div><\/div><div class=\"ais-refinement-list--item\"><div><div class=\"ais-refinement-list--label\">Mamay Customs<\/div><\/div><\/div><div class=\"ais-refinement-list--item\"><div><div class=\"ais-refinement-list--label\">VZ Hookah<\/div><\/div><\/div><div class=\"ais-refinement-list--item\"><div><div class=\"ais-refinement-list--label\">Hawk Hookah Alpenrauch<\/div><\/div><\/div><div class=\"ais-refinement-list--item\"><div><div class=\"ais-refinement-list--label\">Orden<\/div><div class=\"ais-refinement-list--label\">Shisha K\u00f6nig<\/div><\/div><\/div><div class=\"ais-refinement-list--item\"><div><div class=\"ais-refinement-list--label\">FlyCol<\/div><\/div><\/div><div class=\"ais-refinement-list--item\"><div><div class=\"ais-refinement-list--label\">R2 Hookah<\/div><\/div><\/div><div class=\"ais-refinement-list--item\"><div><div class=\"ais-refinement-list--label\">BoRo Miami<\/div><\/div><\/div><div class=\"ais-refinement-list--item\"><div><div class=\"ais-refinement-list--label\">Fresh Smoke<\/div><\/div><\/div><div class=\"ais-refinement-list--item\"><div><div class=\"ais-refinement-list--label\">MIG<\/div><\/div><\/div><div class=\"ais-refinement-list--item\"><div><div class=\"ais-refinement-list--label\">Magnum<\/div><\/div><\/div><div class=\"ais-refinement-list--item\"><div><div class=\"ais-refinement-list--label\">Nargilem Prof<\/div><\/div><\/div><div class=\"ais-refinement-list--item\"><div><div class=\"ais-refinement-list--label\">Oduman<\/div><\/div><\/div><div class=\"ais-refinement-list--item\"><div><div class=\"ais-refinement-list--label\">Prisma<\/div><\/div><\/div><div class=\"ais-refinement-list--item\"><div><div class=\"ais-refinement-list--label\">Wookah<\/div><\/div><\/div><div class=\"ais-refinement-list--item\"><div><div class=\"ais-refinement-list--label\">ATH<\/div><\/div><\/div><div class=\"ais-refinement-list--item\"><div><div class=\"ais-refinement-list--label\">Blade Hookah<\/div><\/div><\/div><div class=\"ais-refinement-list--item\"><div><div class=\"ais-refinement-list--label\">Dschinni<\/div><\/div><\/div><div class=\"ais-refinement-list--item\"><div><div class=\"ais-refinement-list--label\">Khalil Maamoon<\/div><\/div><\/div><div class=\"ais-refinement-list--item\"><div><div class=\"ais-refinement-list--label\">Maklaud<\/div><\/div><\/div><div class=\"ais-refinement-list--item\"><div><div class=\"ais-refinement-list--label\">Panda Hookah<\/div><\/div><\/div><div class=\"ais-refinement-list--item\"><div><div class=\"ais-refinement-list--label\">TSAR<\/div><\/div><\/div>\t\t\t\t\t\t\t\t<\/div>\n\t\t\t\t<\/div>\n\t\t\t\t\t<\/div>\n\t\t\t\t<\/div>\n\t\t\t\t<\/div>","protected":false},"excerpt":{"rendered":"<p>Bonjour et bienvenue sur SwissHookah, o\u00f9 votre exp\u00e9rience personnelle est notre priorit\u00e9 absolue. Conscients que chaque amateur de chicha a des go\u00fbts et des besoins uniques, nous avons choisi de ne pas afficher nos produits en ligne. Au lieu de cela, nous privil\u00e9gions un \u00e9change direct pour vous offrir un service sur mesure : une [&hellip;]<\/p>","protected":false},"author":1,"featured_media":0,"parent":0,"menu_order":0,"comment_status":"closed","ping_status":"closed","template":"elementor_header_footer","meta":{"om_disable_all_campaigns":false,"_monsterinsights_skip_tracking":false,"_monsterinsights_sitenote_active":false,"_monsterinsights_sitenote_note":"","_monsterinsights_sitenote_category":0,"footnotes":""},"class_list":["post-2374","page","type-page","status-publish","hentry"],"aioseo_notices":[],"jetpack_sharing_enabled":true,"_links":{"self":[{"href":"https:\/\/swiss-hookah.ch\/de\/wp-json\/wp\/v2\/pages\/2374","targetHints":{"allow":["GET"]}}],"collection":[{"href":"https:\/\/swiss-hookah.ch\/de\/wp-json\/wp\/v2\/pages"}],"about":[{"href":"https:\/\/swiss-hookah.ch\/de\/wp-json\/wp\/v2\/types\/page"}],"author":[{"embeddable":true,"href":"https:\/\/swiss-hookah.ch\/de\/wp-json\/wp\/v2\/users\/1"}],"replies":[{"embeddable":true,"href":"https:\/\/swiss-hookah.ch\/de\/wp-json\/wp\/v2\/comments?post=2374"}],"version-history":[{"count":6,"href":"https:\/\/swiss-hookah.ch\/de\/wp-json\/wp\/v2\/pages\/2374\/revisions"}],"predecessor-version":[{"id":2399,"href":"https:\/\/swiss-hookah.ch\/de\/wp-json\/wp\/v2\/pages\/2374\/revisions\/2399"}],"wp:attachment":[{"href":"https:\/\/swiss-hookah.ch\/de\/wp-json\/wp\/v2\/media?parent=2374"}],"curies":[{"name":"wp","href":"https:\/\/api.w.org\/{rel}","templated":true}]}}