{"id":2341,"date":"2023-11-25T02:14:40","date_gmt":"2023-11-25T01:14:40","guid":{"rendered":"https:\/\/swiss-hookah.ch\/?page_id=2341"},"modified":"2023-11-25T02:18:19","modified_gmt":"2023-11-25T01:18:19","slug":"flip-by-pulp","status":"publish","type":"page","link":"https:\/\/swiss-hookah.ch\/de\/flip-by-pulp\/","title":{"rendered":"PULP-Kartusche"},"content":{"rendered":"<div data-elementor-type=\"wp-page\" data-elementor-id=\"2341\" class=\"elementor elementor-2341\" data-elementor-post-type=\"page\">\n\t\t\t\t<div class=\"elementor-element elementor-element-5074465 e-flex e-con-boxed e-con e-parent\" data-id=\"5074465\" data-element_type=\"container\">\n\t\t\t\t\t<div class=\"e-con-inner\">\n\t\t\t\t<div class=\"elementor-element elementor-element-3f37b73 elementor-skin-carousel elementor-arrows-yes elementor-pagination-type-bullets elementor-pagination-position-outside elementor-widget elementor-widget-media-carousel\" data-id=\"3f37b73\" data-element_type=\"widget\" data-settings=\"{&quot;skin&quot;:&quot;carousel&quot;,&quot;effect&quot;:&quot;slide&quot;,&quot;show_arrows&quot;:&quot;yes&quot;,&quot;pagination&quot;:&quot;bullets&quot;,&quot;speed&quot;:500,&quot;autoplay&quot;:&quot;yes&quot;,&quot;autoplay_speed&quot;:5000,&quot;loop&quot;:&quot;yes&quot;,&quot;pause_on_hover&quot;:&quot;yes&quot;,&quot;pause_on_interaction&quot;:&quot;yes&quot;,&quot;space_between&quot;:{&quot;unit&quot;:&quot;px&quot;,&quot;size&quot;:10,&quot;sizes&quot;:[]},&quot;space_between_tablet&quot;:{&quot;unit&quot;:&quot;px&quot;,&quot;size&quot;:10,&quot;sizes&quot;:[]},&quot;space_between_mobile&quot;:{&quot;unit&quot;:&quot;px&quot;,&quot;size&quot;:10,&quot;sizes&quot;:[]}}\" data-widget_type=\"media-carousel.default\">\n\t\t\t\t<div class=\"elementor-widget-container\">\n\t\t\t\t\t\t\t\t\t<div class=\"elementor-swiper\">\n\t\t\t\t\t<div class=\"elementor-main-swiper swiper\" role=\"region\" aria-roledescription=\"carousel\" aria-label=\"Slider\">\n\t\t\t\t<div class=\"swiper-wrapper\">\n\t\t\t\t\t\t\t\t\t\t\t<div class=\"swiper-slide\" role=\"group\" aria-roledescription=\"slide\">\n\t\t\t\t\t\t\t\t\t<div class=\"elementor-carousel-image\" role=\"img\" aria-label=\"\" style=\"background-image: url(&#039;http:\/\/swiss-hookah.ch\/wp-content\/uploads\/2023\/11\/RPReplay_Final1699747255-2.mov&#039;)\">\n\n\t\t\t\n\t\t\t\t\t<\/div>\n\t\t\t\t\t\t\t\t<\/div>\n\t\t\t\t\t\t\t\t\t<\/div>\n\t\t\t\t\t\t\t<\/div>\n\t\t\t\t<\/div>\n\t\t\t\t\t\t\t\t<\/div>\n\t\t\t\t<\/div>\n\t\t\t\t\t<\/div>\n\t\t\t\t<\/div>\n\t\t<div class=\"elementor-element elementor-element-f06e0d0 e-flex e-con-boxed e-con e-parent\" data-id=\"f06e0d0\" data-element_type=\"container\">\n\t\t\t\t\t<div class=\"e-con-inner\">\n\t\t\t\t<div class=\"elementor-element elementor-element-9d4d75f elementor-widget elementor-widget-heading\" data-id=\"9d4d75f\" data-element_type=\"widget\" data-widget_type=\"heading.default\">\n\t\t\t\t<div class=\"elementor-widget-container\">\n\t\t\t\t\t<h2 class=\"elementor-heading-title elementor-size-default\">flip by pulp-Patrone<\/h2>\t\t\t\t<\/div>\n\t\t\t\t<\/div>\n\t\t\t\t\t<\/div>\n\t\t\t\t<\/div>\n\t\t<div class=\"elementor-element elementor-element-b33f9ff e-flex e-con-boxed e-con e-parent\" data-id=\"b33f9ff\" data-element_type=\"container\">\n\t\t\t\t\t<div class=\"e-con-inner\">\n\t\t\t\t<div class=\"elementor-element elementor-element-8b846cb elementor-grid-3 elementor-grid-tablet-3 elementor-grid-mobile-2 elementor-products-grid elementor-wc-products elementor-widget elementor-widget-woocommerce-products\" data-id=\"8b846cb\" data-element_type=\"widget\" data-widget_type=\"woocommerce-products.default\">\n\t\t\t\t<div class=\"elementor-widget-container\">\n\t\t\t\t\t<div class=\"woocommerce columns-3\"><ul class=\"products elementor-grid columns-3\">\n<li class=\"product type-product post-1884 status-publish first instock product_cat-pulp has-post-thumbnail shipping-taxable purchasable product-type-variable\">\n\t<a href=\"https:\/\/swiss-hookah.ch\/de\/product\/melon-pulp-cartouche\/\" class=\"woocommerce-LoopProduct-link woocommerce-loop-product__link\"><img fetchpriority=\"high\" decoding=\"async\" width=\"300\" height=\"300\" src=\"https:\/\/swiss-hookah.ch\/wp-content\/uploads\/2023\/11\/Capture-decran-2023-11-12-a-13.55.10-300x300.png\" class=\"attachment-woocommerce_thumbnail size-woocommerce_thumbnail\" alt=\"Cartouche Melon, p\u00eache glac\u00e9e - le pod flip by Pulp\" srcset=\"https:\/\/swiss-hookah.ch\/wp-content\/uploads\/2023\/11\/Capture-decran-2023-11-12-a-13.55.10-300x300.png 300w, https:\/\/swiss-hookah.ch\/wp-content\/uploads\/2023\/11\/Capture-decran-2023-11-12-a-13.55.10-150x150.png 150w, https:\/\/swiss-hookah.ch\/wp-content\/uploads\/2023\/11\/Capture-decran-2023-11-12-a-13.55.10-100x100.png 100w\" sizes=\"(max-width: 300px) 100vw, 300px\" \/><h2 class=\"woocommerce-loop-product__title\">Patrone Melone, eiskalter Pfirsich - der Pod Flip by Pulp<\/h2>\n\t<span class=\"price\"><span class=\"woocommerce-Price-amount amount\"><bdi><span class=\"woocommerce-Price-currencySymbol\">&#67;&#72;&#70;<\/span>&nbsp;4.20<\/bdi><\/span><\/span>\n<\/a><a href=\"https:\/\/swiss-hookah.ch\/de\/product\/melon-pulp-cartouche\/\" aria-describedby=\"woocommerce_loop_add_to_cart_link_describedby_1884\" data-quantity=\"1\" class=\"button product_type_variable add_to_cart_button\" data-product_id=\"1884\" data-product_sku=\"cpulp-6\" aria-label=\"W\u00e4hlen Sie die Optionen f\u00fcr &quot;Cartouche Melon, p\u00eache glac\u00e9e - le pod flip by Pulp&quot;.\" rel=\"nofollow\" data-no-translation=\"\" data-trp-gettext=\"\" data-no-translation-aria-label=\"\">Optionen ausw\u00e4hlen<\/a>\t<span id=\"woocommerce_loop_add_to_cart_link_describedby_1884\" class=\"screen-reader-text\">\n\t\tDieses Produkt hat mehrere Varianten. Die Optionen k\u00f6nnen auf der Produktseite ausgew\u00e4hlt werden\t<\/span>\n<\/li>\n<li class=\"product type-product post-1882 status-publish instock product_cat-pulp has-post-thumbnail shipping-taxable purchasable product-type-variable\">\n\t<a href=\"https:\/\/swiss-hookah.ch\/de\/product\/menthe-pulp-cartouche\/\" class=\"woocommerce-LoopProduct-link woocommerce-loop-product__link\"><img decoding=\"async\" width=\"300\" height=\"300\" src=\"https:\/\/swiss-hookah.ch\/wp-content\/uploads\/2023\/11\/Capture-decran-2023-11-12-a-13.54.22-300x300.png\" class=\"attachment-woocommerce_thumbnail size-woocommerce_thumbnail\" alt=\"Cartouche Menthe polaire - le pod flip by Pulp\" srcset=\"https:\/\/swiss-hookah.ch\/wp-content\/uploads\/2023\/11\/Capture-decran-2023-11-12-a-13.54.22-300x300.png 300w, https:\/\/swiss-hookah.ch\/wp-content\/uploads\/2023\/11\/Capture-decran-2023-11-12-a-13.54.22-150x150.png 150w, https:\/\/swiss-hookah.ch\/wp-content\/uploads\/2023\/11\/Capture-decran-2023-11-12-a-13.54.22-100x100.png 100w\" sizes=\"(max-width: 300px) 100vw, 300px\" \/><h2 class=\"woocommerce-loop-product__title\">Patrone Polarminze - der Pod Flip by Pulp<\/h2>\n\t<span class=\"price\"><span class=\"woocommerce-Price-amount amount\"><bdi><span class=\"woocommerce-Price-currencySymbol\">&#67;&#72;&#70;<\/span>&nbsp;4.20<\/bdi><\/span><\/span>\n<\/a><a href=\"https:\/\/swiss-hookah.ch\/de\/product\/menthe-pulp-cartouche\/\" aria-describedby=\"woocommerce_loop_add_to_cart_link_describedby_1882\" data-quantity=\"1\" class=\"button product_type_variable add_to_cart_button\" data-product_id=\"1882\" data-product_sku=\"cpulp-5\" aria-label=\"W\u00e4hlen Sie die Optionen f\u00fcr &quot;Cartouche Menthe polaire - le pod flip by Pulp&quot;.\" rel=\"nofollow\" data-no-translation=\"\" data-trp-gettext=\"\" data-no-translation-aria-label=\"\">Optionen ausw\u00e4hlen<\/a>\t<span id=\"woocommerce_loop_add_to_cart_link_describedby_1882\" class=\"screen-reader-text\">\n\t\tDieses Produkt hat mehrere Varianten. Die Optionen k\u00f6nnen auf der Produktseite ausgew\u00e4hlt werden\t<\/span>\n<\/li>\n<li class=\"product type-product post-1880 status-publish last instock product_cat-pulp has-post-thumbnail shipping-taxable purchasable product-type-variable\">\n\t<a href=\"https:\/\/swiss-hookah.ch\/de\/product\/cassis-pulp-cartouche\/\" class=\"woocommerce-LoopProduct-link woocommerce-loop-product__link\"><img decoding=\"async\" width=\"300\" height=\"300\" src=\"https:\/\/swiss-hookah.ch\/wp-content\/uploads\/2023\/11\/Capture-decran-2023-11-12-a-13.51.58-1-300x300.png\" class=\"attachment-woocommerce_thumbnail size-woocommerce_thumbnail\" alt=\"Cartouche Cassis glac\u00e9 - le pod flip by Pulp\" srcset=\"https:\/\/swiss-hookah.ch\/wp-content\/uploads\/2023\/11\/Capture-decran-2023-11-12-a-13.51.58-1-300x300.png 300w, https:\/\/swiss-hookah.ch\/wp-content\/uploads\/2023\/11\/Capture-decran-2023-11-12-a-13.51.58-1-150x150.png 150w, https:\/\/swiss-hookah.ch\/wp-content\/uploads\/2023\/11\/Capture-decran-2023-11-12-a-13.51.58-1-100x100.png 100w\" sizes=\"(max-width: 300px) 100vw, 300px\" \/><h2 class=\"woocommerce-loop-product__title\">Patrone Gefrorene Schwarze Johannisbeere - der Pod Flip by Pulp<\/h2>\n\t<span class=\"price\"><span class=\"woocommerce-Price-amount amount\"><bdi><span class=\"woocommerce-Price-currencySymbol\">&#67;&#72;&#70;<\/span>&nbsp;4.20<\/bdi><\/span><\/span>\n<\/a><a href=\"https:\/\/swiss-hookah.ch\/de\/product\/cassis-pulp-cartouche\/\" aria-describedby=\"woocommerce_loop_add_to_cart_link_describedby_1880\" data-quantity=\"1\" class=\"button product_type_variable add_to_cart_button\" data-product_id=\"1880\" data-product_sku=\"cpulp-4\" aria-label=\"W\u00e4hlen Sie die Optionen f\u00fcr &quot;Cartouche Cassis glac\u00e9 - le pod flip by Pulp&quot;.\" rel=\"nofollow\" data-no-translation=\"\" data-trp-gettext=\"\" data-no-translation-aria-label=\"\">Optionen ausw\u00e4hlen<\/a>\t<span id=\"woocommerce_loop_add_to_cart_link_describedby_1880\" class=\"screen-reader-text\">\n\t\tDieses Produkt hat mehrere Varianten. Die Optionen k\u00f6nnen auf der Produktseite ausgew\u00e4hlt werden\t<\/span>\n<\/li>\n<li class=\"product type-product post-1878 status-publish first instock product_cat-pulp has-post-thumbnail shipping-taxable purchasable product-type-variable\">\n\t<a href=\"https:\/\/swiss-hookah.ch\/de\/product\/citron-pulp-cartouche\/\" class=\"woocommerce-LoopProduct-link woocommerce-loop-product__link\"><img loading=\"lazy\" decoding=\"async\" width=\"300\" height=\"300\" src=\"https:\/\/swiss-hookah.ch\/wp-content\/uploads\/2023\/11\/Capture-decran-2023-11-12-a-13.53.14-300x300.png\" class=\"attachment-woocommerce_thumbnail size-woocommerce_thumbnail\" alt=\"Cartouche Citron vert menthe - le pod flip by Pulp\" srcset=\"https:\/\/swiss-hookah.ch\/wp-content\/uploads\/2023\/11\/Capture-decran-2023-11-12-a-13.53.14-300x300.png 300w, https:\/\/swiss-hookah.ch\/wp-content\/uploads\/2023\/11\/Capture-decran-2023-11-12-a-13.53.14-150x150.png 150w, https:\/\/swiss-hookah.ch\/wp-content\/uploads\/2023\/11\/Capture-decran-2023-11-12-a-13.53.14-100x100.png 100w\" sizes=\"(max-width: 300px) 100vw, 300px\" \/><h2 class=\"woocommerce-loop-product__title\">Limetten-Minz-Patrone - der Flip Pod by Pulp<\/h2>\n\t<span class=\"price\"><span class=\"woocommerce-Price-amount amount\"><bdi><span class=\"woocommerce-Price-currencySymbol\">&#67;&#72;&#70;<\/span>&nbsp;4.20<\/bdi><\/span><\/span>\n<\/a><a href=\"https:\/\/swiss-hookah.ch\/de\/product\/citron-pulp-cartouche\/\" aria-describedby=\"woocommerce_loop_add_to_cart_link_describedby_1878\" data-quantity=\"1\" class=\"button product_type_variable add_to_cart_button\" data-product_id=\"1878\" data-product_sku=\"cpulp-3\" aria-label=\"W\u00e4hlen Sie die Optionen f\u00fcr &quot;Cartouche Citron vert menthe - le pod flip by Pulp&quot;.\" rel=\"nofollow\" data-no-translation=\"\" data-trp-gettext=\"\" data-no-translation-aria-label=\"\">Optionen ausw\u00e4hlen<\/a>\t<span id=\"woocommerce_loop_add_to_cart_link_describedby_1878\" class=\"screen-reader-text\">\n\t\tDieses Produkt hat mehrere Varianten. Die Optionen k\u00f6nnen auf der Produktseite ausgew\u00e4hlt werden\t<\/span>\n<\/li>\n<li class=\"product type-product post-1876 status-publish instock product_cat-pulp has-post-thumbnail shipping-taxable purchasable product-type-variable\">\n\t<a href=\"https:\/\/swiss-hookah.ch\/de\/product\/fruits-rouges-glaces-pulp\/\" class=\"woocommerce-LoopProduct-link woocommerce-loop-product__link\"><img loading=\"lazy\" decoding=\"async\" width=\"300\" height=\"300\" src=\"https:\/\/swiss-hookah.ch\/wp-content\/uploads\/2023\/11\/Capture-decran-2023-11-12-a-13.53.45-e1700051401664-300x300.png\" class=\"attachment-woocommerce_thumbnail size-woocommerce_thumbnail\" alt=\"Cartouche Fruits rouges glac\u00e9s - le pod flip by Pulp\" srcset=\"https:\/\/swiss-hookah.ch\/wp-content\/uploads\/2023\/11\/Capture-decran-2023-11-12-a-13.53.45-e1700051401664-300x300.png 300w, https:\/\/swiss-hookah.ch\/wp-content\/uploads\/2023\/11\/Capture-decran-2023-11-12-a-13.53.45-e1700051401664-150x150.png 150w, https:\/\/swiss-hookah.ch\/wp-content\/uploads\/2023\/11\/Capture-decran-2023-11-12-a-13.53.45-e1700051401664-100x100.png 100w\" sizes=\"(max-width: 300px) 100vw, 300px\" \/><h2 class=\"woocommerce-loop-product__title\">Patrone Gefrorene rote Fr\u00fcchte - der Flip Pod by Pulp<\/h2>\n\t<span class=\"price\"><span class=\"woocommerce-Price-amount amount\"><bdi><span class=\"woocommerce-Price-currencySymbol\">&#67;&#72;&#70;<\/span>&nbsp;4.20<\/bdi><\/span><\/span>\n<\/a><a href=\"https:\/\/swiss-hookah.ch\/de\/product\/fruits-rouges-glaces-pulp\/\" aria-describedby=\"woocommerce_loop_add_to_cart_link_describedby_1876\" data-quantity=\"1\" class=\"button product_type_variable add_to_cart_button\" data-product_id=\"1876\" data-product_sku=\"cpulp-2\" aria-label=\"W\u00e4hlen Sie die Optionen f\u00fcr &quot;Cartouche Fruits rouges glac\u00e9s - le pod flip by Pulp&quot;.\" rel=\"nofollow\" data-no-translation=\"\" data-trp-gettext=\"\" data-no-translation-aria-label=\"\">Optionen ausw\u00e4hlen<\/a>\t<span id=\"woocommerce_loop_add_to_cart_link_describedby_1876\" class=\"screen-reader-text\">\n\t\tDieses Produkt hat mehrere Varianten. Die Optionen k\u00f6nnen auf der Produktseite ausgew\u00e4hlt werden\t<\/span>\n<\/li>\n<li class=\"product type-product post-1874 status-publish last instock product_cat-pulp has-post-thumbnail shipping-taxable purchasable product-type-variable\">\n\t<a href=\"https:\/\/swiss-hookah.ch\/de\/product\/cartouche-pulp-cerise\/\" class=\"woocommerce-LoopProduct-link woocommerce-loop-product__link\"><img loading=\"lazy\" decoding=\"async\" width=\"300\" height=\"300\" src=\"https:\/\/swiss-hookah.ch\/wp-content\/uploads\/2023\/11\/Capture-decran-2023-11-12-a-13.52.46-300x300.png\" class=\"attachment-woocommerce_thumbnail size-woocommerce_thumbnail\" alt=\"Cartouche Cerise glac\u00e9e - le pod flip by Pulp\" srcset=\"https:\/\/swiss-hookah.ch\/wp-content\/uploads\/2023\/11\/Capture-decran-2023-11-12-a-13.52.46-300x300.png 300w, https:\/\/swiss-hookah.ch\/wp-content\/uploads\/2023\/11\/Capture-decran-2023-11-12-a-13.52.46-150x150.png 150w, https:\/\/swiss-hookah.ch\/wp-content\/uploads\/2023\/11\/Capture-decran-2023-11-12-a-13.52.46-100x100.png 100w\" sizes=\"(max-width: 300px) 100vw, 300px\" \/><h2 class=\"woocommerce-loop-product__title\">Patrone Eiskirsche - der Flip Pod by Pulp<\/h2>\n\t<span class=\"price\"><span class=\"woocommerce-Price-amount amount\"><bdi><span class=\"woocommerce-Price-currencySymbol\">&#67;&#72;&#70;<\/span>&nbsp;4.20<\/bdi><\/span><\/span>\n<\/a><a href=\"https:\/\/swiss-hookah.ch\/de\/product\/cartouche-pulp-cerise\/\" aria-describedby=\"woocommerce_loop_add_to_cart_link_describedby_1874\" data-quantity=\"1\" class=\"button product_type_variable add_to_cart_button\" data-product_id=\"1874\" data-product_sku=\"cpulp-1\" aria-label=\"W\u00e4hlen Sie die Optionen f\u00fcr &quot;Cartouche Cerise glac\u00e9e - le pod flip by Pulp&quot;.\" rel=\"nofollow\" data-no-translation=\"\" data-trp-gettext=\"\" data-no-translation-aria-label=\"\">Optionen ausw\u00e4hlen<\/a>\t<span id=\"woocommerce_loop_add_to_cart_link_describedby_1874\" class=\"screen-reader-text\">\n\t\tDieses Produkt hat mehrere Varianten. Die Optionen k\u00f6nnen auf der Produktseite ausgew\u00e4hlt werden\t<\/span>\n<\/li>\n<li class=\"product type-product post-1842 status-publish first instock product_cat-pulp has-post-thumbnail shipping-taxable purchasable product-type-variable\">\n\t<a href=\"https:\/\/swiss-hookah.ch\/de\/product\/cartouche-pulp\/\" class=\"woocommerce-LoopProduct-link woocommerce-loop-product__link\"><img loading=\"lazy\" decoding=\"async\" width=\"300\" height=\"300\" src=\"https:\/\/swiss-hookah.ch\/wp-content\/uploads\/2023\/11\/Capture-decran-2023-11-15-a-13.21.19-e1700882072118-300x300.png\" class=\"attachment-woocommerce_thumbnail size-woocommerce_thumbnail\" alt=\"Cartouche Ice tea p\u00eache - le pod flip by Pulp\" srcset=\"https:\/\/swiss-hookah.ch\/wp-content\/uploads\/2023\/11\/Capture-decran-2023-11-15-a-13.21.19-e1700882072118-300x300.png 300w, https:\/\/swiss-hookah.ch\/wp-content\/uploads\/2023\/11\/Capture-decran-2023-11-15-a-13.21.19-e1700882072118-150x150.png 150w, https:\/\/swiss-hookah.ch\/wp-content\/uploads\/2023\/11\/Capture-decran-2023-11-15-a-13.21.19-e1700882072118-100x100.png 100w\" sizes=\"(max-width: 300px) 100vw, 300px\" \/><h2 class=\"woocommerce-loop-product__title\">Ice Tea Patrone Pfirsich - der Flip Pod by Pulp<\/h2>\n\t<span class=\"price\"><span class=\"woocommerce-Price-amount amount\"><bdi><span class=\"woocommerce-Price-currencySymbol\">&#67;&#72;&#70;<\/span>&nbsp;4.20<\/bdi><\/span><\/span>\n<\/a><a href=\"https:\/\/swiss-hookah.ch\/de\/product\/cartouche-pulp\/\" aria-describedby=\"woocommerce_loop_add_to_cart_link_describedby_1842\" data-quantity=\"1\" class=\"button product_type_variable add_to_cart_button\" data-product_id=\"1842\" data-product_sku=\"cpulp-0\" aria-label=\"W\u00e4hlen Sie die Optionen f\u00fcr &quot;Cartouche Ice tea p\u00eache - le pod flip by Pulp&quot;.\" rel=\"nofollow\" data-no-translation=\"\" data-trp-gettext=\"\" data-no-translation-aria-label=\"\">Optionen ausw\u00e4hlen<\/a>\t<span id=\"woocommerce_loop_add_to_cart_link_describedby_1842\" class=\"screen-reader-text\">\n\t\tDieses Produkt hat mehrere Varianten. Die Optionen k\u00f6nnen auf der Produktseite ausgew\u00e4hlt werden\t<\/span>\n<\/li>\n<\/ul>\n<\/div>\t\t\t\t<\/div>\n\t\t\t\t<\/div>\n\t\t\t\t\t<\/div>\n\t\t\t\t<\/div>\n\t\t\t\t<\/div>","protected":false},"excerpt":{"rendered":"<p>flip by pulp-Patrone<\/p>","protected":false},"author":1,"featured_media":0,"parent":0,"menu_order":0,"comment_status":"closed","ping_status":"closed","template":"elementor_header_footer","meta":{"om_disable_all_campaigns":false,"_monsterinsights_skip_tracking":false,"_monsterinsights_sitenote_active":false,"_monsterinsights_sitenote_note":"","_monsterinsights_sitenote_category":0,"footnotes":""},"class_list":["post-2341","page","type-page","status-publish","hentry"],"aioseo_notices":[],"jetpack_sharing_enabled":true,"_links":{"self":[{"href":"https:\/\/swiss-hookah.ch\/de\/wp-json\/wp\/v2\/pages\/2341","targetHints":{"allow":["GET"]}}],"collection":[{"href":"https:\/\/swiss-hookah.ch\/de\/wp-json\/wp\/v2\/pages"}],"about":[{"href":"https:\/\/swiss-hookah.ch\/de\/wp-json\/wp\/v2\/types\/page"}],"author":[{"embeddable":true,"href":"https:\/\/swiss-hookah.ch\/de\/wp-json\/wp\/v2\/users\/1"}],"replies":[{"embeddable":true,"href":"https:\/\/swiss-hookah.ch\/de\/wp-json\/wp\/v2\/comments?post=2341"}],"version-history":[{"count":4,"href":"https:\/\/swiss-hookah.ch\/de\/wp-json\/wp\/v2\/pages\/2341\/revisions"}],"predecessor-version":[{"id":2345,"href":"https:\/\/swiss-hookah.ch\/de\/wp-json\/wp\/v2\/pages\/2341\/revisions\/2345"}],"wp:attachment":[{"href":"https:\/\/swiss-hookah.ch\/de\/wp-json\/wp\/v2\/media?parent=2341"}],"curies":[{"name":"wp","href":"https:\/\/api.w.org\/{rel}","templated":true}]}}