{"id":1996,"date":"2023-11-20T00:28:05","date_gmt":"2023-11-19T23:28:05","guid":{"rendered":"https:\/\/swiss-hookah.ch\/?page_id=1996"},"modified":"2023-11-20T01:49:05","modified_gmt":"2023-11-20T00:49:05","slug":"smokah-8000-2","status":"publish","type":"page","link":"https:\/\/swiss-hookah.ch\/de\/smokah-8000-2\/","title":{"rendered":"dampfen"},"content":{"rendered":"<div data-elementor-type=\"wp-page\" data-elementor-id=\"1996\" class=\"elementor elementor-1996\" data-elementor-post-type=\"page\">\n\t\t\t\t<div class=\"elementor-element elementor-element-93fa5c7 e-flex e-con-boxed e-con e-parent\" data-id=\"93fa5c7\" data-element_type=\"container\">\n\t\t\t\t\t<div class=\"e-con-inner\">\n\t\t\t\t<div class=\"elementor-element elementor-element-7afa691 elementor-widget elementor-widget-image\" data-id=\"7afa691\" data-element_type=\"widget\" data-widget_type=\"image.default\">\n\t\t\t\t<div class=\"elementor-widget-container\">\n\t\t\t\t\t\t\t\t\t\t\t\t\t\t\t<img fetchpriority=\"high\" decoding=\"async\" width=\"1024\" height=\"540\" src=\"https:\/\/swiss-hookah.ch\/wp-content\/uploads\/2023\/11\/DreamShaper_v7_draw_me_a_picture_for_my_website_I_want_a_moder_0-copie-1024x540.jpg\" class=\"attachment-large size-large wp-image-1998\" alt=\"\" srcset=\"https:\/\/swiss-hookah.ch\/wp-content\/uploads\/2023\/11\/DreamShaper_v7_draw_me_a_picture_for_my_website_I_want_a_moder_0-copie-1024x540.jpg 1024w, https:\/\/swiss-hookah.ch\/wp-content\/uploads\/2023\/11\/DreamShaper_v7_draw_me_a_picture_for_my_website_I_want_a_moder_0-copie-300x158.jpg 300w, https:\/\/swiss-hookah.ch\/wp-content\/uploads\/2023\/11\/DreamShaper_v7_draw_me_a_picture_for_my_website_I_want_a_moder_0-copie-768x405.jpg 768w, https:\/\/swiss-hookah.ch\/wp-content\/uploads\/2023\/11\/DreamShaper_v7_draw_me_a_picture_for_my_website_I_want_a_moder_0-copie-1140x600.jpg 1140w, https:\/\/swiss-hookah.ch\/wp-content\/uploads\/2023\/11\/DreamShaper_v7_draw_me_a_picture_for_my_website_I_want_a_moder_0-copie-600x316.jpg 600w, https:\/\/swiss-hookah.ch\/wp-content\/uploads\/2023\/11\/DreamShaper_v7_draw_me_a_picture_for_my_website_I_want_a_moder_0-copie.jpg 1184w\" sizes=\"(max-width: 1024px) 100vw, 1024px\" \/>\t\t\t\t\t\t\t\t\t\t\t\t\t\t\t<\/div>\n\t\t\t\t<\/div>\n\t\t\t\t\t<\/div>\n\t\t\t\t<\/div>\n\t\t<div class=\"elementor-element elementor-element-65f4fe0 e-flex e-con-boxed e-con e-parent\" data-id=\"65f4fe0\" data-element_type=\"container\">\n\t\t\t\t\t<div class=\"e-con-inner\">\n\t\t\t\t<div class=\"elementor-element elementor-element-b588b46 elementor-widget elementor-widget-heading\" data-id=\"b588b46\" data-element_type=\"widget\" data-widget_type=\"heading.default\">\n\t\t\t\t<div class=\"elementor-widget-container\">\n\t\t\t\t\t<h2 class=\"elementor-heading-title elementor-size-default\">dampfen<\/h2>\t\t\t\t<\/div>\n\t\t\t\t<\/div>\n\t\t\t\t\t<\/div>\n\t\t\t\t<\/div>\n\t\t<div class=\"elementor-element elementor-element-2bee7a1 e-flex e-con-boxed e-con e-parent\" data-id=\"2bee7a1\" data-element_type=\"container\">\n\t\t\t\t\t<div class=\"e-con-inner\">\n\t\t\t\t<div class=\"elementor-element elementor-element-e674709 e-transform elementor-widget elementor-widget-text-editor\" data-id=\"e674709\" data-element_type=\"widget\" data-settings=\"{&quot;_transform_scale_effect_mobile&quot;:{&quot;unit&quot;:&quot;px&quot;,&quot;size&quot;:0.9,&quot;sizes&quot;:[]},&quot;_transform_scale_effect&quot;:{&quot;unit&quot;:&quot;px&quot;,&quot;size&quot;:&quot;&quot;,&quot;sizes&quot;:[]},&quot;_transform_scale_effect_tablet&quot;:{&quot;unit&quot;:&quot;px&quot;,&quot;size&quot;:&quot;&quot;,&quot;sizes&quot;:[]}}\" data-widget_type=\"text-editor.default\">\n\t\t\t\t<div class=\"elementor-widget-container\">\n\t\t\t\t\t\t\t\t\t<p>Auf unserer SwissHookah-Webseite bieten wir ausschlie\u00dflich unsere Bestseller unter den Vapes an. Wenn Sie jedoch spezielle W\u00fcnsche haben oder nach einem bestimmten Dampf und einer bestimmten Komponente suchen, die nicht zu unseren Bestsellern geh\u00f6ren, z\u00f6gern Sie bitte nicht, uns zu kontaktieren. Wir haben Zugang zum gesamten Markt f\u00fcr Dampfen und helfen Ihnen gerne weiter. Bitte erreichen Sie uns per <strong><a href=\"https:\/\/swiss-hookah.ch\/index.php\/contact\/\">Telefon<\/a> <\/strong>oder durch <strong><a href=\"https:\/\/swiss-hookah.ch\/index.php\/contact\/\">e-mai<\/a><a href=\"https:\/\/swiss-hookah.ch\/index.php\/contact\/\">l<\/a><\/strong> f\u00fcr jede besondere Anfrage.<\/p>\t\t\t\t\t\t\t\t<\/div>\n\t\t\t\t<\/div>\n\t\t\t\t\t<\/div>\n\t\t\t\t<\/div>\n\t\t<div class=\"elementor-element elementor-element-80c4abf e-flex e-con-boxed e-con e-parent\" data-id=\"80c4abf\" data-element_type=\"container\">\n\t\t\t\t\t<div class=\"e-con-inner\">\n\t\t\t\t<div class=\"elementor-element elementor-element-6e87be4 elementor-grid-3 elementor-grid-tablet-3 elementor-grid-mobile-2 elementor-products-grid elementor-wc-products elementor-widget elementor-widget-woocommerce-products\" data-id=\"6e87be4\" data-element_type=\"widget\" data-widget_type=\"woocommerce-products.default\">\n\t\t\t\t<div class=\"elementor-widget-container\">\n\t\t\t\t\t<div class=\"woocommerce columns-3\"><ul class=\"products elementor-grid columns-3\">\n<li class=\"product type-product post-6572 status-publish first instock product_cat-nouveau-11-25 product_cat-vape has-post-thumbnail sale shipping-taxable purchasable product-type-variable\">\n\t<a href=\"https:\/\/swiss-hookah.ch\/de\/product\/s1-3\/\" class=\"woocommerce-LoopProduct-link woocommerce-loop-product__link\">\n\t<span class=\"onsale\" data-no-translation=\"\" data-trp-gettext=\"\">Angebot!<\/span>\n\t<img decoding=\"async\" width=\"300\" height=\"300\" src=\"https:\/\/swiss-hookah.ch\/wp-content\/uploads\/2025\/11\/img_2298-300x300.jpeg\" class=\"attachment-woocommerce_thumbnail size-woocommerce_thumbnail\" alt=\"KIT POD WENAX S3 EVO - GEEK VAPE\" srcset=\"https:\/\/swiss-hookah.ch\/wp-content\/uploads\/2025\/11\/img_2298-300x300.jpeg 300w, https:\/\/swiss-hookah.ch\/wp-content\/uploads\/2025\/11\/img_2298-150x150.jpeg 150w, https:\/\/swiss-hookah.ch\/wp-content\/uploads\/2025\/11\/img_2298-12x12.jpeg 12w, https:\/\/swiss-hookah.ch\/wp-content\/uploads\/2025\/11\/img_2298-100x100.jpeg 100w, https:\/\/swiss-hookah.ch\/wp-content\/uploads\/2025\/11\/img_2298-200x200.jpeg 200w, https:\/\/swiss-hookah.ch\/wp-content\/uploads\/2025\/11\/img_2298-400x400.jpeg 400w, https:\/\/swiss-hookah.ch\/wp-content\/uploads\/2025\/11\/img_2298.jpeg 447w\" sizes=\"(max-width: 300px) 100vw, 300px\" \/><h2 class=\"woocommerce-loop-product__title\">KIT POD WENAX S3 EVO - GEEK VAPE<\/h2>\n\t<span class=\"price\"><del aria-hidden=\"true\"><span class=\"woocommerce-Price-amount amount\"><bdi><span class=\"woocommerce-Price-currencySymbol\">&#67;&#72;&#70;<\/span>&nbsp;29.90<\/bdi><\/span><\/del> <span class=\"screen-reader-text\" data-no-translation=\"\" data-trp-gettext=\"\">Der urspr\u00fcngliche Preis war: &#067;&#072;&#070;&nbsp;29.90.<\/span><ins aria-hidden=\"true\"><span class=\"woocommerce-Price-amount amount\"><bdi><span class=\"woocommerce-Price-currencySymbol\">&#67;&#72;&#70;<\/span>&nbsp;23.90<\/bdi><\/span><\/ins><span class=\"screen-reader-text\" data-no-translation=\"\" data-trp-gettext=\"\">Der aktuelle Preis ist: &#067;&#072;&#070;&nbsp;23.90.<\/span><\/span>\n<\/a><a href=\"https:\/\/swiss-hookah.ch\/de\/product\/s1-3\/\" aria-describedby=\"woocommerce_loop_add_to_cart_link_describedby_6572\" data-quantity=\"1\" class=\"button product_type_variable add_to_cart_button\" data-product_id=\"6572\" data-product_sku=\"\" aria-label=\"W\u00e4hlen Sie die Optionen f\u00fcr &quot;KIT POD WENAX S3 EVO - GEEK VAPE&quot;.\" rel=\"nofollow\" data-no-translation=\"\" data-trp-gettext=\"\" data-no-translation-aria-label=\"\">Optionen ausw\u00e4hlen<\/a>\t<span id=\"woocommerce_loop_add_to_cart_link_describedby_6572\" class=\"screen-reader-text\">\n\t\tDieses Produkt hat mehrere Varianten. Die Optionen k\u00f6nnen auf der Produktseite ausgew\u00e4hlt werden\t<\/span>\n<\/li>\n<li class=\"product type-product post-6562 status-publish instock product_cat-nouveau-11-25 product_cat-vape has-post-thumbnail sale shipping-taxable purchasable product-type-variable\">\n\t<a href=\"https:\/\/swiss-hookah.ch\/de\/product\/wenax-2\/\" class=\"woocommerce-LoopProduct-link woocommerce-loop-product__link\">\n\t<span class=\"onsale\" data-no-translation=\"\" data-trp-gettext=\"\">Angebot!<\/span>\n\t<img decoding=\"async\" width=\"300\" height=\"300\" src=\"https:\/\/swiss-hookah.ch\/wp-content\/uploads\/2025\/11\/img_2297-300x300.jpeg\" class=\"attachment-woocommerce_thumbnail size-woocommerce_thumbnail\" alt=\"KIT POD DIGI PRO - GEEKVAPE\" srcset=\"https:\/\/swiss-hookah.ch\/wp-content\/uploads\/2025\/11\/img_2297-300x300.jpeg 300w, https:\/\/swiss-hookah.ch\/wp-content\/uploads\/2025\/11\/img_2297-150x150.jpeg 150w, https:\/\/swiss-hookah.ch\/wp-content\/uploads\/2025\/11\/img_2297-12x12.jpeg 12w, https:\/\/swiss-hookah.ch\/wp-content\/uploads\/2025\/11\/img_2297-100x100.jpeg 100w, https:\/\/swiss-hookah.ch\/wp-content\/uploads\/2025\/11\/img_2297-200x200.jpeg 200w, https:\/\/swiss-hookah.ch\/wp-content\/uploads\/2025\/11\/img_2297-400x400.jpeg 400w, https:\/\/swiss-hookah.ch\/wp-content\/uploads\/2025\/11\/img_2297.jpeg 447w\" sizes=\"(max-width: 300px) 100vw, 300px\" \/><h2 class=\"woocommerce-loop-product__title\">KIT POD DIGI PRO - GEEKVAPE<\/h2>\n\t<span class=\"price\"><span class=\"woocommerce-Price-amount amount\" aria-hidden=\"true\"><bdi><span class=\"woocommerce-Price-currencySymbol\">&#67;&#72;&#70;<\/span>&nbsp;29.90<\/bdi><\/span> <span aria-hidden=\"true\">-<\/span> <span class=\"woocommerce-Price-amount amount\" aria-hidden=\"true\"><bdi><span class=\"woocommerce-Price-currencySymbol\">&#67;&#72;&#70;<\/span>&nbsp;39.90<\/bdi><\/span><span class=\"screen-reader-text\" data-no-translation=\"\" data-trp-gettext=\"\">Preisspanne: &#67;&#72;&#70;&nbsp;29.90 bis &#67;&#72;&#70;&nbsp;39.90<\/span><\/span>\n<\/a><a href=\"https:\/\/swiss-hookah.ch\/de\/product\/wenax-2\/\" aria-describedby=\"woocommerce_loop_add_to_cart_link_describedby_6562\" data-quantity=\"1\" class=\"button product_type_variable add_to_cart_button\" data-product_id=\"6562\" data-product_sku=\"\" aria-label=\"W\u00e4hlen Sie die Optionen f\u00fcr &quot;KIT POD DIGI PRO - GEEKVAPE&quot;.\" rel=\"nofollow\" data-no-translation=\"\" data-trp-gettext=\"\" data-no-translation-aria-label=\"\">Optionen ausw\u00e4hlen<\/a>\t<span id=\"woocommerce_loop_add_to_cart_link_describedby_6562\" class=\"screen-reader-text\">\n\t\tDieses Produkt hat mehrere Varianten. Die Optionen k\u00f6nnen auf der Produktseite ausgew\u00e4hlt werden\t<\/span>\n<\/li>\n<li class=\"product type-product post-5643 status-publish last instock product_cat-nouveau-vape product_cat-vape has-post-thumbnail shipping-taxable purchasable product-type-variable\">\n\t<a href=\"https:\/\/swiss-hookah.ch\/de\/product\/s1-2-2\/\" class=\"woocommerce-LoopProduct-link woocommerce-loop-product__link\"><img loading=\"lazy\" decoding=\"async\" width=\"300\" height=\"300\" src=\"https:\/\/swiss-hookah.ch\/wp-content\/uploads\/2025\/06\/img_8568-300x300.jpeg\" class=\"attachment-woocommerce_thumbnail size-woocommerce_thumbnail\" alt=\"KIT DOT SWITCH R - DOTMOD\" srcset=\"https:\/\/swiss-hookah.ch\/wp-content\/uploads\/2025\/06\/img_8568-300x300.jpeg 300w, https:\/\/swiss-hookah.ch\/wp-content\/uploads\/2025\/06\/img_8568-150x150.jpeg 150w, https:\/\/swiss-hookah.ch\/wp-content\/uploads\/2025\/06\/img_8568-100x100.jpeg 100w, https:\/\/swiss-hookah.ch\/wp-content\/uploads\/2025\/06\/img_8568-200x200.jpeg 200w, https:\/\/swiss-hookah.ch\/wp-content\/uploads\/2025\/06\/img_8568-400x400.jpeg 400w, https:\/\/swiss-hookah.ch\/wp-content\/uploads\/2025\/06\/img_8568-500x500.jpeg 500w, https:\/\/swiss-hookah.ch\/wp-content\/uploads\/2025\/06\/img_8568.jpeg 540w\" sizes=\"(max-width: 300px) 100vw, 300px\" \/><h2 class=\"woocommerce-loop-product__title\">KIT DOT SWITCH R - DOTMOD<\/h2>\n\t<span class=\"price\"><span class=\"woocommerce-Price-amount amount\"><bdi><span class=\"woocommerce-Price-currencySymbol\">&#67;&#72;&#70;<\/span>&nbsp;14.90<\/bdi><\/span><\/span>\n<\/a><a href=\"https:\/\/swiss-hookah.ch\/de\/product\/s1-2-2\/\" aria-describedby=\"woocommerce_loop_add_to_cart_link_describedby_5643\" data-quantity=\"1\" class=\"button product_type_variable add_to_cart_button\" data-product_id=\"5643\" data-product_sku=\"\" aria-label=\"W\u00e4hlen Sie die Optionen f\u00fcr &quot;KIT DOT SWITCH R - DOTMOD&quot;.\" rel=\"nofollow\" data-no-translation=\"\" data-trp-gettext=\"\" data-no-translation-aria-label=\"\">Optionen ausw\u00e4hlen<\/a>\t<span id=\"woocommerce_loop_add_to_cart_link_describedby_5643\" class=\"screen-reader-text\">\n\t\tDieses Produkt hat mehrere Varianten. Die Optionen k\u00f6nnen auf der Produktseite ausgew\u00e4hlt werden\t<\/span>\n<\/li>\n<li class=\"product type-product post-5635 status-publish first instock product_cat-nouveau-vape product_cat-vape has-post-thumbnail shipping-taxable purchasable product-type-variable\">\n\t<a href=\"https:\/\/swiss-hookah.ch\/de\/product\/s1-2\/\" class=\"woocommerce-LoopProduct-link woocommerce-loop-product__link\"><img loading=\"lazy\" decoding=\"async\" width=\"300\" height=\"300\" src=\"https:\/\/swiss-hookah.ch\/wp-content\/uploads\/2025\/06\/img_8566-2-300x300.jpeg\" class=\"attachment-woocommerce_thumbnail size-woocommerce_thumbnail\" alt=\"KIT POD VECO GO - VAPORESSO\" srcset=\"https:\/\/swiss-hookah.ch\/wp-content\/uploads\/2025\/06\/img_8566-2-300x300.jpeg 300w, https:\/\/swiss-hookah.ch\/wp-content\/uploads\/2025\/06\/img_8566-2-150x150.jpeg 150w, https:\/\/swiss-hookah.ch\/wp-content\/uploads\/2025\/06\/img_8566-2-768x768.jpeg 768w, https:\/\/swiss-hookah.ch\/wp-content\/uploads\/2025\/06\/img_8566-2-100x100.jpeg 100w, https:\/\/swiss-hookah.ch\/wp-content\/uploads\/2025\/06\/img_8566-2-200x200.jpeg 200w, https:\/\/swiss-hookah.ch\/wp-content\/uploads\/2025\/06\/img_8566-2-400x400.jpeg 400w, https:\/\/swiss-hookah.ch\/wp-content\/uploads\/2025\/06\/img_8566-2-500x500.jpeg 500w, https:\/\/swiss-hookah.ch\/wp-content\/uploads\/2025\/06\/img_8566-2-600x600.jpeg 600w, https:\/\/swiss-hookah.ch\/wp-content\/uploads\/2025\/06\/img_8566-2.jpeg 800w\" sizes=\"(max-width: 300px) 100vw, 300px\" \/><h2 class=\"woocommerce-loop-product__title\">KIT POD VECO GO - VAPORESSO<\/h2>\n\t<span class=\"price\"><span class=\"woocommerce-Price-amount amount\"><bdi><span class=\"woocommerce-Price-currencySymbol\">&#67;&#72;&#70;<\/span>&nbsp;23.50<\/bdi><\/span><\/span>\n<\/a><a href=\"https:\/\/swiss-hookah.ch\/de\/product\/s1-2\/\" aria-describedby=\"woocommerce_loop_add_to_cart_link_describedby_5635\" data-quantity=\"1\" class=\"button product_type_variable add_to_cart_button\" data-product_id=\"5635\" data-product_sku=\"\" aria-label=\"W\u00e4hlen Sie die Optionen f\u00fcr &quot;KIT POD VECO GO - VAPORESSO&quot;.\" rel=\"nofollow\" data-no-translation=\"\" data-trp-gettext=\"\" data-no-translation-aria-label=\"\">Optionen ausw\u00e4hlen<\/a>\t<span id=\"woocommerce_loop_add_to_cart_link_describedby_5635\" class=\"screen-reader-text\">\n\t\tDieses Produkt hat mehrere Varianten. Die Optionen k\u00f6nnen auf der Produktseite ausgew\u00e4hlt werden\t<\/span>\n<\/li>\n<li class=\"product type-product post-4409 status-publish instock product_cat-vape has-post-thumbnail shipping-taxable purchasable product-type-variable\">\n\t<a href=\"https:\/\/swiss-hookah.ch\/de\/product\/klypse\/\" class=\"woocommerce-LoopProduct-link woocommerce-loop-product__link\"><img loading=\"lazy\" decoding=\"async\" width=\"300\" height=\"300\" src=\"https:\/\/swiss-hookah.ch\/wp-content\/uploads\/2024\/09\/kit-pod-klypse-innokin-300x300.webp\" class=\"attachment-woocommerce_thumbnail size-woocommerce_thumbnail\" alt=\"KIT POD KLYPSE - INNOKIN\" srcset=\"https:\/\/swiss-hookah.ch\/wp-content\/uploads\/2024\/09\/kit-pod-klypse-innokin-300x300.webp 300w, https:\/\/swiss-hookah.ch\/wp-content\/uploads\/2024\/09\/kit-pod-klypse-innokin-150x150.webp 150w, https:\/\/swiss-hookah.ch\/wp-content\/uploads\/2024\/09\/kit-pod-klypse-innokin-100x100.webp 100w, https:\/\/swiss-hookah.ch\/wp-content\/uploads\/2024\/09\/kit-pod-klypse-innokin.webp 540w\" sizes=\"(max-width: 300px) 100vw, 300px\" \/><h2 class=\"woocommerce-loop-product__title\">KIT POD KLYPSE - INNOKIN<\/h2>\n\t<span class=\"price\"><span class=\"woocommerce-Price-amount amount\"><bdi><span class=\"woocommerce-Price-currencySymbol\">&#67;&#72;&#70;<\/span>&nbsp;19.90<\/bdi><\/span><\/span>\n<\/a><a href=\"https:\/\/swiss-hookah.ch\/de\/product\/klypse\/\" aria-describedby=\"woocommerce_loop_add_to_cart_link_describedby_4409\" data-quantity=\"1\" class=\"button product_type_variable add_to_cart_button\" data-product_id=\"4409\" data-product_sku=\"\" aria-label=\"W\u00e4hlen Sie die Optionen f\u00fcr &quot;KIT POD KLYPSE - INNOKIN&quot;.\" rel=\"nofollow\" data-no-translation=\"\" data-trp-gettext=\"\" data-no-translation-aria-label=\"\">Optionen ausw\u00e4hlen<\/a>\t<span id=\"woocommerce_loop_add_to_cart_link_describedby_4409\" class=\"screen-reader-text\">\n\t\tDieses Produkt hat mehrere Varianten. Die Optionen k\u00f6nnen auf der Produktseite ausgew\u00e4hlt werden\t<\/span>\n<\/li>\n<li class=\"product type-product post-4401 status-publish last outofstock product_cat-vape has-post-thumbnail shipping-taxable purchasable product-type-variable\">\n\t<a href=\"https:\/\/swiss-hookah.ch\/de\/product\/s1\/\" class=\"woocommerce-LoopProduct-link woocommerce-loop-product__link\"><img loading=\"lazy\" decoding=\"async\" width=\"300\" height=\"300\" src=\"https:\/\/swiss-hookah.ch\/wp-content\/uploads\/2024\/09\/img_8586-300x300.jpeg\" class=\"attachment-woocommerce_thumbnail size-woocommerce_thumbnail\" alt=\"KIT POD DORIC GALAXY S1 - VOOPOO\" srcset=\"https:\/\/swiss-hookah.ch\/wp-content\/uploads\/2024\/09\/img_8586-300x300.jpeg 300w, https:\/\/swiss-hookah.ch\/wp-content\/uploads\/2024\/09\/img_8586-150x150.jpeg 150w, https:\/\/swiss-hookah.ch\/wp-content\/uploads\/2024\/09\/img_8586-768x768.jpeg 768w, https:\/\/swiss-hookah.ch\/wp-content\/uploads\/2024\/09\/img_8586-100x100.jpeg 100w, https:\/\/swiss-hookah.ch\/wp-content\/uploads\/2024\/09\/img_8586-200x200.jpeg 200w, https:\/\/swiss-hookah.ch\/wp-content\/uploads\/2024\/09\/img_8586-400x400.jpeg 400w, https:\/\/swiss-hookah.ch\/wp-content\/uploads\/2024\/09\/img_8586-500x500.jpeg 500w, https:\/\/swiss-hookah.ch\/wp-content\/uploads\/2024\/09\/img_8586-600x600.jpeg 600w, https:\/\/swiss-hookah.ch\/wp-content\/uploads\/2024\/09\/img_8586.jpeg 1000w\" sizes=\"(max-width: 300px) 100vw, 300px\" \/><h2 class=\"woocommerce-loop-product__title\">KIT POD DORIC GALAXY S1 - VOOPOO<\/h2>\n\t<span class=\"price\"><span class=\"woocommerce-Price-amount amount\"><bdi><span class=\"woocommerce-Price-currencySymbol\">&#67;&#72;&#70;<\/span>&nbsp;14.90<\/bdi><\/span><\/span>\n<\/a><a href=\"https:\/\/swiss-hookah.ch\/de\/product\/s1\/\" aria-describedby=\"woocommerce_loop_add_to_cart_link_describedby_4401\" data-quantity=\"1\" class=\"button product_type_variable\" data-product_id=\"4401\" data-product_sku=\"\" aria-label=\"W\u00e4hlen Sie die Optionen f\u00fcr &quot;KIT POD DORIC GALAXY S1 - VOOPOO&quot;.\" rel=\"nofollow\" data-no-translation=\"\" data-trp-gettext=\"\" data-no-translation-aria-label=\"\">Optionen ausw\u00e4hlen<\/a>\t<span id=\"woocommerce_loop_add_to_cart_link_describedby_4401\" class=\"screen-reader-text\">\n\t\tDieses Produkt hat mehrere Varianten. Die Optionen k\u00f6nnen auf der Produktseite ausgew\u00e4hlt werden\t<\/span>\n<\/li>\n<li class=\"product type-product post-3644 status-publish first instock product_cat-best-seller product_cat-vape has-post-thumbnail shipping-taxable purchasable product-type-variable\">\n\t<a href=\"https:\/\/swiss-hookah.ch\/de\/product\/wenax\/\" class=\"woocommerce-LoopProduct-link woocommerce-loop-product__link\"><img loading=\"lazy\" decoding=\"async\" width=\"300\" height=\"300\" src=\"https:\/\/swiss-hookah.ch\/wp-content\/uploads\/2024\/06\/img_5127-300x300.jpeg\" class=\"attachment-woocommerce_thumbnail size-woocommerce_thumbnail\" alt=\"GEEKVAPE - WENAX Q Pro- 25W\" srcset=\"https:\/\/swiss-hookah.ch\/wp-content\/uploads\/2024\/06\/img_5127-300x300.jpeg 300w, https:\/\/swiss-hookah.ch\/wp-content\/uploads\/2024\/06\/img_5127-150x150.jpeg 150w, https:\/\/swiss-hookah.ch\/wp-content\/uploads\/2024\/06\/img_5127-100x100.jpeg 100w, https:\/\/swiss-hookah.ch\/wp-content\/uploads\/2024\/06\/img_5127.jpeg 540w\" sizes=\"(max-width: 300px) 100vw, 300px\" \/><h2 class=\"woocommerce-loop-product__title\">GEEKVAPE - WENAX Q Pro- 25W<\/h2>\n\t<span class=\"price\"><span class=\"woocommerce-Price-amount amount\" aria-hidden=\"true\"><bdi><span class=\"woocommerce-Price-currencySymbol\">&#67;&#72;&#70;<\/span>&nbsp;29.90<\/bdi><\/span> <span aria-hidden=\"true\">-<\/span> <span class=\"woocommerce-Price-amount amount\" aria-hidden=\"true\"><bdi><span class=\"woocommerce-Price-currencySymbol\">&#67;&#72;&#70;<\/span>&nbsp;32.90<\/bdi><\/span><span class=\"screen-reader-text\" data-no-translation=\"\" data-trp-gettext=\"\">Preisspanne: &#67;&#72;&#70;&nbsp;29.90 bis &#67;&#72;&#70;&nbsp;32.90<\/span><\/span>\n<\/a><a href=\"https:\/\/swiss-hookah.ch\/de\/product\/wenax\/\" aria-describedby=\"woocommerce_loop_add_to_cart_link_describedby_3644\" data-quantity=\"1\" class=\"button product_type_variable add_to_cart_button\" data-product_id=\"3644\" data-product_sku=\"ursa nano-1\" aria-label=\"W\u00e4hlen Sie die Optionen f\u00fcr &quot;GEEKVAPE - WENAX Q Pro- 25W&quot;.\" rel=\"nofollow\" data-no-translation=\"\" data-trp-gettext=\"\" data-no-translation-aria-label=\"\">Optionen ausw\u00e4hlen<\/a>\t<span id=\"woocommerce_loop_add_to_cart_link_describedby_3644\" class=\"screen-reader-text\">\n\t\tDieses Produkt hat mehrere Varianten. Die Optionen k\u00f6nnen auf der Produktseite ausgew\u00e4hlt werden\t<\/span>\n<\/li>\n<li class=\"product type-product post-1709 status-publish instock product_cat-vape has-post-thumbnail shipping-taxable purchasable product-type-variable\">\n\t<a href=\"https:\/\/swiss-hookah.ch\/de\/product\/aspire-kit-pod-gotek-x\/\" class=\"woocommerce-LoopProduct-link woocommerce-loop-product__link\"><img loading=\"lazy\" decoding=\"async\" width=\"300\" height=\"300\" src=\"https:\/\/swiss-hookah.ch\/wp-content\/uploads\/2023\/11\/IMG_5687-300x300.jpg\" class=\"attachment-woocommerce_thumbnail size-woocommerce_thumbnail\" alt=\"Aspire - kit pod gotek x\" srcset=\"https:\/\/swiss-hookah.ch\/wp-content\/uploads\/2023\/11\/IMG_5687-300x300.jpg 300w, https:\/\/swiss-hookah.ch\/wp-content\/uploads\/2023\/11\/IMG_5687-150x150.jpg 150w, https:\/\/swiss-hookah.ch\/wp-content\/uploads\/2023\/11\/IMG_5687-100x100.jpg 100w\" sizes=\"(max-width: 300px) 100vw, 300px\" \/><h2 class=\"woocommerce-loop-product__title\">Aspire - kit pod gotek x<\/h2>\n\t<span class=\"price\"><span class=\"woocommerce-Price-amount amount\"><bdi><span class=\"woocommerce-Price-currencySymbol\">&#67;&#72;&#70;<\/span>&nbsp;15.40<\/bdi><\/span><\/span>\n<\/a><a href=\"https:\/\/swiss-hookah.ch\/de\/product\/aspire-kit-pod-gotek-x\/\" aria-describedby=\"woocommerce_loop_add_to_cart_link_describedby_1709\" data-quantity=\"1\" class=\"button product_type_variable add_to_cart_button\" data-product_id=\"1709\" data-product_sku=\"gotek\" aria-label=\"W\u00e4hlen Sie die Optionen f\u00fcr &quot;Aspire - kit pod gotek x&quot;.\" rel=\"nofollow\" data-no-translation=\"\" data-trp-gettext=\"\" data-no-translation-aria-label=\"\">Optionen ausw\u00e4hlen<\/a>\t<span id=\"woocommerce_loop_add_to_cart_link_describedby_1709\" class=\"screen-reader-text\">\n\t\tDieses Produkt hat mehrere Varianten. Die Optionen k\u00f6nnen auf der Produktseite ausgew\u00e4hlt werden\t<\/span>\n<\/li>\n<\/ul>\n<\/div>\t\t\t\t<\/div>\n\t\t\t\t<\/div>\n\t\t\t\t\t<\/div>\n\t\t\t\t<\/div>\n\t\t\t\t<\/div>","protected":false},"excerpt":{"rendered":"<p>vape Sur notre site web SwissHookah, nous proposons exclusivement nos bestsellers parmi les vapes. Cependant, si vous avez des demandes sp\u00e9cifiques ou si vous recherchez une vape et composant particulier qui ne figure pas parmi nos bestsellers, n&rsquo;h\u00e9sitez pas \u00e0 nous contacter. Nous avons acc\u00e8s \u00e0 l&rsquo;ensemble du march\u00e9 des vapes, et nous serions ravis [&hellip;]<\/p>","protected":false},"author":1,"featured_media":0,"parent":0,"menu_order":0,"comment_status":"closed","ping_status":"closed","template":"elementor_header_footer","meta":{"om_disable_all_campaigns":false,"_monsterinsights_skip_tracking":false,"_monsterinsights_sitenote_active":false,"_monsterinsights_sitenote_note":"","_monsterinsights_sitenote_category":0,"footnotes":""},"class_list":["post-1996","page","type-page","status-publish","hentry"],"aioseo_notices":[],"jetpack_sharing_enabled":true,"_links":{"self":[{"href":"https:\/\/swiss-hookah.ch\/de\/wp-json\/wp\/v2\/pages\/1996","targetHints":{"allow":["GET"]}}],"collection":[{"href":"https:\/\/swiss-hookah.ch\/de\/wp-json\/wp\/v2\/pages"}],"about":[{"href":"https:\/\/swiss-hookah.ch\/de\/wp-json\/wp\/v2\/types\/page"}],"author":[{"embeddable":true,"href":"https:\/\/swiss-hookah.ch\/de\/wp-json\/wp\/v2\/users\/1"}],"replies":[{"embeddable":true,"href":"https:\/\/swiss-hookah.ch\/de\/wp-json\/wp\/v2\/comments?post=1996"}],"version-history":[{"count":7,"href":"https:\/\/swiss-hookah.ch\/de\/wp-json\/wp\/v2\/pages\/1996\/revisions"}],"predecessor-version":[{"id":2091,"href":"https:\/\/swiss-hookah.ch\/de\/wp-json\/wp\/v2\/pages\/1996\/revisions\/2091"}],"wp:attachment":[{"href":"https:\/\/swiss-hookah.ch\/de\/wp-json\/wp\/v2\/media?parent=1996"}],"curies":[{"name":"wp","href":"https:\/\/api.w.org\/{rel}","templated":true}]}}