{"id":1640,"date":"2023-11-02T01:23:30","date_gmt":"2023-11-02T00:23:30","guid":{"rendered":"https:\/\/swiss-hookah.ch\/?page_id=1640"},"modified":"2024-02-07T11:29:59","modified_gmt":"2024-02-07T10:29:59","slug":"livraison","status":"publish","type":"page","link":"https:\/\/swiss-hookah.ch\/de\/livraison\/","title":{"rendered":"Lieferung"},"content":{"rendered":"<div data-elementor-type=\"wp-page\" data-elementor-id=\"1640\" class=\"elementor elementor-1640\" data-elementor-post-type=\"page\">\n\t\t\t\t<div class=\"elementor-element elementor-element-06e5ec2 e-transform e-flex e-con-boxed e-con e-parent\" data-id=\"06e5ec2\" data-element_type=\"container\" data-settings=\"{&quot;_transform_scale_effect_mobile&quot;:{&quot;unit&quot;:&quot;px&quot;,&quot;size&quot;:0.9,&quot;sizes&quot;:[]},&quot;_transform_scale_effect&quot;:{&quot;unit&quot;:&quot;px&quot;,&quot;size&quot;:&quot;&quot;,&quot;sizes&quot;:[]},&quot;_transform_scale_effect_tablet&quot;:{&quot;unit&quot;:&quot;px&quot;,&quot;size&quot;:&quot;&quot;,&quot;sizes&quot;:[]}}\">\n\t\t\t\t\t<div class=\"e-con-inner\">\n\t\t<div class=\"elementor-element elementor-element-c3c707b e-flex e-con-boxed e-con e-child\" data-id=\"c3c707b\" data-element_type=\"container\">\n\t\t\t\t\t<div class=\"e-con-inner\">\n\t\t\t\t<div class=\"elementor-element elementor-element-5f8e11e elementor-widget elementor-widget-heading\" data-id=\"5f8e11e\" data-element_type=\"widget\" data-widget_type=\"heading.default\">\n\t\t\t\t<div class=\"elementor-widget-container\">\n\t\t\t\t\t<h2 class=\"elementor-heading-title elementor-size-default\">Lieferung<\/h2>\t\t\t\t<\/div>\n\t\t\t\t<\/div>\n\t\t\t\t\t<\/div>\n\t\t\t\t<\/div>\n\t\t\t\t\t<\/div>\n\t\t\t\t<\/div>\n\t\t<div class=\"elementor-element elementor-element-04cb5b2 e-flex e-con-boxed e-con e-parent\" data-id=\"04cb5b2\" data-element_type=\"container\">\n\t\t\t\t\t<div class=\"e-con-inner\">\n\t\t\t\t<div class=\"elementor-element elementor-element-ed279a3 elementor-widget elementor-widget-text-editor\" data-id=\"ed279a3\" data-element_type=\"widget\" data-widget_type=\"text-editor.default\">\n\t\t\t\t<div class=\"elementor-widget-container\">\n\t\t\t\t\t\t\t\t\t<ul>\n<li><strong>Lieferung Ihrer Bestellungen<\/strong><\/li>\n<\/ul>\n<p>Wir bei Swisshookah sind bestrebt, unseren Kunden ein reibungsloses und bequemes Einkaufserlebnis zu bieten. Dazu geh\u00f6ren auch flexible Lieferoptionen, um Ihren Bed\u00fcrfnissen gerecht zu werden.<\/p>\n<ul>\n<li><strong>Versandkosten<\/strong><\/li>\n<\/ul>\n<p>Die Versandkosten sind einfach: 8.50 CHF f\u00fcr alle Bestellungen unter 49 CHF. Wir haben jedoch eine hervorragende Nachricht f\u00fcr Sie! Wenn Ihre Bestellung 49 CHF oder mehr erreicht, ist der Versand v\u00f6llig kostenlos.<\/p>\n<ul>\n<li><strong>Express-Lieferung<\/strong><\/li>\n<\/ul>\n<p>Wenn Sie Ihre Produkte schneller erhalten m\u00f6chten, bieten wir eine Express-Lieferoption an. Um diese in Anspruch zu nehmen, geben Sie dies einfach beim Kauf im Kommentarbereich Ihrer Bestellung an. Bitte beachten Sie, dass f\u00fcr die Expresslieferung ein Zuschlag erhoben wird. Die H\u00f6he dieses Zuschlags h\u00e4ngt von der gew\u00fcnschten Lieferzeit ab.<\/p>\n<ul>\n<li><strong>Lieferfristen<\/strong><\/li>\n<\/ul>\n<p>Bei unseren Standardsendungen k\u00f6nnen Sie damit rechnen, dass Sie Ihre Bestellung innerhalb von 1 bis 3 Werktagen erhalten. Wir wissen, wie wichtig es ist, Ihre Produkte schnell zu erhalten, und arbeiten eng mit dem Unternehmen Post Schweiz zusammen, um Ihnen zuverl\u00e4ssige Lieferzeiten zu garantieren.<\/p>\n<ul>\n<li><strong>Sendungen Via Post Schweiz<\/strong><\/li>\n<\/ul>\n<p>Wir haben uns daf\u00fcr entschieden, die Zustellung Ihrer Pakete dem vertrauensw\u00fcrdigen Unternehmen Post Schweiz anzuvertrauen. Dank ihres Fachwissens und ihres Vertriebsnetzes k\u00f6nnen wir Ihnen einen qualitativ hochwertigen Service bieten und sicherstellen, dass Ihre Bestellungen in einwandfreiem Zustand und innerhalb der vereinbarten Fristen bei Ihnen ankommen.<\/p>\n<p>Wir sind bestrebt, Ihnen klare Informationen zu liefern und Ihnen den bestm\u00f6glichen Service zu bieten. Wenn Sie Fragen oder Bedenken bez\u00fcglich der Lieferung Ihrer Bestellung haben, z\u00f6gern Sie bitte nicht, uns zu kontaktieren. Ihre Zufriedenheit ist unsere oberste Priorit\u00e4t.<\/p>\n<p>Vielen Dank, dass Sie Swisshookah bei Ihrem Online-Einkauf vertrauen.<\/p>\n<p><\/p>\t\t\t\t\t\t\t\t<\/div>\n\t\t\t\t<\/div>\n\t\t\t\t\t<\/div>\n\t\t\t\t<\/div>\n\t\t<div class=\"elementor-element elementor-element-408c09b e-flex e-con-boxed e-con e-parent\" data-id=\"408c09b\" data-element_type=\"container\">\n\t\t\t\t\t<div class=\"e-con-inner\">\n\t\t<div class=\"elementor-element elementor-element-2bbc13b e-con-full e-flex e-con e-child\" data-id=\"2bbc13b\" data-element_type=\"container\">\n\t\t\t\t<div class=\"elementor-element elementor-element-1182cdf elementor-view-default elementor-widget elementor-widget-icon\" data-id=\"1182cdf\" data-element_type=\"widget\" data-widget_type=\"icon.default\">\n\t\t\t\t<div class=\"elementor-widget-container\">\n\t\t\t\t\t\t\t<div class=\"elementor-icon-wrapper\">\n\t\t\t<div class=\"elementor-icon\">\n\t\t\t<i aria-hidden=\"true\" class=\"fas fa-chalkboard-teacher\"><\/i>\t\t\t<\/div>\n\t\t<\/div>\n\t\t\t\t\t\t<\/div>\n\t\t\t\t<\/div>\n\t\t\t\t<\/div>\n\t\t<div class=\"elementor-element elementor-element-28c5aa8 e-con-full e-flex e-con e-child\" data-id=\"28c5aa8\" data-element_type=\"container\">\n\t\t\t\t<div class=\"elementor-element elementor-element-bf34166 elementor-view-default elementor-widget elementor-widget-icon\" data-id=\"bf34166\" data-element_type=\"widget\" data-widget_type=\"icon.default\">\n\t\t\t\t<div class=\"elementor-widget-container\">\n\t\t\t\t\t\t\t<div class=\"elementor-icon-wrapper\">\n\t\t\t<div class=\"elementor-icon\">\n\t\t\t<i aria-hidden=\"true\" class=\"fas fa-cart-arrow-down\"><\/i>\t\t\t<\/div>\n\t\t<\/div>\n\t\t\t\t\t\t<\/div>\n\t\t\t\t<\/div>\n\t\t\t\t<\/div>\n\t\t<div class=\"elementor-element elementor-element-5b83029 e-con-full e-flex e-con e-child\" data-id=\"5b83029\" data-element_type=\"container\">\n\t\t\t\t<div class=\"elementor-element elementor-element-4a137c1 elementor-view-default elementor-widget elementor-widget-icon\" data-id=\"4a137c1\" data-element_type=\"widget\" data-widget_type=\"icon.default\">\n\t\t\t\t<div class=\"elementor-widget-container\">\n\t\t\t\t\t\t\t<div class=\"elementor-icon-wrapper\">\n\t\t\t<div class=\"elementor-icon\">\n\t\t\t<i aria-hidden=\"true\" class=\"fas fa-box\"><\/i>\t\t\t<\/div>\n\t\t<\/div>\n\t\t\t\t\t\t<\/div>\n\t\t\t\t<\/div>\n\t\t\t\t<\/div>\n\t\t<div class=\"elementor-element elementor-element-f292257 e-con-full e-flex e-con e-child\" data-id=\"f292257\" data-element_type=\"container\">\n\t\t\t\t<div class=\"elementor-element elementor-element-23c44d2 elementor-view-default elementor-widget elementor-widget-icon\" data-id=\"23c44d2\" data-element_type=\"widget\" data-widget_type=\"icon.default\">\n\t\t\t\t<div class=\"elementor-widget-container\">\n\t\t\t\t\t\t\t<div class=\"elementor-icon-wrapper\">\n\t\t\t<div class=\"elementor-icon\">\n\t\t\t<i aria-hidden=\"true\" class=\"fas fa-truck-moving\"><\/i>\t\t\t<\/div>\n\t\t<\/div>\n\t\t\t\t\t\t<\/div>\n\t\t\t\t<\/div>\n\t\t\t\t<\/div>\n\t\t\t\t\t<\/div>\n\t\t\t\t<\/div>\n\t\t\t\t<\/div>","protected":false},"excerpt":{"rendered":"<p>livraison Livraison de Vos Commandes Chez Swisshookah, nous sommes d\u00e9termin\u00e9s \u00e0 offrir \u00e0 nos clients une exp\u00e9rience d&rsquo;achat fluide et pratique. Cela inclut des options de livraison flexibles pour r\u00e9pondre \u00e0 vos besoins. Frais d&rsquo;Exp\u00e9dition Les frais d&rsquo;exp\u00e9dition sont simples : 8.50 CHF pour toutes les commandes en dessous de 49 CHF. Cependant, nous avons [&hellip;]<\/p>","protected":false},"author":1,"featured_media":0,"parent":0,"menu_order":0,"comment_status":"closed","ping_status":"closed","template":"elementor_header_footer","meta":{"om_disable_all_campaigns":false,"_monsterinsights_skip_tracking":false,"_monsterinsights_sitenote_active":false,"_monsterinsights_sitenote_note":"","_monsterinsights_sitenote_category":0,"footnotes":""},"class_list":["post-1640","page","type-page","status-publish","hentry"],"aioseo_notices":[],"jetpack_sharing_enabled":true,"_links":{"self":[{"href":"https:\/\/swiss-hookah.ch\/de\/wp-json\/wp\/v2\/pages\/1640","targetHints":{"allow":["GET"]}}],"collection":[{"href":"https:\/\/swiss-hookah.ch\/de\/wp-json\/wp\/v2\/pages"}],"about":[{"href":"https:\/\/swiss-hookah.ch\/de\/wp-json\/wp\/v2\/types\/page"}],"author":[{"embeddable":true,"href":"https:\/\/swiss-hookah.ch\/de\/wp-json\/wp\/v2\/users\/1"}],"replies":[{"embeddable":true,"href":"https:\/\/swiss-hookah.ch\/de\/wp-json\/wp\/v2\/comments?post=1640"}],"version-history":[{"count":7,"href":"https:\/\/swiss-hookah.ch\/de\/wp-json\/wp\/v2\/pages\/1640\/revisions"}],"predecessor-version":[{"id":3084,"href":"https:\/\/swiss-hookah.ch\/de\/wp-json\/wp\/v2\/pages\/1640\/revisions\/3084"}],"wp:attachment":[{"href":"https:\/\/swiss-hookah.ch\/de\/wp-json\/wp\/v2\/media?parent=1640"}],"curies":[{"name":"wp","href":"https:\/\/api.w.org\/{rel}","templated":true}]}}